{"id":3867,"date":"2025-10-24T20:29:27","date_gmt":"2025-10-24T18:29:27","guid":{"rendered":"https:\/\/atelierdessoufflants.shop\/?post_type=product&#038;p=3867"},"modified":"2026-04-12T12:14:52","modified_gmt":"2026-04-12T10:14:52","slug":"cornet-a-pistons-conn-director-cornet-long-japan-made","status":"publish","type":"product","link":"https:\/\/atelierdessoufflants.com\/index.php\/produit\/cornet-a-pistons-conn-director-cornet-long-japan-made\/","title":{"rendered":"Cornet \u00e0 pistons CONN Director (cornet long) [Japan made]"},"content":{"rendered":"<p>GAMME : \u00e9tude<br \/>\nANN\u00c9E : 1971<br \/>\nN\u00b0s\u00e9rie : P 62XXX<\/p>\n<p>&nbsp;<\/p>\n<p>Cornet long Conn mod\u00e8le \u00ab\u00a0director\u00a0\u00bb, instrument 3 pistons en Bb, , tr\u00e8s bon \u00e9tat g\u00e9n\u00e9ral<br \/>\nparfait pour l&rsquo;apprentissage de la trompette.<br \/>\ncoulisse piston 3 mobile<br \/>\ncl\u00e9 d&rsquo;eau sur branche g\u00e9n\u00e9rale et coulisse 3<br \/>\naucuns chocs ou bosses<br \/>\ndiverses imperfections mineures sur le vernis<br \/>\nmarque US mais fabrication japonaise de qualit\u00e9<\/p>\n<p>vendu avec \u00e9tuis d&rsquo;origine et embouchure bach 1,5c et huile piston<\/p>\n<p><strong>\u00a0GARANTIE 1 AN<\/strong><\/p>\n","protected":false},"excerpt":{"rendered":"<p>Cornet d&rsquo;\u00e9tude long en Bb, fabrication japonaise, tr\u00e8s bon \u00e9tat g\u00e9n\u00e9ral<\/p>\n","protected":false},"featured_media":3868,"template":"","meta":[],"product_brand":[],"product_cat":[17,98,38,47],"product_tag":[],"class_list":{"0":"post-3867","1":"product","2":"type-product","3":"status-publish","4":"has-post-thumbnail","6":"product_cat-occasions","7":"product_cat-trompettes-occasion-vendu","8":"product_cat-trompettes-cornets-bugle","9":"product_cat-ventes","11":"first","12":"outofstock","13":"sold-individually","14":"shipping-taxable","15":"product-type-simple"},"_links":{"self":[{"href":"https:\/\/atelierdessoufflants.com\/index.php\/wp-json\/wp\/v2\/product\/3867","targetHints":{"allow":["GET"]}}],"collection":[{"href":"https:\/\/atelierdessoufflants.com\/index.php\/wp-json\/wp\/v2\/product"}],"about":[{"href":"https:\/\/atelierdessoufflants.com\/index.php\/wp-json\/wp\/v2\/types\/product"}],"wp:featuredmedia":[{"embeddable":true,"href":"https:\/\/atelierdessoufflants.com\/index.php\/wp-json\/wp\/v2\/media\/3868"}],"wp:attachment":[{"href":"https:\/\/atelierdessoufflants.com\/index.php\/wp-json\/wp\/v2\/media?parent=3867"}],"wp:term":[{"taxonomy":"product_brand","embeddable":true,"href":"https:\/\/atelierdessoufflants.com\/index.php\/wp-json\/wp\/v2\/product_brand?post=3867"},{"taxonomy":"product_cat","embeddable":true,"href":"https:\/\/atelierdessoufflants.com\/index.php\/wp-json\/wp\/v2\/product_cat?post=3867"},{"taxonomy":"product_tag","embeddable":true,"href":"https:\/\/atelierdessoufflants.com\/index.php\/wp-json\/wp\/v2\/product_tag?post=3867"}],"curies":[{"name":"wp","href":"https:\/\/api.w.org\/{rel}","templated":true}]}}