{"id":385,"date":"2025-04-16T11:23:13","date_gmt":"2025-04-16T09:23:13","guid":{"rendered":"http:\/\/libre.etche.net\/?post_type=product&#038;p=385"},"modified":"2025-10-19T17:02:29","modified_gmt":"2025-10-19T15:02:29","slug":"trombone-olds-complet-nr25-open-wrap-etat-neuf","status":"publish","type":"product","link":"https:\/\/atelierdessoufflants.com\/index.php\/produit\/trombone-olds-complet-nr25-open-wrap-etat-neuf\/","title":{"rendered":"TROMBONE OLDS COMPLET NR25 [USA MADE, OPEN WRAP, \u00c9TAT NEUF!!]"},"content":{"rendered":"<p><strong>GAMME : PRO<\/strong><br \/>\n<strong>ANNEE : 1990-2000<\/strong><br \/>\n<strong>N\u00b0serie : 515668<\/strong><\/p>\n<p>Trombone complet Mod\u00e8le PRO de la marque OLDS (O OLDS)<\/p>\n<p>mod\u00e8le NR25 finition vernis et nickel\u00e9<\/p>\n<p>p\u00e9riode OLDS\u00a0 post usine Fullerton Californie fabrication ELKART (indiana USA) probablement par l&rsquo;usine BLESSING.<\/p>\n<p>instrument type BACH 42BO<\/p>\n<p>circuit de FA ouvert (OPEN WRAP)<\/p>\n<p>pavillon 216 mm<\/p>\n<p>perce L : 13,9mm<\/p>\n<p>avec barillet et m\u00e9canique standard (Bach)<\/p>\n<p>instrument \u00e9tat neuf sauf une l\u00e9g\u00e8re unique trace d&rsquo;une petite bosses r\u00e9par\u00e9e<\/p>\n<p>n&rsquo;a quasiment jamais servi<\/p>\n<p>avec fly caisse d&rsquo;origine + embouchure neuve GEWA 6, 5 AL-L + huile rapid confort<\/p>\n<p>&nbsp;<\/p>\n<p><strong>GARANTIE 1 AN<\/strong><\/p>\n<p><strong>Valeur neuf\u00a0 \u00e9quivalent environ 4000 euros<\/strong><\/p>\n","protected":false},"excerpt":{"rendered":"<p>fabrication USA, tr\u00e8s bel \u00e9tat proche du neuf<\/p>\n","protected":false},"featured_media":1617,"template":"","meta":[],"product_brand":[],"product_cat":[17,31],"product_tag":[],"class_list":{"0":"post-385","1":"product","2":"type-product","3":"status-publish","4":"has-post-thumbnail","6":"product_cat-occasions","7":"product_cat-trombones","9":"first","10":"instock","11":"sold-individually","12":"shipping-taxable","13":"purchasable","14":"product-type-simple"},"_links":{"self":[{"href":"https:\/\/atelierdessoufflants.com\/index.php\/wp-json\/wp\/v2\/product\/385","targetHints":{"allow":["GET"]}}],"collection":[{"href":"https:\/\/atelierdessoufflants.com\/index.php\/wp-json\/wp\/v2\/product"}],"about":[{"href":"https:\/\/atelierdessoufflants.com\/index.php\/wp-json\/wp\/v2\/types\/product"}],"wp:featuredmedia":[{"embeddable":true,"href":"https:\/\/atelierdessoufflants.com\/index.php\/wp-json\/wp\/v2\/media\/1617"}],"wp:attachment":[{"href":"https:\/\/atelierdessoufflants.com\/index.php\/wp-json\/wp\/v2\/media?parent=385"}],"wp:term":[{"taxonomy":"product_brand","embeddable":true,"href":"https:\/\/atelierdessoufflants.com\/index.php\/wp-json\/wp\/v2\/product_brand?post=385"},{"taxonomy":"product_cat","embeddable":true,"href":"https:\/\/atelierdessoufflants.com\/index.php\/wp-json\/wp\/v2\/product_cat?post=385"},{"taxonomy":"product_tag","embeddable":true,"href":"https:\/\/atelierdessoufflants.com\/index.php\/wp-json\/wp\/v2\/product_tag?post=385"}],"curies":[{"name":"wp","href":"https:\/\/api.w.org\/{rel}","templated":true}]}}