{"id":3843,"date":"2025-10-24T20:21:48","date_gmt":"2025-10-24T18:21:48","guid":{"rendered":"https:\/\/atelierdessoufflants.shop\/?post_type=product&#038;p=3843"},"modified":"2025-10-24T20:23:50","modified_gmt":"2025-10-24T18:23:50","slug":"sousaphone-king-2350-bb","status":"publish","type":"product","link":"https:\/\/atelierdessoufflants.com\/index.php\/produit\/sousaphone-king-2350-bb\/","title":{"rendered":"KING 2350 SOUSAPHONE Bb [avec housse sac \u00e0 dos, embouchure et tuning-bit neuf]"},"content":{"rendered":"<p><strong>GAMME : Pro<\/strong><br \/>\n<strong>ANN\u00c9E : <\/strong><br \/>\n<strong>N\u00b0s\u00e9rie :<\/strong><\/p>\n<p>Sousaphone en vitrine \u00e0 l&rsquo;atelier, enti\u00e8rement r\u00e9vis\u00e9: feutres, cl\u00e9 d&rsquo;eau, ressorts, graissage complet. En parfait \u00e9tat de marche.<br \/>\naucun choc majeur, imperfections. Manque\u00a0 de vernis \u00e0 divers endroits mais rien de bien m\u00e9chant pour un sousa.\u00a0 un tr\u00e8s bon instrument aux attaques faciles.<br \/>\nvendu avec \u00e9tuis sac a dos neuf + embouchure neuve GEWA 25, avec paire de tunning beat King neuf<\/p>\n<p><strong> GARANTIE 1 AN<\/strong><\/p>\n","protected":false},"excerpt":{"rendered":"<p>Sousaphone am\u00e9ricain, une r\u00e9f\u00e9rence dans sa cat\u00e9gorie made in USA<\/p>\n","protected":false},"featured_media":3850,"template":"","meta":[],"product_brand":[],"product_cat":[17,30,47],"product_tag":[],"class_list":{"0":"post-3843","1":"product","2":"type-product","3":"status-publish","4":"has-post-thumbnail","6":"product_cat-occasions","7":"product_cat-sousaphones","8":"product_cat-ventes","10":"first","11":"outofstock","12":"sold-individually","13":"shipping-taxable","14":"product-type-simple"},"_links":{"self":[{"href":"https:\/\/atelierdessoufflants.com\/index.php\/wp-json\/wp\/v2\/product\/3843","targetHints":{"allow":["GET"]}}],"collection":[{"href":"https:\/\/atelierdessoufflants.com\/index.php\/wp-json\/wp\/v2\/product"}],"about":[{"href":"https:\/\/atelierdessoufflants.com\/index.php\/wp-json\/wp\/v2\/types\/product"}],"wp:featuredmedia":[{"embeddable":true,"href":"https:\/\/atelierdessoufflants.com\/index.php\/wp-json\/wp\/v2\/media\/3850"}],"wp:attachment":[{"href":"https:\/\/atelierdessoufflants.com\/index.php\/wp-json\/wp\/v2\/media?parent=3843"}],"wp:term":[{"taxonomy":"product_brand","embeddable":true,"href":"https:\/\/atelierdessoufflants.com\/index.php\/wp-json\/wp\/v2\/product_brand?post=3843"},{"taxonomy":"product_cat","embeddable":true,"href":"https:\/\/atelierdessoufflants.com\/index.php\/wp-json\/wp\/v2\/product_cat?post=3843"},{"taxonomy":"product_tag","embeddable":true,"href":"https:\/\/atelierdessoufflants.com\/index.php\/wp-json\/wp\/v2\/product_tag?post=3843"}],"curies":[{"name":"wp","href":"https:\/\/api.w.org\/{rel}","templated":true}]}}