{"id":3832,"date":"2025-10-24T20:16:06","date_gmt":"2025-10-24T18:16:06","guid":{"rendered":"https:\/\/atelierdessoufflants.shop\/?post_type=product&#038;p=3832"},"modified":"2025-10-24T20:16:06","modified_gmt":"2025-10-24T18:16:06","slug":"marching-trombone-blessing-artist-model-flugabone-tres-bon-modele-ultra-compact-et-son-ouvert","status":"publish","type":"product","link":"https:\/\/atelierdessoufflants.com\/index.php\/produit\/marching-trombone-blessing-artist-model-flugabone-tres-bon-modele-ultra-compact-et-son-ouvert\/","title":{"rendered":"marching trombone BLESSING \u00a0\u00bbArtist model\u00a0\u00bb FLUGABONE [tr\u00e8s bon mod\u00e8le ultra Compact et son ouvert]"},"content":{"rendered":"<p><strong>GAMME:PRO<br \/>\nANN\u00c9E:<br \/>\nN\u00b0S\u00e9rie: 05XXX<\/p>\n<p><\/strong>Marching trombone (Flugabone) Blessing Bb \u00ab\u00a0Artist Model\u00a0\u00bb<br \/>\n3 pistons, finition vernis<strong><br \/>\n<\/strong>fabrication USA Elkhart (Indiana)<strong><br \/>\n<\/strong>Pistonnage\u00a0 monel tr\u00e8s souple et fluide, taquets piston plastique (pas de bruit)ressorts gain\u00e9s (pas de bruit).<br \/>\nTr\u00e8s bonne compression, instrument juste et d&rsquo;une \u00e9mission assez facile et homog\u00e8ne ce qui n&rsquo;est pas le cas de tous les marching.<br \/>\nr\u00e9visions ok<strong>.<\/p>\n<p>garantie 1 an<\/strong><\/p>\n","protected":false},"excerpt":{"rendered":"<p>Trombone \u00e0 pistons fabrication USA Elkhart, tonalit\u00e9 Bb, finition vernis, bonne \u00e9mission et bonne justesse.<\/p>\n","protected":false},"featured_media":3836,"template":"","meta":[],"product_brand":[],"product_cat":[17,31,47],"product_tag":[],"class_list":{"0":"post-3832","1":"product","2":"type-product","3":"status-publish","4":"has-post-thumbnail","6":"product_cat-occasions","7":"product_cat-trombones","8":"product_cat-ventes","10":"first","11":"outofstock","12":"sold-individually","13":"shipping-taxable","14":"product-type-simple"},"_links":{"self":[{"href":"https:\/\/atelierdessoufflants.com\/index.php\/wp-json\/wp\/v2\/product\/3832","targetHints":{"allow":["GET"]}}],"collection":[{"href":"https:\/\/atelierdessoufflants.com\/index.php\/wp-json\/wp\/v2\/product"}],"about":[{"href":"https:\/\/atelierdessoufflants.com\/index.php\/wp-json\/wp\/v2\/types\/product"}],"wp:featuredmedia":[{"embeddable":true,"href":"https:\/\/atelierdessoufflants.com\/index.php\/wp-json\/wp\/v2\/media\/3836"}],"wp:attachment":[{"href":"https:\/\/atelierdessoufflants.com\/index.php\/wp-json\/wp\/v2\/media?parent=3832"}],"wp:term":[{"taxonomy":"product_brand","embeddable":true,"href":"https:\/\/atelierdessoufflants.com\/index.php\/wp-json\/wp\/v2\/product_brand?post=3832"},{"taxonomy":"product_cat","embeddable":true,"href":"https:\/\/atelierdessoufflants.com\/index.php\/wp-json\/wp\/v2\/product_cat?post=3832"},{"taxonomy":"product_tag","embeddable":true,"href":"https:\/\/atelierdessoufflants.com\/index.php\/wp-json\/wp\/v2\/product_tag?post=3832"}],"curies":[{"name":"wp","href":"https:\/\/api.w.org\/{rel}","templated":true}]}}