{"id":3690,"date":"2025-10-24T19:45:40","date_gmt":"2025-10-24T17:45:40","guid":{"rendered":"https:\/\/atelierdessoufflants.shop\/?post_type=product&#038;p=3690"},"modified":"2025-10-24T20:00:29","modified_gmt":"2025-10-24T18:00:29","slug":"promotrombone-yamaha-ysl446g-complet-etat-quasi-neuf-tbe","status":"publish","type":"product","link":"https:\/\/atelierdessoufflants.com\/index.php\/produit\/promotrombone-yamaha-ysl446g-complet-etat-quasi-neuf-tbe\/","title":{"rendered":"[PROMO]Trombone YAMAHA YSL446G [complet &#8211; \u00e9tat quasi neuf TBE]"},"content":{"rendered":"<p>GAMME : interm\u00e9diaire<br \/>\nANN\u00c9E : 2017<br \/>\nN\u00b0s\u00e9rie : 419XXX<\/p>\n<p>mod\u00e8le d&rsquo;occasion en tr\u00e8s bel \u00e9tat \u00e9tat (tr\u00e8s tr\u00e8s peu jou\u00e9) sauf de quelques petites rayures sur le pavillon voir photos<br \/>\nParfait \u00e9tat de marche<\/p>\n<p>vendu avec embouchure GEWA CUP 6 1\/2 AL-S<\/p>\n<p>La s\u00e9rie 400 des trombones Yamaha se distingue par une sonorit\u00e9 d&rsquo;une grande richesse harmonique, un \u00e9quilibre parfait dans tous les registres et une m\u00e9canique souple et fiable. Des caract\u00e9ristiques professionnelles dans une gamme de prix qui ne l&rsquo;est pas ! Le pavillon et la perce adoptent la taille des mod\u00e8les professionnels et l&rsquo;assemblage manuel t\u00e9moigne du soin apport\u00e9 \u00e0 la fabrication. Tous les mod\u00e8les profitent d&rsquo;un pavillon de 214.4 mm en cuivre rose de premier choix ce qui permet d&rsquo;obtenir un son chaud et riche, apte \u00e0 remplir une salle de concert. La justesse parfaite alli\u00e9e \u00e0 l&rsquo;action douce et rapide de la coulisse apportent un grand confort de jeu au musicien. Le mod\u00e8le YSL-446GE les m\u00eames caract\u00e9ristiques que le mod\u00e8le YSL 448GE avec une perce r\u00e9duite \u00e0 13.34mm qui lui conf\u00e8re une plus grande facilit\u00e9 de jeu mais un son un peu moins large. Il conviendra plus volontiers au musicien d\u00e9sirant r\u00e9duire ou limiter les efforts n\u00e9cessaires \u00e0 l&rsquo;utilisation d&rsquo;une grosse perce .<\/p>\n<p>Trombone T\u00e9nor en Sib\/Fa<br \/>\nPavillon en cuivre rose<br \/>\nPavillon : 214.4mm<br \/>\nPerce ML : 13.34mm<br \/>\nCoulisse ext\u00e9rieure en maillechort (meilleure r\u00e9sistance \u00e0 la corrosion)<br \/>\nFinition : verni Epoxy<br \/>\n\u00c9tui compact ABS<\/p>\n<p>INFOS FABRICANT:<br \/>\n<a href=\"https:\/\/fr.yamaha.com\/fr\/products\/musical_instruments\/winds\/trombones\/ysl-448g_446g\/index.html\">https:\/\/fr.yamaha.com\/fr\/products\/musical_instruments\/winds\/trombones\/ysl-448g_446g\/index.html<\/a><\/p>\n<p><strong>GARANTIE 1 AN<\/strong><\/p>\n","protected":false},"excerpt":{"rendered":"<p>mod\u00e8le complet, perce ML, tr\u00e8s bel \u00e9tat<\/p>\n","protected":false},"featured_media":3698,"template":"","meta":[],"product_brand":[],"product_cat":[17,31,47],"product_tag":[],"class_list":{"0":"post-3690","1":"product","2":"type-product","3":"status-publish","4":"has-post-thumbnail","6":"product_cat-occasions","7":"product_cat-trombones","8":"product_cat-ventes","10":"first","11":"outofstock","12":"sold-individually","13":"shipping-taxable","14":"product-type-simple"},"_links":{"self":[{"href":"https:\/\/atelierdessoufflants.com\/index.php\/wp-json\/wp\/v2\/product\/3690","targetHints":{"allow":["GET"]}}],"collection":[{"href":"https:\/\/atelierdessoufflants.com\/index.php\/wp-json\/wp\/v2\/product"}],"about":[{"href":"https:\/\/atelierdessoufflants.com\/index.php\/wp-json\/wp\/v2\/types\/product"}],"wp:featuredmedia":[{"embeddable":true,"href":"https:\/\/atelierdessoufflants.com\/index.php\/wp-json\/wp\/v2\/media\/3698"}],"wp:attachment":[{"href":"https:\/\/atelierdessoufflants.com\/index.php\/wp-json\/wp\/v2\/media?parent=3690"}],"wp:term":[{"taxonomy":"product_brand","embeddable":true,"href":"https:\/\/atelierdessoufflants.com\/index.php\/wp-json\/wp\/v2\/product_brand?post=3690"},{"taxonomy":"product_cat","embeddable":true,"href":"https:\/\/atelierdessoufflants.com\/index.php\/wp-json\/wp\/v2\/product_cat?post=3690"},{"taxonomy":"product_tag","embeddable":true,"href":"https:\/\/atelierdessoufflants.com\/index.php\/wp-json\/wp\/v2\/product_tag?post=3690"}],"curies":[{"name":"wp","href":"https:\/\/api.w.org\/{rel}","templated":true}]}}