{"id":3668,"date":"2025-10-24T19:42:50","date_gmt":"2025-10-24T17:42:50","guid":{"rendered":"https:\/\/atelierdessoufflants.shop\/?post_type=product&#038;p=3668"},"modified":"2025-10-25T18:08:42","modified_gmt":"2025-10-25T16:08:42","slug":"clarinette-metal-cavalier-usa-fabrication-c-g-conn-tampons-cuir-neuf-housse-souple-neuve","status":"publish","type":"product","link":"https:\/\/atelierdessoufflants.com\/index.php\/produit\/clarinette-metal-cavalier-usa-fabrication-c-g-conn-tampons-cuir-neuf-housse-souple-neuve\/","title":{"rendered":"clarinette m\u00e9tal CAVALIER (USA) fabrication C.G CONN [TAMPONS CUIR NEUF &#038; HOUSSE SOUPLE NEUVE ]"},"content":{"rendered":"<p>GAMME : interm\u00e9diaire<br \/>\nANN\u00c9E : ann\u00e9es 30&rsquo;s<br \/>\nN\u00b0s\u00e9rie : 23XXX<\/p>\n<p>clarinette m\u00e9tal argent\u00e9, syst\u00e8me boehm, fabriqu\u00e9e par C.G CONN\u00a0 \u00e0 Elkhart indianna USA dans les ann\u00e9es 1930.<br \/>\nen Bb, Low Pitch (440 Hz)<br \/>\nparfait \u00e9tat de marche<br \/>\nEnti\u00e8rement re-tamponn\u00e9e tampons cuir blanc, garnitures, ressort chang\u00e9s,<br \/>\ntraces d&rsquo;usure sur l&rsquo;argenture, piqu\u00e9e \u00e0 de nombreux endroits<br \/>\nBelle sonorit\u00e9, assez chaude pour une m\u00e9tal<\/p>\n<p>vendue avec housse souple de transport et bec d&rsquo;\u00e9poque<\/p>\n<p><strong>GARANTIE 1 AN<\/strong><\/p>\n","protected":false},"excerpt":{"rendered":"<p>clarinette m\u00e9tal Cavalier fabrication USA, tampons et ressorts neuf<\/p>\n","protected":false},"featured_media":3759,"template":"","meta":[],"product_brand":[73],"product_cat":[36,70,17,47],"product_tag":[],"class_list":{"0":"post-3668","1":"product","2":"type-product","3":"status-publish","4":"has-post-thumbnail","6":"product_brand-cg-conn","7":"product_cat-clarinettes","8":"product_cat-clarinettes-occasion-vendu","9":"product_cat-occasions","10":"product_cat-ventes","12":"first","13":"outofstock","14":"sold-individually","15":"shipping-taxable","16":"product-type-simple"},"_links":{"self":[{"href":"https:\/\/atelierdessoufflants.com\/index.php\/wp-json\/wp\/v2\/product\/3668","targetHints":{"allow":["GET"]}}],"collection":[{"href":"https:\/\/atelierdessoufflants.com\/index.php\/wp-json\/wp\/v2\/product"}],"about":[{"href":"https:\/\/atelierdessoufflants.com\/index.php\/wp-json\/wp\/v2\/types\/product"}],"wp:featuredmedia":[{"embeddable":true,"href":"https:\/\/atelierdessoufflants.com\/index.php\/wp-json\/wp\/v2\/media\/3759"}],"wp:attachment":[{"href":"https:\/\/atelierdessoufflants.com\/index.php\/wp-json\/wp\/v2\/media?parent=3668"}],"wp:term":[{"taxonomy":"product_brand","embeddable":true,"href":"https:\/\/atelierdessoufflants.com\/index.php\/wp-json\/wp\/v2\/product_brand?post=3668"},{"taxonomy":"product_cat","embeddable":true,"href":"https:\/\/atelierdessoufflants.com\/index.php\/wp-json\/wp\/v2\/product_cat?post=3668"},{"taxonomy":"product_tag","embeddable":true,"href":"https:\/\/atelierdessoufflants.com\/index.php\/wp-json\/wp\/v2\/product_tag?post=3668"}],"curies":[{"name":"wp","href":"https:\/\/api.w.org\/{rel}","templated":true}]}}