{"id":3656,"date":"2025-10-24T19:41:38","date_gmt":"2025-10-24T17:41:38","guid":{"rendered":"https:\/\/atelierdessoufflants.shop\/?post_type=product&#038;p=3656"},"modified":"2025-10-24T20:42:05","modified_gmt":"2025-10-24T18:42:05","slug":"flute-trevor-james-cantabile-tete-argent-massif-cletage-en-ligne-plateaux-creux-mecanique-et-tampons-ok","status":"publish","type":"product","link":"https:\/\/atelierdessoufflants.com\/index.php\/produit\/flute-trevor-james-cantabile-tete-argent-massif-cletage-en-ligne-plateaux-creux-mecanique-et-tampons-ok\/","title":{"rendered":"fl\u00fbte trevor james \u00a0\u00bbCantabile\u00a0\u00bb [t\u00eate argent massif, cl\u00e9tage en ligne, plateaux creux, m\u00e9canique et tampons OK]"},"content":{"rendered":"<p>GAMME : semi-pro<br \/>\nANN\u00c9E :<br \/>\nN\u00b0s\u00e9rie : P12XXX<\/p>\n<p>t\u00eate Argent massif 925<br \/>\ncorps maillechort argent\u00e9<br \/>\nplateaux creux, cl\u00e9tage en ligne<br \/>\nenti\u00e8rement r\u00e9vis\u00e9 et contr\u00f4l\u00e9 \u00e0 l&rsquo;atelier<br \/>\nUne fl\u00fbte qui s\u00e9duira plut\u00f4t les fl\u00fbtistes confirm\u00e9s<\/p>\n<p>t\u00eate argent massif 925:<br \/>\nLes plaques et les noyaux des t\u00eates de fl\u00fbtes traversi\u00e8res sont g\u00e9n\u00e9ralement<br \/>\nfabriqu\u00e9s s\u00e9par\u00e9ment puis soud\u00e9s l&rsquo;un \u00e0 l&rsquo;autre. La plaque et le noyau de<br \/>\nla t\u00eate \u00ab Voce \u00bb sont fabriqu\u00e9s d&rsquo;une seule pi\u00e8ce puis soud\u00e9s \u00e0 la t\u00eate<br \/>\nde fl\u00fbte. Ce nouveau processus de fabrication a pour but de favoriser<br \/>\nl&rsquo;expression du son en limitant les interf\u00e9rences et les sons parasites.<\/p>\n<p><span class=\"VIiyi\" lang=\"fr\"><span class=\"JLqJ4b\" data-language-for-alternatives=\"fr\" data-language-to-translate-into=\"en\" data-phrase-index=\"0\" data-number-of-phrases=\"1\">Con\u00e7u \u00e0 l&rsquo;origine et introduit sur les march\u00e9s de la musique du monde par M. Trevor James (en Angleterre \u00e0 Lenham ) au d\u00e9but des ann\u00e9es 1980. 42 ans pus tard, les fl\u00fbtes TJ sont aujourd&rsquo;hui consid\u00e9r\u00e9es comme l&rsquo;une des marques les plus <\/span><\/span><\/p>\n<p><strong> GARANTIE 1 AN<\/strong><\/p>\n","protected":false},"excerpt":{"rendered":"<p>une marque anglaise de grande qualit\u00e9, mod\u00e8le t\u00eate argent massif<\/p>\n","protected":false},"featured_media":3662,"template":"","meta":[],"product_brand":[],"product_cat":[35,17,47],"product_tag":[],"class_list":{"0":"post-3656","1":"product","2":"type-product","3":"status-publish","4":"has-post-thumbnail","6":"product_cat-flutes-traversieres","7":"product_cat-occasions","8":"product_cat-ventes","10":"first","11":"outofstock","12":"sold-individually","13":"shipping-taxable","14":"product-type-simple"},"_links":{"self":[{"href":"https:\/\/atelierdessoufflants.com\/index.php\/wp-json\/wp\/v2\/product\/3656","targetHints":{"allow":["GET"]}}],"collection":[{"href":"https:\/\/atelierdessoufflants.com\/index.php\/wp-json\/wp\/v2\/product"}],"about":[{"href":"https:\/\/atelierdessoufflants.com\/index.php\/wp-json\/wp\/v2\/types\/product"}],"wp:featuredmedia":[{"embeddable":true,"href":"https:\/\/atelierdessoufflants.com\/index.php\/wp-json\/wp\/v2\/media\/3662"}],"wp:attachment":[{"href":"https:\/\/atelierdessoufflants.com\/index.php\/wp-json\/wp\/v2\/media?parent=3656"}],"wp:term":[{"taxonomy":"product_brand","embeddable":true,"href":"https:\/\/atelierdessoufflants.com\/index.php\/wp-json\/wp\/v2\/product_brand?post=3656"},{"taxonomy":"product_cat","embeddable":true,"href":"https:\/\/atelierdessoufflants.com\/index.php\/wp-json\/wp\/v2\/product_cat?post=3656"},{"taxonomy":"product_tag","embeddable":true,"href":"https:\/\/atelierdessoufflants.com\/index.php\/wp-json\/wp\/v2\/product_tag?post=3656"}],"curies":[{"name":"wp","href":"https:\/\/api.w.org\/{rel}","templated":true}]}}