{"id":3651,"date":"2025-10-24T19:27:52","date_gmt":"2025-10-24T17:27:52","guid":{"rendered":"https:\/\/atelierdessoufflants.shop\/?post_type=product&#038;p=3651"},"modified":"2025-10-25T18:09:00","modified_gmt":"2025-10-25T16:09:00","slug":"clarinette-yamaha-ycl-250-etat-neuf-bec-etui-dorigine","status":"publish","type":"product","link":"https:\/\/atelierdessoufflants.com\/index.php\/produit\/clarinette-yamaha-ycl-250-etat-neuf-bec-etui-dorigine\/","title":{"rendered":"clarinette YAMAHA YCL-250 [ \u00c9TAT NEUF + BEC &#038; \u00c9TUI D&rsquo;ORIGINE]"},"content":{"rendered":"<p><strong>GAMME : \u00e9tude<\/strong><br \/>\n<strong>ANN\u00c9E : <\/strong><br \/>\n<strong>N\u00b0serie :K05XXX<\/strong><\/p>\n<p>Clarinette\u00a0 Yamaha YCL 250 (fabrication Indon\u00e9sie).<br \/>\nUne r\u00e9f\u00e9rence mondiale en mod\u00e8le d&rsquo;\u00e9tude en r\u00e9sine, moins fragile, n\u00e9cessitant moins d&rsquo;entretien et plus l\u00e9ger qu&rsquo;un mod\u00e8le en \u00e9b\u00e8ne, donc particuli\u00e8rement adapt\u00e9 aux enfants et \u00e0 l&rsquo;apprentissage en g\u00e9n\u00e9ral.<br \/>\nEnti\u00e8rement r\u00e9vis\u00e9, parfait \u00e9tat de marche.<br \/>\nJustesse et facilit\u00e9 d&rsquo;\u00e9mission<br \/>\ninstrument en \u00e9tat neuf, cl\u00e9tage nickel\u00e9, tampons mousse<\/p>\n<p><strong>GARANTIE 1 AN<\/strong><\/p>\n<p>&nbsp;<\/p>\n<p><iframe loading=\"lazy\" src=\"https:\/\/www.facebook.com\/plugins\/post.php?href=https%3A%2F%2Fwww.facebook.com%2Fatelierdessoufflants%2Fposts%2F1870057536536200&amp;show_text=true&amp;width=500\" width=\"500\" height=\"683\" frameborder=\"0\" scrolling=\"no\" allowfullscreen=\"allowfullscreen\"><\/iframe><\/p>\n","protected":false},"excerpt":{"rendered":"<p>GAMME : \u00e9tude ANN\u00c9E : N\u00b0serie :K05XXX Clarinette\u00a0 Yamaha YCL 250 (fabrication Indon\u00e9sie). Une r\u00e9f\u00e9rence mondiale en mod\u00e8le d&rsquo;\u00e9tude en r\u00e9sine, moins fragile, n\u00e9cessitant moins d&rsquo;entretien et plus l\u00e9ger qu&rsquo;un mod\u00e8le en \u00e9b\u00e8ne, donc particuli\u00e8rement adapt\u00e9 aux enfants et \u00e0 l&rsquo;apprentissage en g\u00e9n\u00e9ral. Enti\u00e8rement r\u00e9vis\u00e9, parfait \u00e9tat de marche. Justesse et facilit\u00e9 d&rsquo;\u00e9mission instrument en [&hellip;]<\/p>\n","protected":false},"featured_media":3654,"template":"","meta":[],"product_brand":[71],"product_cat":[36,70,17,47],"product_tag":[],"class_list":{"0":"post-3651","1":"product","2":"type-product","3":"status-publish","4":"has-post-thumbnail","6":"product_brand-yamaha","7":"product_cat-clarinettes","8":"product_cat-clarinettes-occasion-vendu","9":"product_cat-occasions","10":"product_cat-ventes","12":"first","13":"outofstock","14":"sold-individually","15":"shipping-taxable","16":"product-type-simple"},"_links":{"self":[{"href":"https:\/\/atelierdessoufflants.com\/index.php\/wp-json\/wp\/v2\/product\/3651","targetHints":{"allow":["GET"]}}],"collection":[{"href":"https:\/\/atelierdessoufflants.com\/index.php\/wp-json\/wp\/v2\/product"}],"about":[{"href":"https:\/\/atelierdessoufflants.com\/index.php\/wp-json\/wp\/v2\/types\/product"}],"wp:featuredmedia":[{"embeddable":true,"href":"https:\/\/atelierdessoufflants.com\/index.php\/wp-json\/wp\/v2\/media\/3654"}],"wp:attachment":[{"href":"https:\/\/atelierdessoufflants.com\/index.php\/wp-json\/wp\/v2\/media?parent=3651"}],"wp:term":[{"taxonomy":"product_brand","embeddable":true,"href":"https:\/\/atelierdessoufflants.com\/index.php\/wp-json\/wp\/v2\/product_brand?post=3651"},{"taxonomy":"product_cat","embeddable":true,"href":"https:\/\/atelierdessoufflants.com\/index.php\/wp-json\/wp\/v2\/product_cat?post=3651"},{"taxonomy":"product_tag","embeddable":true,"href":"https:\/\/atelierdessoufflants.com\/index.php\/wp-json\/wp\/v2\/product_tag?post=3651"}],"curies":[{"name":"wp","href":"https:\/\/api.w.org\/{rel}","templated":true}]}}