{"id":3650,"date":"2025-10-24T20:43:59","date_gmt":"2025-10-24T18:43:59","guid":{"rendered":"https:\/\/atelierdessoufflants.shop\/?post_type=product&#038;p=3650"},"modified":"2025-10-24T22:40:14","modified_gmt":"2025-10-24T20:40:14","slug":"muramatsu-ex-iii-rbe-flute-traversiere","status":"publish","type":"product","link":"https:\/\/atelierdessoufflants.com\/index.php\/produit\/muramatsu-ex-iii-rbe-flute-traversiere\/","title":{"rendered":"MURAMATSU EX III RBE FLUTE TRAVERSI\u00c8RE"},"content":{"rendered":"<p><strong>GAMME:Semi-Pro<br \/>\nANN\u00c9E:2011<br \/>\nN\u00b0S\u00c9RIE:65XXX<\/strong><\/p>\n<p>Une fl\u00fbte de r\u00e9f\u00e9rence chez le c\u00e9l\u00e8bre fabricant japonais MURAMATSU.<br \/>\nUn instrument pour musicien exigeant la recherche d&rsquo;une grande qualit\u00e9 musicale et d&rsquo;un technicit\u00e9 haut de gamme.<\/p>\n<p>-Mod\u00e8le t\u00eate argent massif 925<br \/>\n-corps maillechort<br \/>\n-patte de SI<br \/>\n-plateaux creux<br \/>\n-sol d\u00e9cal\u00e9<\/p>\n<p>instrument en excellent \u00e9tat: argenture, m\u00e9canique, tampons, enti\u00e8rement r\u00e9vis\u00e9 et contr\u00f4l\u00e9.<\/p>\n<p>un confort et un son incomparable, a essayer!!<\/p>\n<p><strong>GARANTIE 1 AN<\/strong><\/p>\n","protected":false},"excerpt":{"rendered":"<p>GAMME:Semi-Pro ANN\u00c9E:2011 N\u00b0S\u00c9RIE:65XXX Une fl\u00fbte de r\u00e9f\u00e9rence chez le c\u00e9l\u00e8bre fabricant japonais MURAMATSU. Un instrument pour musicien exigeant la recherche d&rsquo;une grande qualit\u00e9 musicale et d&rsquo;un technicit\u00e9 haut de gamme. -Mod\u00e8le t\u00eate argent massif 925 -corps maillechort -patte de SI -plateaux creux -sol d\u00e9cal\u00e9 instrument en excellent \u00e9tat: argenture, m\u00e9canique, tampons, enti\u00e8rement r\u00e9vis\u00e9 et contr\u00f4l\u00e9. [&hellip;]<\/p>\n","protected":false},"featured_media":3923,"template":"","meta":[],"product_brand":[],"product_cat":[35,17,47],"product_tag":[],"class_list":{"0":"post-3650","1":"product","2":"type-product","3":"status-publish","4":"has-post-thumbnail","6":"product_cat-flutes-traversieres","7":"product_cat-occasions","8":"product_cat-ventes","10":"first","11":"outofstock","12":"sold-individually","13":"shipping-taxable","14":"product-type-simple"},"_links":{"self":[{"href":"https:\/\/atelierdessoufflants.com\/index.php\/wp-json\/wp\/v2\/product\/3650","targetHints":{"allow":["GET"]}}],"collection":[{"href":"https:\/\/atelierdessoufflants.com\/index.php\/wp-json\/wp\/v2\/product"}],"about":[{"href":"https:\/\/atelierdessoufflants.com\/index.php\/wp-json\/wp\/v2\/types\/product"}],"wp:featuredmedia":[{"embeddable":true,"href":"https:\/\/atelierdessoufflants.com\/index.php\/wp-json\/wp\/v2\/media\/3923"}],"wp:attachment":[{"href":"https:\/\/atelierdessoufflants.com\/index.php\/wp-json\/wp\/v2\/media?parent=3650"}],"wp:term":[{"taxonomy":"product_brand","embeddable":true,"href":"https:\/\/atelierdessoufflants.com\/index.php\/wp-json\/wp\/v2\/product_brand?post=3650"},{"taxonomy":"product_cat","embeddable":true,"href":"https:\/\/atelierdessoufflants.com\/index.php\/wp-json\/wp\/v2\/product_cat?post=3650"},{"taxonomy":"product_tag","embeddable":true,"href":"https:\/\/atelierdessoufflants.com\/index.php\/wp-json\/wp\/v2\/product_tag?post=3650"}],"curies":[{"name":"wp","href":"https:\/\/api.w.org\/{rel}","templated":true}]}}