{"id":3625,"date":"2025-10-24T17:26:00","date_gmt":"2025-10-24T15:26:00","guid":{"rendered":"https:\/\/atelierdessoufflants.shop\/?post_type=product&#038;p=3625"},"modified":"2026-03-20T18:41:20","modified_gmt":"2026-03-20T17:41:20","slug":"buffet-crampon-super-dynaction-sda-saxophone-alto-tbe-correspondances-modernise","status":"publish","type":"product","link":"https:\/\/atelierdessoufflants.com\/index.php\/produit\/buffet-crampon-super-dynaction-sda-saxophone-alto-tbe-correspondances-modernise\/","title":{"rendered":"BUFFET CRAMPON \u00a0\u00bb Super dynaction\u00a0\u00bb SDA SAXOPHONE ALTO [TBE ++, correspondances modernis\u00e9]"},"content":{"rendered":"<p>GAMME : PRO<br \/>\nANN\u00c9E : 1969<br \/>\nN\u00b0s\u00e9rie : 15XXX<\/p>\n<p>saxophone alto BUFET-CRAMPON (France) mod\u00e8le \u00ab\u00a0Super dynaction\u00a0\u00bb SDA fabrication ann\u00e9es 70.<br \/>\nMod\u00e8le professionnel concurrent direct du c\u00e9l\u00e8bre selmer Mark VI, ce mod\u00e8le est trop faiblement connu mais poss\u00e8de n\u00e9anmoins de vrais atouts et une son tr\u00e8s int\u00e9ressant.<br \/>\nEnti\u00e8rement r\u00e9vis\u00e9 et re-tamponn\u00e9 \u00e0 l&rsquo;atelier: tampons cuir noir r\u00e9sonateur m\u00e9tal (chedeville lelandais France), toutes garnitures chang\u00e9s, r\u00e9vision OK.<br \/>\nRessorts d&rsquo;origine, adjonction de vis de r\u00e9glages sur la correspondance Fa# main droite pour plus de facilit\u00e9 de r\u00e9glage et maintenance.<\/p>\n<p>Tr\u00e8s bon \u00e9tat g\u00e9n\u00e9ral, son assez brillant, tr\u00e8s homog\u00e8ne, bonne justesse<\/p>\n<p>Sans Fa# aigu<br \/>\nVendu avec \u00e9tui yamaha et bec<\/p>\n<p><strong>\u00a0GARANTIE 1 AN<\/strong><\/p>\n","protected":false},"excerpt":{"rendered":"<p>mod\u00e8le pro, argent\u00e9, TBE<\/p>\n","protected":false},"featured_media":3649,"template":"","meta":[],"product_brand":[72],"product_cat":[17,37,47],"product_tag":[],"class_list":{"0":"post-3625","1":"product","2":"type-product","3":"status-publish","4":"has-post-thumbnail","6":"product_brand-buffet-crampon","7":"product_cat-occasions","8":"product_cat-saxophones","9":"product_cat-ventes","11":"first","12":"outofstock","13":"sold-individually","14":"shipping-taxable","15":"product-type-simple"},"_links":{"self":[{"href":"https:\/\/atelierdessoufflants.com\/index.php\/wp-json\/wp\/v2\/product\/3625","targetHints":{"allow":["GET"]}}],"collection":[{"href":"https:\/\/atelierdessoufflants.com\/index.php\/wp-json\/wp\/v2\/product"}],"about":[{"href":"https:\/\/atelierdessoufflants.com\/index.php\/wp-json\/wp\/v2\/types\/product"}],"wp:featuredmedia":[{"embeddable":true,"href":"https:\/\/atelierdessoufflants.com\/index.php\/wp-json\/wp\/v2\/media\/3649"}],"wp:attachment":[{"href":"https:\/\/atelierdessoufflants.com\/index.php\/wp-json\/wp\/v2\/media?parent=3625"}],"wp:term":[{"taxonomy":"product_brand","embeddable":true,"href":"https:\/\/atelierdessoufflants.com\/index.php\/wp-json\/wp\/v2\/product_brand?post=3625"},{"taxonomy":"product_cat","embeddable":true,"href":"https:\/\/atelierdessoufflants.com\/index.php\/wp-json\/wp\/v2\/product_cat?post=3625"},{"taxonomy":"product_tag","embeddable":true,"href":"https:\/\/atelierdessoufflants.com\/index.php\/wp-json\/wp\/v2\/product_tag?post=3625"}],"curies":[{"name":"wp","href":"https:\/\/api.w.org\/{rel}","templated":true}]}}