{"id":3566,"date":"2025-10-24T17:24:14","date_gmt":"2025-10-24T15:24:14","guid":{"rendered":"https:\/\/atelierdessoufflants.shop\/?post_type=product&#038;p=3566"},"modified":"2026-03-20T18:14:58","modified_gmt":"2026-03-20T17:14:58","slug":"selmer-mark-vi-saxophone-soprano-annee1959-grave-re-vernis-selmer","status":"publish","type":"product","link":"https:\/\/atelierdessoufflants.com\/index.php\/produit\/selmer-mark-vi-saxophone-soprano-annee1959-grave-re-vernis-selmer\/","title":{"rendered":"SELMER Mark VI SAXOPHONE SOPRANO [ann\u00e9e:1959, grav\u00e9, re-vernis SELMER ]"},"content":{"rendered":"<p>GAMME : Pro<br \/>\nANN\u00c9E : 1959<br \/>\nN\u00b0s\u00e9rie : 83XXX<\/p>\n<p>Saxophone soprano droit Selmer mark VI vernis grav\u00e9.<br \/>\nTr\u00e8s bon \u00e9tat g\u00e9n\u00e9ral, enti\u00e8rement r\u00e9vis\u00e9 \u00e0 l&rsquo;atelier (r\u00e9glage du bouchage, tampons, feutres, li\u00e8ges, graissage,\u00a0 tous les ressorts aiguilles sont neufs ), cet instrument n&rsquo;a pas subi de choc ou grosse r\u00e9paration, la m\u00e9canique est peu us\u00e9e, l&rsquo;ensemble de l&rsquo;instrument est mont\u00e9 en tampons r\u00e9sonateurs plastique en tr\u00e8s bon \u00e9tat .<\/p>\n<p>L&rsquo;instrument \u00e0\u00a0 \u00e9t\u00e9 reverni chez Selmer probablement au cours des ann\u00e9es 60 par son ancien propri\u00e9taire (musicien amateur) qui l&rsquo;avait achet\u00e9 neuf durant cette p\u00e9riode, vous serez donc le futur deuxi\u00e8me propri\u00e9taire de cet instrument d\u2019exception , avis aux amateurs : \u00e0 venir essayer \u00e0 l&rsquo;atelier!<br \/>\navec \u00e9tui d&rsquo;origine<\/p>\n<p><strong>GARANTIE 1 AN<\/strong><\/p>\n","protected":false},"excerpt":{"rendered":"<p>une r\u00e9f\u00e9rence pour de nombreux musiciens professionnels<\/p>\n","protected":false},"featured_media":3634,"template":"","meta":[],"product_brand":[66],"product_cat":[17,37,47],"product_tag":[],"class_list":{"0":"post-3566","1":"product","2":"type-product","3":"status-publish","4":"has-post-thumbnail","6":"product_brand-henri-selmer-paris","7":"product_cat-occasions","8":"product_cat-saxophones","9":"product_cat-ventes","11":"first","12":"outofstock","13":"sold-individually","14":"shipping-taxable","15":"product-type-simple"},"_links":{"self":[{"href":"https:\/\/atelierdessoufflants.com\/index.php\/wp-json\/wp\/v2\/product\/3566","targetHints":{"allow":["GET"]}}],"collection":[{"href":"https:\/\/atelierdessoufflants.com\/index.php\/wp-json\/wp\/v2\/product"}],"about":[{"href":"https:\/\/atelierdessoufflants.com\/index.php\/wp-json\/wp\/v2\/types\/product"}],"wp:featuredmedia":[{"embeddable":true,"href":"https:\/\/atelierdessoufflants.com\/index.php\/wp-json\/wp\/v2\/media\/3634"}],"wp:attachment":[{"href":"https:\/\/atelierdessoufflants.com\/index.php\/wp-json\/wp\/v2\/media?parent=3566"}],"wp:term":[{"taxonomy":"product_brand","embeddable":true,"href":"https:\/\/atelierdessoufflants.com\/index.php\/wp-json\/wp\/v2\/product_brand?post=3566"},{"taxonomy":"product_cat","embeddable":true,"href":"https:\/\/atelierdessoufflants.com\/index.php\/wp-json\/wp\/v2\/product_cat?post=3566"},{"taxonomy":"product_tag","embeddable":true,"href":"https:\/\/atelierdessoufflants.com\/index.php\/wp-json\/wp\/v2\/product_tag?post=3566"}],"curies":[{"name":"wp","href":"https:\/\/api.w.org\/{rel}","templated":true}]}}