{"id":3550,"date":"2025-10-24T17:17:49","date_gmt":"2025-10-24T15:17:49","guid":{"rendered":"https:\/\/atelierdessoufflants.shop\/?post_type=product&#038;p=3550"},"modified":"2026-03-20T18:15:56","modified_gmt":"2026-03-20T17:15:56","slug":"selmer-saxophone-alto-mark-vi-annee1959-tbe-vernis-brun-magnifique","status":"publish","type":"product","link":"https:\/\/atelierdessoufflants.com\/index.php\/produit\/selmer-saxophone-alto-mark-vi-annee1959-tbe-vernis-brun-magnifique\/","title":{"rendered":"SELMER SAXOPHONE ALTO Mark VI [ann\u00e9e:1959, TBE++, vernis brun, magnifique!!!]"},"content":{"rendered":"<p><strong>GAMME : PRO<\/strong><br \/>\n<strong>ANN\u00c9E :1959<\/strong><br \/>\n<strong>N\u00b0s\u00e9rie : 81XXX<\/strong><\/p>\n<p>saxophone alto selmer mark VI\u00a0 , avec fa# aigu, ann\u00e9e 1959<br \/>\nenti\u00e8rement restaur\u00e9, instrument \u00e0 gros potentiel usage pro<\/p>\n<p><strong>\u00a0GARANTIE 1 AN<\/strong><\/p>\n","protected":false},"excerpt":{"rendered":"<p>mod\u00e8le mythique, avis aux amateurs et passionn\u00e9s<\/p>\n","protected":false},"featured_media":3594,"template":"","meta":[],"product_brand":[66],"product_cat":[17,37,47],"product_tag":[],"class_list":{"0":"post-3550","1":"product","2":"type-product","3":"status-publish","4":"has-post-thumbnail","6":"product_brand-henri-selmer-paris","7":"product_cat-occasions","8":"product_cat-saxophones","9":"product_cat-ventes","11":"first","12":"outofstock","13":"sold-individually","14":"shipping-taxable","15":"product-type-simple"},"_links":{"self":[{"href":"https:\/\/atelierdessoufflants.com\/index.php\/wp-json\/wp\/v2\/product\/3550","targetHints":{"allow":["GET"]}}],"collection":[{"href":"https:\/\/atelierdessoufflants.com\/index.php\/wp-json\/wp\/v2\/product"}],"about":[{"href":"https:\/\/atelierdessoufflants.com\/index.php\/wp-json\/wp\/v2\/types\/product"}],"wp:featuredmedia":[{"embeddable":true,"href":"https:\/\/atelierdessoufflants.com\/index.php\/wp-json\/wp\/v2\/media\/3594"}],"wp:attachment":[{"href":"https:\/\/atelierdessoufflants.com\/index.php\/wp-json\/wp\/v2\/media?parent=3550"}],"wp:term":[{"taxonomy":"product_brand","embeddable":true,"href":"https:\/\/atelierdessoufflants.com\/index.php\/wp-json\/wp\/v2\/product_brand?post=3550"},{"taxonomy":"product_cat","embeddable":true,"href":"https:\/\/atelierdessoufflants.com\/index.php\/wp-json\/wp\/v2\/product_cat?post=3550"},{"taxonomy":"product_tag","embeddable":true,"href":"https:\/\/atelierdessoufflants.com\/index.php\/wp-json\/wp\/v2\/product_tag?post=3550"}],"curies":[{"name":"wp","href":"https:\/\/api.w.org\/{rel}","templated":true}]}}