{"id":355,"date":"2025-04-15T16:29:51","date_gmt":"2025-04-15T14:29:51","guid":{"rendered":"http:\/\/libre.etche.net\/?post_type=product&#038;p=355"},"modified":"2025-04-16T10:30:57","modified_gmt":"2025-04-16T08:30:57","slug":"restauration-complete-et-peinture-sur-un-sousaphone-en-fibre","status":"publish","type":"product","link":"https:\/\/atelierdessoufflants.com\/index.php\/produit\/restauration-complete-et-peinture-sur-un-sousaphone-en-fibre\/","title":{"rendered":"Restauration compl\u00e8te et peinture sur un sousaphone en fibre"},"content":{"rendered":"<p><a href=\"http:\/\/libre.etche.net\/wp-content\/uploads\/2025\/04\/fourth.jpeg\"><img loading=\"lazy\" decoding=\"async\" class=\"alignnone wp-image-351 size-medium\" src=\"http:\/\/libre.etche.net\/wp-content\/uploads\/2025\/04\/fourth-300x225.jpeg\" alt=\"\" width=\"300\" height=\"225\" srcset=\"https:\/\/atelierdessoufflants.com\/wp-content\/uploads\/2025\/04\/fourth-300x225.jpeg 300w, https:\/\/atelierdessoufflants.com\/wp-content\/uploads\/2025\/04\/fourth.jpeg 600w\" sizes=\"auto, (max-width: 300px) 100vw, 300px\" \/><\/a> <a href=\"http:\/\/libre.etche.net\/?attachment_id=349\"><img loading=\"lazy\" decoding=\"async\" class=\"alignnone wp-image-349 size-medium\" src=\"http:\/\/libre.etche.net\/wp-content\/uploads\/2025\/04\/third-1-300x200.jpeg\" alt=\"\" width=\"300\" height=\"200\" srcset=\"https:\/\/atelierdessoufflants.com\/wp-content\/uploads\/2025\/04\/third-1-300x200.jpeg 300w, https:\/\/atelierdessoufflants.com\/wp-content\/uploads\/2025\/04\/third-1.jpeg 600w\" sizes=\"auto, (max-width: 300px) 100vw, 300px\" \/><\/a><\/p>\n","protected":false},"excerpt":{"rendered":"<div class=\"col-sm-12 col-md-5 description\">\n<p><strong> Instrument :<\/strong> sousaphone Bb 3 pistons Conn 36K ( corps en fibre de verre)<\/p>\n<p><strong>nature :<\/strong> restauration compl\u00e8te et custom visuel<\/p>\n<p><strong>techniques utilis\u00e9es :<\/strong> d\u00e9bosselage avec mandrins, brunissoir, olives, aimant&#8230; mise en forme pi\u00e8ces de laiton, recuit, brasure tendre et forte, avivage, polissage, brossage, vernissage bloc piston, r\u00e9paration r\u00e9sine fibre de verre, apretage, peinture, pochoir, vernissage&#8230;collaboration graphisme et peinture: <a href=\"http:\/\/rnst.fr\/\">RNST<\/a><\/p>\n<\/div>\n","protected":false},"featured_media":356,"template":"","meta":[],"product_brand":[],"product_cat":[28],"product_tag":[],"class_list":{"0":"post-355","1":"product","2":"type-product","3":"status-publish","4":"has-post-thumbnail","6":"product_cat-portfolio","8":"first","9":"instock","10":"sold-individually","11":"shipping-taxable","12":"product-type-simple"},"_links":{"self":[{"href":"https:\/\/atelierdessoufflants.com\/index.php\/wp-json\/wp\/v2\/product\/355","targetHints":{"allow":["GET"]}}],"collection":[{"href":"https:\/\/atelierdessoufflants.com\/index.php\/wp-json\/wp\/v2\/product"}],"about":[{"href":"https:\/\/atelierdessoufflants.com\/index.php\/wp-json\/wp\/v2\/types\/product"}],"wp:featuredmedia":[{"embeddable":true,"href":"https:\/\/atelierdessoufflants.com\/index.php\/wp-json\/wp\/v2\/media\/356"}],"wp:attachment":[{"href":"https:\/\/atelierdessoufflants.com\/index.php\/wp-json\/wp\/v2\/media?parent=355"}],"wp:term":[{"taxonomy":"product_brand","embeddable":true,"href":"https:\/\/atelierdessoufflants.com\/index.php\/wp-json\/wp\/v2\/product_brand?post=355"},{"taxonomy":"product_cat","embeddable":true,"href":"https:\/\/atelierdessoufflants.com\/index.php\/wp-json\/wp\/v2\/product_cat?post=355"},{"taxonomy":"product_tag","embeddable":true,"href":"https:\/\/atelierdessoufflants.com\/index.php\/wp-json\/wp\/v2\/product_tag?post=355"}],"curies":[{"name":"wp","href":"https:\/\/api.w.org\/{rel}","templated":true}]}}