{"id":3532,"date":"2025-10-24T17:07:14","date_gmt":"2025-10-24T15:07:14","guid":{"rendered":"https:\/\/atelierdessoufflants.shop\/?post_type=product&#038;p=3532"},"modified":"2025-10-24T17:07:23","modified_gmt":"2025-10-24T15:07:23","slug":"trombone-bach-42a-cylindre-rene-hagmann-devernis-tbe","status":"publish","type":"product","link":"https:\/\/atelierdessoufflants.com\/index.php\/produit\/trombone-bach-42a-cylindre-rene-hagmann-devernis-tbe\/","title":{"rendered":"Trombone BACH 42A [cylindre Ren\u00e9 Hagmann, d\u00e9vernis, TBE+++]"},"content":{"rendered":"<p><strong>GAMME : PRO<\/strong><br \/>\n<strong>ANN\u00c9E : 2004<\/strong><br \/>\n<strong>N\u00b0s\u00e9rie : 92XXX<br \/>\nD\u00c9POT-VENTE<br \/>\n<\/strong><\/p>\n<p>Trombone symphonique complet BACH42A<\/p>\n<p>Open Wrap (cintrage du circuit complet ouvert)<br \/>\nmod\u00e8le avec cylindre \u00ab\u00a0free Flow\u00a0\u00bb (barillet hagmann) et avec le syst\u00e8me pavillon flottant \u00ab\u00a0Vibrabell\u00a0\u00bb, une des premi\u00e8res phase du syst\u00e8me sortie des ateliers Suisse.<br \/>\nPlus d&rsquo;infos <a href=\"http:\/\/www.trombone.ch\/FR\/ateliercrea.html\">http:\/\/www.trombone.ch\/FR\/ateliercrea.html<\/a><br \/>\ntonalit\u00e9: Bb\/F<br \/>\nMod\u00e8le en tr\u00e9s bon \u00e9tat, l&rsquo;instrument n&rsquo;a pas trop jou\u00e9 car son ancien propri\u00e9taire a d\u00fb arr\u00eater suite a un souci de sant\u00e9 .<br \/>\nperce de 13.9mm (Large)<br \/>\npavillon 216mm<br \/>\ninstrument enti\u00e8rement d\u00e9vernis<br \/>\n(mod\u00e8le grav\u00e9 sur le pavillon au nom de son ancien propri\u00e9taire (m\u00e9daill\u00e9 du CNSM de Lyon)<br \/>\navec embouchure bach 6.5AM + \u00e9tui d&rsquo;origine (un peu fatigu\u00e9 mais fonctionnel)<\/p>\n<p>sera enti\u00e8rement r\u00e9vis\u00e9 avant la vente (nettoyage, graissage, contr\u00f4le g\u00e9n\u00e9ral)<\/p>\n<p><strong> GARANTIE 1 AN<\/strong><\/p>\n","protected":false},"excerpt":{"rendered":"<p>trombone symphonique, syst\u00e8me hagmann, perce L<\/p>\n","protected":false},"featured_media":3548,"template":"","meta":[],"product_brand":[],"product_cat":[17,31,47],"product_tag":[],"class_list":{"0":"post-3532","1":"product","2":"type-product","3":"status-publish","4":"has-post-thumbnail","6":"product_cat-occasions","7":"product_cat-trombones","8":"product_cat-ventes","10":"first","11":"outofstock","12":"sold-individually","13":"shipping-taxable","14":"product-type-simple"},"_links":{"self":[{"href":"https:\/\/atelierdessoufflants.com\/index.php\/wp-json\/wp\/v2\/product\/3532","targetHints":{"allow":["GET"]}}],"collection":[{"href":"https:\/\/atelierdessoufflants.com\/index.php\/wp-json\/wp\/v2\/product"}],"about":[{"href":"https:\/\/atelierdessoufflants.com\/index.php\/wp-json\/wp\/v2\/types\/product"}],"wp:featuredmedia":[{"embeddable":true,"href":"https:\/\/atelierdessoufflants.com\/index.php\/wp-json\/wp\/v2\/media\/3548"}],"wp:attachment":[{"href":"https:\/\/atelierdessoufflants.com\/index.php\/wp-json\/wp\/v2\/media?parent=3532"}],"wp:term":[{"taxonomy":"product_brand","embeddable":true,"href":"https:\/\/atelierdessoufflants.com\/index.php\/wp-json\/wp\/v2\/product_brand?post=3532"},{"taxonomy":"product_cat","embeddable":true,"href":"https:\/\/atelierdessoufflants.com\/index.php\/wp-json\/wp\/v2\/product_cat?post=3532"},{"taxonomy":"product_tag","embeddable":true,"href":"https:\/\/atelierdessoufflants.com\/index.php\/wp-json\/wp\/v2\/product_tag?post=3532"}],"curies":[{"name":"wp","href":"https:\/\/api.w.org\/{rel}","templated":true}]}}