{"id":3525,"date":"2025-10-24T17:01:19","date_gmt":"2025-10-24T15:01:19","guid":{"rendered":"https:\/\/atelierdessoufflants.shop\/?post_type=product&#038;p=3525"},"modified":"2026-04-12T12:15:10","modified_gmt":"2026-04-12T10:15:10","slug":"getzen-capri-argente-cornet-a-pistons","status":"publish","type":"product","link":"https:\/\/atelierdessoufflants.com\/index.php\/produit\/getzen-capri-argente-cornet-a-pistons\/","title":{"rendered":"GETZEN \u00a0\u00bbCapri\u00a0\u00bb argent\u00e9 CORNET A PISTONS"},"content":{"rendered":"<p>GAMME : semi-pro<br \/>\nANN\u00c9E : 1972-1975<br \/>\nN\u00b0s\u00e9rie : A16XXX<\/p>\n<p>Cornet court sib<br \/>\ngetzen mod\u00e8le \u00ab\u00a0capri\u00a0\u00bb<\/p>\n<p><span style=\"font-size: 14px;\">Fabriqu\u00e9e aux USA, la s\u00e9rie Capri est destin\u00e9e aux cornettistes \u00e0 la recherche d\u2019un instrument d\u2019excellente facture leur permettant d\u2019aller tr\u00e8s loin dans l\u2019apprentissage de l\u2019instrument. Faciles d\u2019\u00e9mission, dot\u00e9s d\u2019une grande projection et d\u2019une excellente pr\u00e9cision, ils sont devenus en 30 ann\u00e9es incontournables dans leur cat\u00e9gorie.<\/span><br \/>\n<span style=\"font-size: 14px;\"> le pistonnage GETZEN reste une r\u00e9f\u00e9rence niveau confort et souplesse (pistons avec plaquage en alliage de nickel, n\u00e9cessite un tr\u00e8s faible entretien). cette marque garantie le pistonnage \u00e0 vie.<\/span><\/p>\n<p>Caract\u00e9ristiques techniques :<br \/>\n&#8211; Tonalit\u00e9 : Si b\u00e9mol<br \/>\n&#8211; Finition : argent\u00e9<br \/>\n&#8211; Perce : 11.68 mm<br \/>\n&#8211; Branche d\u2019embouchure en laiton<br \/>\n&#8211; Coulisses en maillechort<br \/>\n&#8211; Pavillon en deux pi\u00e8ces<br \/>\n&#8211; Anneau sur la 3\u00e8me coulisse<br \/>\n&#8211; \u00c9tui valise \u00ab Luxe \u00bb et embouchure getzen<\/p>\n<p>Tr\u00e8s bon \u00e9tat g\u00e9n\u00e9ral, parfait \u00e9tat de marche, r\u00e9vision Ok, quelques petites rayures et imperfections d&rsquo;argenture mineures. (anneau troisi\u00e8me, bloc piston \u00e0 l&rsquo;endroit du contact avec les mains et sur le coude la branche d&#8217;embouchure, voir photos)<\/p>\n<p><strong>GARANTIE 1 AN<\/strong><\/p>\n","protected":false},"excerpt":{"rendered":"<p>une r\u00e9f\u00e9rence depuis plus de 30 ans chez le c\u00e9l\u00e8bre fabricant am\u00e9ricain getzen, tr\u00e8s bon \u00e9tat g\u00e9n\u00e9ral<\/p>\n","protected":false},"featured_media":3526,"template":"","meta":[],"product_brand":[],"product_cat":[17,98,38,47],"product_tag":[],"class_list":{"0":"post-3525","1":"product","2":"type-product","3":"status-publish","4":"has-post-thumbnail","6":"product_cat-occasions","7":"product_cat-trompettes-occasion-vendu","8":"product_cat-trompettes-cornets-bugle","9":"product_cat-ventes","11":"first","12":"outofstock","13":"sold-individually","14":"shipping-taxable","15":"product-type-simple"},"_links":{"self":[{"href":"https:\/\/atelierdessoufflants.com\/index.php\/wp-json\/wp\/v2\/product\/3525","targetHints":{"allow":["GET"]}}],"collection":[{"href":"https:\/\/atelierdessoufflants.com\/index.php\/wp-json\/wp\/v2\/product"}],"about":[{"href":"https:\/\/atelierdessoufflants.com\/index.php\/wp-json\/wp\/v2\/types\/product"}],"wp:featuredmedia":[{"embeddable":true,"href":"https:\/\/atelierdessoufflants.com\/index.php\/wp-json\/wp\/v2\/media\/3526"}],"wp:attachment":[{"href":"https:\/\/atelierdessoufflants.com\/index.php\/wp-json\/wp\/v2\/media?parent=3525"}],"wp:term":[{"taxonomy":"product_brand","embeddable":true,"href":"https:\/\/atelierdessoufflants.com\/index.php\/wp-json\/wp\/v2\/product_brand?post=3525"},{"taxonomy":"product_cat","embeddable":true,"href":"https:\/\/atelierdessoufflants.com\/index.php\/wp-json\/wp\/v2\/product_cat?post=3525"},{"taxonomy":"product_tag","embeddable":true,"href":"https:\/\/atelierdessoufflants.com\/index.php\/wp-json\/wp\/v2\/product_tag?post=3525"}],"curies":[{"name":"wp","href":"https:\/\/api.w.org\/{rel}","templated":true}]}}