{"id":3501,"date":"2025-10-23T01:47:48","date_gmt":"2025-10-22T23:47:48","guid":{"rendered":"https:\/\/atelierdessoufflants.shop\/?post_type=product&#038;p=3501"},"modified":"2025-10-25T18:09:15","modified_gmt":"2025-10-25T16:09:15","slug":"clarinette-en-ut-leblanc-spirit-1010cn","status":"publish","type":"product","link":"https:\/\/atelierdessoufflants.com\/index.php\/produit\/clarinette-en-ut-leblanc-spirit-1010cn\/","title":{"rendered":"clarinette en Ut LEBLANC \u00a0\u00bbSpirit\u00a0\u00bb 1010CN"},"content":{"rendered":"<p>GAMME : Semi-Pro<br \/>\nANN\u00c9E : 2004<br \/>\nN\u00b0s\u00e9rie : D63XXX<\/p>\n<p>Clarinette Leblanc 1010CN \u00ab\u00a0Spirit\u00a0\u00bb tout \u00e9b\u00e8ne, cl\u00e9tage nickel\u00e9.<br \/>\nEnti\u00e8rement r\u00e9vis\u00e9e et re-tamponn\u00e9e cuir (Chedeville Lelandais France),<br \/>\nchangement de toutes les garnitures de cl\u00e9tage en feutre haute densit\u00e9 pour moins de bruit.<br \/>\nParfait \u00e9tat de marche, tr\u00e8s bon \u00e9tat g\u00e9n\u00e9ral, l\u00e9ger manque de nickelage sur la cl\u00e9 de MI\/SI corps du bas et sur les anneaux main droite (\u00e0 peine visible).<\/p>\n<p>Tr\u00e8s belle facture fran\u00e7aise de l&rsquo;ancienne manufacture LEBLANC bas\u00e9e \u00e0 la Couture Boussey (27)<br \/>\nInstrument tr\u00e8s rare sur le march\u00e9 de l&rsquo;occasion.<\/p>\n<p>Parfait pour la musique traditionnelle, symphonique, pour musiciens ne voulant pas transposer, sa petite taille en fait aussi une clarinette bien adapt\u00e9e \u00e0 l&rsquo;apprentissage des enfants avec un bec \u00e9quivalent \u00e0 une clarinette soprano classique en Sib.<\/p>\n<p>Avec \u00e9tui valise d&rsquo;origine avec cl\u00e9, bec Vandoren 5RV, \u00e9couvillon<\/p>\n<p><strong>GARANTIE 1 AN<\/strong><\/p>\n<p>&nbsp;<\/p>\n<p><strong>\u00a0<\/strong><iframe loading=\"lazy\" src=\"https:\/\/www.facebook.com\/plugins\/video.php?href=https%3A%2F%2Fwww.facebook.com%2Fatelierdessoufflants%2Fvideos%2F782820878593210%2F&amp;show_text=0&amp;width=375\" width=\"448\" height=\"631\" frameborder=\"0\" scrolling=\"no\" allowfullscreen=\"allowfullscreen\"><\/iframe><\/p>\n","protected":false},"excerpt":{"rendered":"<p>clarinette Ut tout \u00e9b\u00e8ne<\/p>\n","protected":false},"featured_media":3523,"template":"","meta":[],"product_brand":[76],"product_cat":[36,70,17,47],"product_tag":[],"class_list":{"0":"post-3501","1":"product","2":"type-product","3":"status-publish","4":"has-post-thumbnail","6":"product_brand-leblanc-noblet","7":"product_cat-clarinettes","8":"product_cat-clarinettes-occasion-vendu","9":"product_cat-occasions","10":"product_cat-ventes","12":"first","13":"outofstock","14":"sold-individually","15":"shipping-taxable","16":"product-type-simple"},"_links":{"self":[{"href":"https:\/\/atelierdessoufflants.com\/index.php\/wp-json\/wp\/v2\/product\/3501","targetHints":{"allow":["GET"]}}],"collection":[{"href":"https:\/\/atelierdessoufflants.com\/index.php\/wp-json\/wp\/v2\/product"}],"about":[{"href":"https:\/\/atelierdessoufflants.com\/index.php\/wp-json\/wp\/v2\/types\/product"}],"wp:featuredmedia":[{"embeddable":true,"href":"https:\/\/atelierdessoufflants.com\/index.php\/wp-json\/wp\/v2\/media\/3523"}],"wp:attachment":[{"href":"https:\/\/atelierdessoufflants.com\/index.php\/wp-json\/wp\/v2\/media?parent=3501"}],"wp:term":[{"taxonomy":"product_brand","embeddable":true,"href":"https:\/\/atelierdessoufflants.com\/index.php\/wp-json\/wp\/v2\/product_brand?post=3501"},{"taxonomy":"product_cat","embeddable":true,"href":"https:\/\/atelierdessoufflants.com\/index.php\/wp-json\/wp\/v2\/product_cat?post=3501"},{"taxonomy":"product_tag","embeddable":true,"href":"https:\/\/atelierdessoufflants.com\/index.php\/wp-json\/wp\/v2\/product_tag?post=3501"}],"curies":[{"name":"wp","href":"https:\/\/api.w.org\/{rel}","templated":true}]}}