{"id":3466,"date":"2025-10-23T01:30:30","date_gmt":"2025-10-22T23:30:30","guid":{"rendered":"https:\/\/atelierdessoufflants.shop\/?post_type=product&#038;p=3466"},"modified":"2025-10-23T01:31:14","modified_gmt":"2025-10-22T23:31:14","slug":"king-1130-flugabone-marching-trombone-argente-avec-fly-caisse-et-embouchure-tbe","status":"publish","type":"product","link":"https:\/\/atelierdessoufflants.com\/index.php\/produit\/king-1130-flugabone-marching-trombone-argente-avec-fly-caisse-et-embouchure-tbe\/","title":{"rendered":"KING 1130 FLUGABONE Marching trombone argent\u00e9 [avec FLY caisse et embouchure TBE+++]"},"content":{"rendered":"<p><strong>GAMME : Pro<\/strong><br \/>\n<strong>ANN\u00c9E : 1983<\/strong><br \/>\n<strong>N\u00b0s\u00e9rie :151XXX<\/strong><\/p>\n<p>Marching trombone\u00a0 3 pistons marque KING fabrication USA, tonalit\u00e9 Sib, 3 cl\u00e9s d&rsquo;eau, m\u00e9canique tr\u00e8s peu servie. Tonalit\u00e9 Sib<br \/>\nParfait pour le marching band, la fanfare, les formations de rues en g\u00e9n\u00e9ral.<br \/>\nUne r\u00e9f\u00e9rence en instrument marching, facilit\u00e9 d&rsquo; \u00e9mission et gros son.<\/p>\n<p>vendu fly caisse d&rsquo;origine TBE et embouchure king<\/p>\n<p><strong> GARANTIE 1 AN<\/strong><\/p>\n","protected":false},"excerpt":{"rendered":"<p>GAMME : Pro ANN\u00c9E : 1983 N\u00b0s\u00e9rie :151XXX Marching trombone\u00a0 3 pistons marque KING fabrication USA, tonalit\u00e9 Sib, 3 cl\u00e9s d&rsquo;eau, m\u00e9canique tr\u00e8s peu servie. Tonalit\u00e9 Sib Parfait pour le marching band, la fanfare, les formations de rues en g\u00e9n\u00e9ral. Une r\u00e9f\u00e9rence en instrument marching, facilit\u00e9 d&rsquo; \u00e9mission et gros son. vendu fly caisse d&rsquo;origine [&hellip;]<\/p>\n","protected":false},"featured_media":3500,"template":"","meta":[],"product_brand":[],"product_cat":[45,17,31,47],"product_tag":[],"class_list":{"0":"post-3466","1":"product","2":"type-product","3":"status-publish","4":"has-post-thumbnail","6":"product_cat-marching","7":"product_cat-occasions","8":"product_cat-trombones","9":"product_cat-ventes","11":"first","12":"outofstock","13":"sold-individually","14":"shipping-taxable","15":"product-type-simple"},"_links":{"self":[{"href":"https:\/\/atelierdessoufflants.com\/index.php\/wp-json\/wp\/v2\/product\/3466","targetHints":{"allow":["GET"]}}],"collection":[{"href":"https:\/\/atelierdessoufflants.com\/index.php\/wp-json\/wp\/v2\/product"}],"about":[{"href":"https:\/\/atelierdessoufflants.com\/index.php\/wp-json\/wp\/v2\/types\/product"}],"wp:featuredmedia":[{"embeddable":true,"href":"https:\/\/atelierdessoufflants.com\/index.php\/wp-json\/wp\/v2\/media\/3500"}],"wp:attachment":[{"href":"https:\/\/atelierdessoufflants.com\/index.php\/wp-json\/wp\/v2\/media?parent=3466"}],"wp:term":[{"taxonomy":"product_brand","embeddable":true,"href":"https:\/\/atelierdessoufflants.com\/index.php\/wp-json\/wp\/v2\/product_brand?post=3466"},{"taxonomy":"product_cat","embeddable":true,"href":"https:\/\/atelierdessoufflants.com\/index.php\/wp-json\/wp\/v2\/product_cat?post=3466"},{"taxonomy":"product_tag","embeddable":true,"href":"https:\/\/atelierdessoufflants.com\/index.php\/wp-json\/wp\/v2\/product_tag?post=3466"}],"curies":[{"name":"wp","href":"https:\/\/api.w.org\/{rel}","templated":true}]}}