{"id":3423,"date":"2025-10-23T01:29:32","date_gmt":"2025-10-22T23:29:32","guid":{"rendered":"https:\/\/atelierdessoufflants.shop\/?post_type=product&#038;p=3423"},"modified":"2025-10-25T18:09:25","modified_gmt":"2025-10-25T16:09:25","slug":"yamaha-ycl650-clarinette-ebene-tbe-tampons-neuf","status":"publish","type":"product","link":"https:\/\/atelierdessoufflants.com\/index.php\/produit\/yamaha-ycl650-clarinette-ebene-tbe-tampons-neuf\/","title":{"rendered":"YAMAHA YCL650 clarinette \u00e9b\u00e8ne [TBE+++ TAMPONS NEUF]"},"content":{"rendered":"<p>GAMME : Pro<br \/>\nANN\u00c9E : 2010<br \/>\nN\u00b0s\u00e9rie : 117XXX<\/p>\n<p>Yamaha YCL650 tout \u00e9b\u00e8ne en excellent \u00e9tat g\u00e9n\u00e9ral, enti\u00e8rement re-tamponn\u00e9e \u00e0 l&rsquo;atelier en cuir haut de gamme (Chedeville Lelandais France), r\u00e9vision OK, support de pouce r\u00e9glable.<br \/>\nUn mod\u00e8le pro accessible&#8230;.<\/p>\n<p><a href=\"https:\/\/fr.yamaha.com\/fr\/products\/musical_instruments\/winds\/clarinets\/ycl-650\/index.html\">INFOS sur le site du fabricant<\/a><\/p>\n<p>vendue avec \u00e9tuis et bec d&rsquo;origine yamaha 6c (neuf) ou vandoren M30 (occasion bon \u00e9tat)<\/p>\n<p><strong>GARANTIE 1 AN<\/strong><\/p>\n<p><strong>\u00a0<\/strong><\/p>\n<p>&nbsp;<\/p>\n<p><strong><iframe loading=\"lazy\" src=\"https:\/\/www.facebook.com\/plugins\/video.php?href=https%3A%2F%2Fwww.facebook.com%2Fatelierdessoufflants%2Fvideos%2F808135279395103%2F&amp;show_text=0&amp;width=476\" width=\"409\" height=\"693\" frameborder=\"0\" scrolling=\"no\" allowfullscreen=\"allowfullscreen\"><\/iframe><\/strong><\/p>\n","protected":false},"excerpt":{"rendered":"<p>un mod\u00e8le Pro de chez Yamaha, superbe \u00e9tat g\u00e9n\u00e9ral, tampons cuir neuf<\/p>\n","protected":false},"featured_media":3458,"template":"","meta":[],"product_brand":[71],"product_cat":[36,70,17,47],"product_tag":[],"class_list":{"0":"post-3423","1":"product","2":"type-product","3":"status-publish","4":"has-post-thumbnail","6":"product_brand-yamaha","7":"product_cat-clarinettes","8":"product_cat-clarinettes-occasion-vendu","9":"product_cat-occasions","10":"product_cat-ventes","12":"first","13":"outofstock","14":"sold-individually","15":"shipping-taxable","16":"product-type-simple"},"_links":{"self":[{"href":"https:\/\/atelierdessoufflants.com\/index.php\/wp-json\/wp\/v2\/product\/3423","targetHints":{"allow":["GET"]}}],"collection":[{"href":"https:\/\/atelierdessoufflants.com\/index.php\/wp-json\/wp\/v2\/product"}],"about":[{"href":"https:\/\/atelierdessoufflants.com\/index.php\/wp-json\/wp\/v2\/types\/product"}],"wp:featuredmedia":[{"embeddable":true,"href":"https:\/\/atelierdessoufflants.com\/index.php\/wp-json\/wp\/v2\/media\/3458"}],"wp:attachment":[{"href":"https:\/\/atelierdessoufflants.com\/index.php\/wp-json\/wp\/v2\/media?parent=3423"}],"wp:term":[{"taxonomy":"product_brand","embeddable":true,"href":"https:\/\/atelierdessoufflants.com\/index.php\/wp-json\/wp\/v2\/product_brand?post=3423"},{"taxonomy":"product_cat","embeddable":true,"href":"https:\/\/atelierdessoufflants.com\/index.php\/wp-json\/wp\/v2\/product_cat?post=3423"},{"taxonomy":"product_tag","embeddable":true,"href":"https:\/\/atelierdessoufflants.com\/index.php\/wp-json\/wp\/v2\/product_tag?post=3423"}],"curies":[{"name":"wp","href":"https:\/\/api.w.org\/{rel}","templated":true}]}}