{"id":3408,"date":"2025-10-23T01:16:29","date_gmt":"2025-10-22T23:16:29","guid":{"rendered":"https:\/\/atelierdessoufflants.shop\/?post_type=product&#038;p=3408"},"modified":"2025-10-23T01:17:42","modified_gmt":"2025-10-22T23:17:42","slug":"trombone-a-pistons-ut-sib-argente-couesnon","status":"publish","type":"product","link":"https:\/\/atelierdessoufflants.com\/index.php\/produit\/trombone-a-pistons-ut-sib-argente-couesnon\/","title":{"rendered":"trombone \u00e0 pistons Ut\/Sib argent\u00e9 Couesnon"},"content":{"rendered":"<p><strong>GAMME : interm\u00e9diaire<\/strong><br \/>\n<strong>ANN\u00c9E : <\/strong><br \/>\n<strong>N\u00b0s\u00e9rie :<\/strong><\/p>\n<p>Trombone\u00a0 \u00e0 pistons Couesnon argent\u00e9\u00a0 perce 11.9mm tonalit\u00e9 Ut ou Sib<br \/>\nEnti\u00e8rement r\u00e9vis\u00e9 \u00e0 l&rsquo;atelier (feutres, pistons, cl\u00e9 d&rsquo;eau, nettoyage, graissage g\u00e9n\u00e9ral) bon \u00e9tat g\u00e9n\u00e9ral, quelques traces de d\u00e9bosselage sur le pavillon en parfait \u00e9tat de marche, bonne justesse.<br \/>\nPour info un mod\u00e8le actualis\u00e9 est toujours disponible en neuf chez le fabricant fran\u00e7ais COUESNON dans l&rsquo;Aisne.<br \/>\n<a href=\"http:\/\/instruments-musique.pgm-couesnon.fr\/fabrication-percussions-instruments-musique-famille-Trombones-a-pistons----3-valves-trombones--fr-8-1.html\">VOIR LA FICHE PRODUIT ACTUELLE CHEZ LE FABRICANT<\/a><br \/>\nVendu avec \u00e9tui sac \u00e0 dos souple neuf DH moon serie et embouchure gewa 12C<\/p>\n<p>&nbsp;<\/p>\n<p><strong>GARANTIE 1 AN<\/strong><\/p>\n","protected":false},"excerpt":{"rendered":"<p>trombone \u00e0 pistons facture Fran\u00e7aise, 3 pistons en Sib ou Ut, finition argent\u00e9e<\/p>\n","protected":false},"featured_media":3443,"template":"","meta":[],"product_brand":[],"product_cat":[17,31,47],"product_tag":[],"class_list":{"0":"post-3408","1":"product","2":"type-product","3":"status-publish","4":"has-post-thumbnail","6":"product_cat-occasions","7":"product_cat-trombones","8":"product_cat-ventes","10":"first","11":"outofstock","12":"sold-individually","13":"shipping-taxable","14":"product-type-simple"},"_links":{"self":[{"href":"https:\/\/atelierdessoufflants.com\/index.php\/wp-json\/wp\/v2\/product\/3408","targetHints":{"allow":["GET"]}}],"collection":[{"href":"https:\/\/atelierdessoufflants.com\/index.php\/wp-json\/wp\/v2\/product"}],"about":[{"href":"https:\/\/atelierdessoufflants.com\/index.php\/wp-json\/wp\/v2\/types\/product"}],"wp:featuredmedia":[{"embeddable":true,"href":"https:\/\/atelierdessoufflants.com\/index.php\/wp-json\/wp\/v2\/media\/3443"}],"wp:attachment":[{"href":"https:\/\/atelierdessoufflants.com\/index.php\/wp-json\/wp\/v2\/media?parent=3408"}],"wp:term":[{"taxonomy":"product_brand","embeddable":true,"href":"https:\/\/atelierdessoufflants.com\/index.php\/wp-json\/wp\/v2\/product_brand?post=3408"},{"taxonomy":"product_cat","embeddable":true,"href":"https:\/\/atelierdessoufflants.com\/index.php\/wp-json\/wp\/v2\/product_cat?post=3408"},{"taxonomy":"product_tag","embeddable":true,"href":"https:\/\/atelierdessoufflants.com\/index.php\/wp-json\/wp\/v2\/product_tag?post=3408"}],"curies":[{"name":"wp","href":"https:\/\/api.w.org\/{rel}","templated":true}]}}