{"id":3341,"date":"2025-10-23T01:11:44","date_gmt":"2025-10-22T23:11:44","guid":{"rendered":"https:\/\/atelierdessoufflants.shop\/?post_type=product&#038;p=3341"},"modified":"2026-03-20T18:41:54","modified_gmt":"2026-03-20T17:41:54","slug":"saxophone-alto-buffet-crampon-s1-vernis-etui-max-neuf","status":"publish","type":"product","link":"https:\/\/atelierdessoufflants.com\/index.php\/produit\/saxophone-alto-buffet-crampon-s1-vernis-etui-max-neuf\/","title":{"rendered":"saxophone alto Buffet Crampon S1 vernis + \u00e9tui MAX neuf !!"},"content":{"rendered":"<p>GAMME : pro<br \/>\nann\u00e9e : 1976<br \/>\nN\u00b0s\u00e9rie : 25XXX<\/p>\n<p>Saxophone Buffet-Crampon alto S1\u00a0 (fabrication de 1973 \u00e0 1988)<br \/>\nmod\u00e8le Pro (s\u00e9rie S) des ann\u00e9es 70&rsquo;s avec fa# aigu, finition vernis grav\u00e9, tr\u00e8s bon saxophone professionnel dans la tradition fran\u00e7aise.<br \/>\nRival direct du c\u00e9l\u00e8bre mark VI, mark VII et SA80\u00a0 de la maison concurrente des Yvelines.<br \/>\nEnti\u00e8rement re-tamponn\u00e9 \u00e0 l&rsquo;atelier en tampons cuir r\u00e9sonateurs inox (Martin Chanu France), toutes garnitures chang\u00e9es, contr\u00f4le et r\u00e9glage m\u00e9canique, changement des correspondances de cadences UT et SIb d&rsquo;origine en plastique, montage de mod\u00e8les en laiton + changement des quelques ressorts d\u00e9fectueux.<br \/>\nSupport de pouce r\u00e9glable, spatule des graves articul\u00e9e et spatules m\u00e9caniques sur Mib et Do grave (typique de ce mod\u00e8le et des mod\u00e8les \u00ab\u00a0prestige\u00a0\u00bb de l&rsquo;\u00e9poque chez Buffet)<br \/>\nverni piqu\u00e9 \u00e0 de nombreux endroits.<\/p>\n<p>En parfait \u00e9tat de fonctionnement.\u00a0 A venir essayer \u00e0 l&rsquo;atelier !!<\/p>\n<p>vendu avec \u00e9tui neuf sac \u00e0 dos (MAX fabrication PROTEC) \u00e9tui en attente de r\u00e9ception, sans bec<\/p>\n<p><strong>GARANTIE 1 AN<\/strong><\/p>\n","protected":false},"excerpt":{"rendered":"<p>mod\u00e8le Pro accessible, avec Fa# aigu, super ergonomie<\/p>\n","protected":false},"featured_media":3381,"template":"","meta":[],"product_brand":[72],"product_cat":[17,37,47],"product_tag":[],"class_list":{"0":"post-3341","1":"product","2":"type-product","3":"status-publish","4":"has-post-thumbnail","6":"product_brand-buffet-crampon","7":"product_cat-occasions","8":"product_cat-saxophones","9":"product_cat-ventes","11":"first","12":"outofstock","13":"sold-individually","14":"shipping-taxable","15":"product-type-simple"},"_links":{"self":[{"href":"https:\/\/atelierdessoufflants.com\/index.php\/wp-json\/wp\/v2\/product\/3341","targetHints":{"allow":["GET"]}}],"collection":[{"href":"https:\/\/atelierdessoufflants.com\/index.php\/wp-json\/wp\/v2\/product"}],"about":[{"href":"https:\/\/atelierdessoufflants.com\/index.php\/wp-json\/wp\/v2\/types\/product"}],"wp:featuredmedia":[{"embeddable":true,"href":"https:\/\/atelierdessoufflants.com\/index.php\/wp-json\/wp\/v2\/media\/3381"}],"wp:attachment":[{"href":"https:\/\/atelierdessoufflants.com\/index.php\/wp-json\/wp\/v2\/media?parent=3341"}],"wp:term":[{"taxonomy":"product_brand","embeddable":true,"href":"https:\/\/atelierdessoufflants.com\/index.php\/wp-json\/wp\/v2\/product_brand?post=3341"},{"taxonomy":"product_cat","embeddable":true,"href":"https:\/\/atelierdessoufflants.com\/index.php\/wp-json\/wp\/v2\/product_cat?post=3341"},{"taxonomy":"product_tag","embeddable":true,"href":"https:\/\/atelierdessoufflants.com\/index.php\/wp-json\/wp\/v2\/product_tag?post=3341"}],"curies":[{"name":"wp","href":"https:\/\/api.w.org\/{rel}","templated":true}]}}