{"id":3274,"date":"2025-10-23T00:54:10","date_gmt":"2025-10-22T22:54:10","guid":{"rendered":"https:\/\/atelierdessoufflants.shop\/?post_type=product&#038;p=3274"},"modified":"2025-10-23T00:54:10","modified_gmt":"2025-10-22T22:54:10","slug":"yamaha-yfl281-flute-traversiere","status":"publish","type":"product","link":"https:\/\/atelierdessoufflants.com\/index.php\/produit\/yamaha-yfl281-flute-traversiere\/","title":{"rendered":"YAMAHA YFL281 Fl\u00fbte traversi\u00e8re"},"content":{"rendered":"<p><strong>GAMME : \u00e9tude<\/strong><br \/>\n<strong>N\u00b0s\u00e9rie :360XXXX<\/strong><br \/>\n<strong>ann\u00e9e: 2006-2010 environ<\/strong><\/p>\n<p>Fl\u00fbte traversi\u00e8re\u00a0 Yamaha YFL 281\u00a0 (fabrication Japon)<br \/>\nUne r\u00e9f\u00e9rence mondiale en mod\u00e8le d&rsquo;\u00e9tude depuis plus de 30 ans, facilit\u00e9 d&rsquo;\u00e9mission, justesse et fiabilit\u00e9.<br \/>\nEn parfait \u00e9tat de marche elle vient d&rsquo;\u00eatre enti\u00e8rement r\u00e9vis\u00e9e, nettoy\u00e9e, r\u00e9gl\u00e9e et graiss\u00e9e.<\/p>\n<p><strong>caract\u00e9ristiques :<br \/>\n<\/strong>-embouchure, corps, patte et m\u00e9canique en maillechort argent\u00e9<br \/>\n-plateaux creux avec bouchons plastiques<br \/>\n-cl\u00e9tage en ligne<br \/>\n-patte Ut<br \/>\n-vis de r\u00e9glage (facilit\u00e9 maintenance atelier)<br \/>\n-rep\u00e8res de montage pour les plus jeunes<br \/>\n-avec \u00e9tui et \u00e9couvillon<\/p>\n<p><strong>GARANTIE 1 AN<\/strong><\/p>\n<p><strong><\/p>\n<p><\/strong><\/p>\n","protected":false},"excerpt":{"rendered":"<p>la r\u00e9f\u00e9rence mondiale en fl\u00fbte traversi\u00e8re d&rsquo;\u00e9tude<\/p>\n","protected":false},"featured_media":3290,"template":"","meta":[],"product_brand":[],"product_cat":[35,17,47],"product_tag":[],"class_list":{"0":"post-3274","1":"product","2":"type-product","3":"status-publish","4":"has-post-thumbnail","6":"product_cat-flutes-traversieres","7":"product_cat-occasions","8":"product_cat-ventes","10":"first","11":"outofstock","12":"sold-individually","13":"shipping-taxable","14":"product-type-simple"},"_links":{"self":[{"href":"https:\/\/atelierdessoufflants.com\/index.php\/wp-json\/wp\/v2\/product\/3274","targetHints":{"allow":["GET"]}}],"collection":[{"href":"https:\/\/atelierdessoufflants.com\/index.php\/wp-json\/wp\/v2\/product"}],"about":[{"href":"https:\/\/atelierdessoufflants.com\/index.php\/wp-json\/wp\/v2\/types\/product"}],"wp:featuredmedia":[{"embeddable":true,"href":"https:\/\/atelierdessoufflants.com\/index.php\/wp-json\/wp\/v2\/media\/3290"}],"wp:attachment":[{"href":"https:\/\/atelierdessoufflants.com\/index.php\/wp-json\/wp\/v2\/media?parent=3274"}],"wp:term":[{"taxonomy":"product_brand","embeddable":true,"href":"https:\/\/atelierdessoufflants.com\/index.php\/wp-json\/wp\/v2\/product_brand?post=3274"},{"taxonomy":"product_cat","embeddable":true,"href":"https:\/\/atelierdessoufflants.com\/index.php\/wp-json\/wp\/v2\/product_cat?post=3274"},{"taxonomy":"product_tag","embeddable":true,"href":"https:\/\/atelierdessoufflants.com\/index.php\/wp-json\/wp\/v2\/product_tag?post=3274"}],"curies":[{"name":"wp","href":"https:\/\/api.w.org\/{rel}","templated":true}]}}