{"id":3248,"date":"2025-10-23T00:48:53","date_gmt":"2025-10-22T22:48:53","guid":{"rendered":"https:\/\/atelierdessoufflants.shop\/?post_type=product&#038;p=3248"},"modified":"2026-04-12T12:15:29","modified_gmt":"2026-04-12T10:15:29","slug":"trompette-piccolo-selmer-modele-maurice-andre","status":"publish","type":"product","link":"https:\/\/atelierdessoufflants.com\/index.php\/produit\/trompette-piccolo-selmer-modele-maurice-andre\/","title":{"rendered":"trompette Piccolo Selmer (Mod\u00e8le Maurice Andr\u00e9)"},"content":{"rendered":"<p>GAMME : pro<br \/>\nANN\u00c9E : 1981<br \/>\nN\u00b0s\u00e9rie : 76XXX<br \/>\nD\u00c9POT-VENTE<\/p>\n<p>&nbsp;<\/p>\n<p>Trompette Piccolo Selmer Sib\/ La (branches d&#8217;embouchures interchangeable) finition vernis<br \/>\ncl\u00e9 d&rsquo;eau sur la coulisse g\u00e9n\u00e9rale, coulisse mobile sur piston 3.<\/p>\n<p>Un mod\u00e8le \u00ab\u00a0court\u00a0\u00bb 4 pistons mis au point par Selmer (France) vers 1970 en collaboration avec\u00a0 Maurice Andr\u00e9.<br \/>\nMod\u00e8le toujours consid\u00e9r\u00e9 comme une r\u00e9f\u00e9rence niveau justesse, projection et centrage du son.<\/p>\n<p>Vous trouverez si besoin plus d&rsquo;infos sur :<\/p>\n<p><a href=\"http:\/\/www.maurice-andre.fr\/choisir.piccolo.htm\">http:\/\/www.maurice-andre.fr\/choisir.piccolo.htm<\/a><\/p>\n<p><a href=\"http:\/\/la.trompette.free.fr\/piccolo.htm\">http:\/\/la.trompette.free.fr\/piccolo.htm<\/a><\/p>\n<p>Tr\u00e8s bon \u00e9tat g\u00e9n\u00e9ral, l\u00e9ger manque plaquage \u00e0 certain endroit sur les pistons mais n&rsquo;alt\u00e8re en rien le bon fonctionnment de l&rsquo;instrument, m\u00e9canique enti\u00e8rement r\u00e9vis\u00e9e \u00e0 l&rsquo;atelier, tr\u00e8s bonne compression des pistons, toutes coulisses libres, cl\u00e9 d&rsquo;eau Ok (li\u00e8ge, ressort, et feutre neuf).<span class=\"value\"><br \/>\n<\/span><\/p>\n<p>2\u00e8me main, avec certificat de vente de 1981<\/p>\n<p>\u00e9tui selmer d&rsquo;origine<br \/>\navec embouchure Vincent Bach 7DW<\/p>\n<p><strong>GARANTIE 1 AN<\/strong><\/p>\n<p><iframe loading=\"lazy\" src=\"https:\/\/www.youtube.com\/embed\/xTlMBSsWSnU\" width=\"560\" height=\"315\" frameborder=\"0\" allowfullscreen=\"allowfullscreen\"><\/iframe><\/p>\n","protected":false},"excerpt":{"rendered":"<p>mod\u00e8le Selmer, mod\u00e8le court d\u00e9velopp\u00e9 par Selmer et Maurice Andr\u00e9<\/p>\n","protected":false},"featured_media":3258,"template":"","meta":[],"product_brand":[],"product_cat":[17,98,38,47],"product_tag":[],"class_list":{"0":"post-3248","1":"product","2":"type-product","3":"status-publish","4":"has-post-thumbnail","6":"product_cat-occasions","7":"product_cat-trompettes-occasion-vendu","8":"product_cat-trompettes-cornets-bugle","9":"product_cat-ventes","11":"first","12":"outofstock","13":"sold-individually","14":"shipping-taxable","15":"product-type-simple"},"_links":{"self":[{"href":"https:\/\/atelierdessoufflants.com\/index.php\/wp-json\/wp\/v2\/product\/3248","targetHints":{"allow":["GET"]}}],"collection":[{"href":"https:\/\/atelierdessoufflants.com\/index.php\/wp-json\/wp\/v2\/product"}],"about":[{"href":"https:\/\/atelierdessoufflants.com\/index.php\/wp-json\/wp\/v2\/types\/product"}],"wp:featuredmedia":[{"embeddable":true,"href":"https:\/\/atelierdessoufflants.com\/index.php\/wp-json\/wp\/v2\/media\/3258"}],"wp:attachment":[{"href":"https:\/\/atelierdessoufflants.com\/index.php\/wp-json\/wp\/v2\/media?parent=3248"}],"wp:term":[{"taxonomy":"product_brand","embeddable":true,"href":"https:\/\/atelierdessoufflants.com\/index.php\/wp-json\/wp\/v2\/product_brand?post=3248"},{"taxonomy":"product_cat","embeddable":true,"href":"https:\/\/atelierdessoufflants.com\/index.php\/wp-json\/wp\/v2\/product_cat?post=3248"},{"taxonomy":"product_tag","embeddable":true,"href":"https:\/\/atelierdessoufflants.com\/index.php\/wp-json\/wp\/v2\/product_tag?post=3248"}],"curies":[{"name":"wp","href":"https:\/\/api.w.org\/{rel}","templated":true}]}}