{"id":3224,"date":"2025-10-23T00:42:32","date_gmt":"2025-10-22T22:42:32","guid":{"rendered":"https:\/\/atelierdessoufflants.shop\/?post_type=product&#038;p=3224"},"modified":"2025-10-23T00:43:14","modified_gmt":"2025-10-22T22:43:14","slug":"cornet-a-pistons-roy-benson-cr-302-en-tbe-trigger-coulisse-1-et-3-etui-embouchure","status":"publish","type":"product","link":"https:\/\/atelierdessoufflants.com\/index.php\/produit\/cornet-a-pistons-roy-benson-cr-302-en-tbe-trigger-coulisse-1-et-3-etui-embouchure\/","title":{"rendered":"Roy Benson CR-302 Cornet \u00e0 pistons [en TBE, trigger coulisse 1 et 3 + etui + embouchure ]"},"content":{"rendered":"<p>GAMME : \u00e9tude<br \/>\nann\u00e9e :<\/p>\n<p>cornet court ROY BENSON CR-202, mod\u00e8le d&rsquo;\u00e9tude id\u00e9al pour un enfant ou adulte qui veut d\u00e9couvrir le petit cuivre avec un instrument fiable d&rsquo;entr\u00e9e de gamme, Roy Benson (marque Allemande) se distingue par son s\u00e9rieux et ses cuivres d&rsquo;un tr\u00e8s bon rapport qualit\u00e9 prix, mod\u00e8le avec m\u00e9canique de poucier pour l&rsquo;accord des coulisses mobiles. (syst\u00e8me de trigger)<\/p>\n<p><strong>Caract\u00e9ristiques :<\/strong><br \/>\ntonalit\u00e9 Sib<br \/>\nperce ML<br \/>\npavillon laiton<br \/>\nbranche standard en cuivre rose (anti-corrosion)<br \/>\ncoulisse piston 3 avec trigger<br \/>\ncoulisse piston 1 avec trigger<br \/>\nfourreau de coulisses en maillechort<br \/>\npiston acier inoxydable<br \/>\n2 cl\u00e9s d&rsquo;eau<br \/>\nembouchure + huile piston<br \/>\n\u00e9tui leger avec courroie<br \/>\nfinition vernis<\/p>\n<p>remarque: manque de vernis sur la coulisse d&rsquo;accords (voir photos), tr\u00e8s l\u00e9g\u00e8re traces de d\u00e9-bosselage sur le pavillon<\/p>\n<p><strong>GARANTIE :\u00a0 1 an<\/strong><\/p>\n","protected":false},"excerpt":{"rendered":"<p>cornet d&rsquo;\u00e9tude tr\u00e8s bon \u00e9tat<\/p>\n","protected":false},"featured_media":3245,"template":"","meta":[],"product_brand":[],"product_cat":[17,38,47],"product_tag":[],"class_list":{"0":"post-3224","1":"product","2":"type-product","3":"status-publish","4":"has-post-thumbnail","6":"product_cat-occasions","7":"product_cat-trompettes-cornets-bugle","8":"product_cat-ventes","10":"first","11":"outofstock","12":"sold-individually","13":"shipping-taxable","14":"product-type-simple"},"_links":{"self":[{"href":"https:\/\/atelierdessoufflants.com\/index.php\/wp-json\/wp\/v2\/product\/3224","targetHints":{"allow":["GET"]}}],"collection":[{"href":"https:\/\/atelierdessoufflants.com\/index.php\/wp-json\/wp\/v2\/product"}],"about":[{"href":"https:\/\/atelierdessoufflants.com\/index.php\/wp-json\/wp\/v2\/types\/product"}],"wp:featuredmedia":[{"embeddable":true,"href":"https:\/\/atelierdessoufflants.com\/index.php\/wp-json\/wp\/v2\/media\/3245"}],"wp:attachment":[{"href":"https:\/\/atelierdessoufflants.com\/index.php\/wp-json\/wp\/v2\/media?parent=3224"}],"wp:term":[{"taxonomy":"product_brand","embeddable":true,"href":"https:\/\/atelierdessoufflants.com\/index.php\/wp-json\/wp\/v2\/product_brand?post=3224"},{"taxonomy":"product_cat","embeddable":true,"href":"https:\/\/atelierdessoufflants.com\/index.php\/wp-json\/wp\/v2\/product_cat?post=3224"},{"taxonomy":"product_tag","embeddable":true,"href":"https:\/\/atelierdessoufflants.com\/index.php\/wp-json\/wp\/v2\/product_tag?post=3224"}],"curies":[{"name":"wp","href":"https:\/\/api.w.org\/{rel}","templated":true}]}}