{"id":3167,"date":"2025-10-22T20:50:46","date_gmt":"2025-10-22T18:50:46","guid":{"rendered":"https:\/\/atelierdessoufflants.shop\/?post_type=product&#038;p=3167"},"modified":"2025-10-25T18:09:40","modified_gmt":"2025-10-25T16:09:40","slug":"clarinette-yamaha-ycl-34-ii-tout-ebene-tampons-cuir-neuf-bec-etui","status":"publish","type":"product","link":"https:\/\/atelierdessoufflants.com\/index.php\/produit\/clarinette-yamaha-ycl-34-ii-tout-ebene-tampons-cuir-neuf-bec-etui\/","title":{"rendered":"clarinette YAMAHA YCL 34 II [TOUT  \u00c9B\u00c8NE, TAMPONS CUIR NEUF + BEC + ETUI ]"},"content":{"rendered":"<p><strong>GAMME : semi-pro<\/strong><br \/>\n<strong>ANN\u00c9E : 1984-2001<\/strong><br \/>\n<strong>N\u00b0s\u00e9rie :010XXX<\/strong><\/p>\n<p>Clarinette\u00a0 \u00e9b\u00e8ne Yamaha YCL34 (fabrication Japan), mod\u00e8le qui a pr\u00e9c\u00e9d\u00e9 la YCL650<br \/>\nUn instrument semi-pro de qualit\u00e9 en TBE, re-tamponn\u00e9e cuir peau blanche (tampons haut de gamme Chedeville Lelandais France), garnitures, li\u00e8ges neuf, cl\u00e9tage nickel\u00e9.<\/p>\n<p><strong>Valeur neuf \u00e9quivalent environ 1200 euros environ<\/strong><\/p>\n<p><strong>GARANTIE 1 AN<\/strong><\/p>\n","protected":false},"excerpt":{"rendered":"<p>mod\u00e8le semi pro tout \u00e9b\u00e8ne, tampons cuir neuf<\/p>\n","protected":false},"featured_media":3171,"template":"","meta":[],"product_brand":[71],"product_cat":[36,70,17,47],"product_tag":[],"class_list":{"0":"post-3167","1":"product","2":"type-product","3":"status-publish","4":"has-post-thumbnail","6":"product_brand-yamaha","7":"product_cat-clarinettes","8":"product_cat-clarinettes-occasion-vendu","9":"product_cat-occasions","10":"product_cat-ventes","12":"first","13":"outofstock","14":"sold-individually","15":"shipping-taxable","16":"product-type-simple"},"_links":{"self":[{"href":"https:\/\/atelierdessoufflants.com\/index.php\/wp-json\/wp\/v2\/product\/3167","targetHints":{"allow":["GET"]}}],"collection":[{"href":"https:\/\/atelierdessoufflants.com\/index.php\/wp-json\/wp\/v2\/product"}],"about":[{"href":"https:\/\/atelierdessoufflants.com\/index.php\/wp-json\/wp\/v2\/types\/product"}],"wp:featuredmedia":[{"embeddable":true,"href":"https:\/\/atelierdessoufflants.com\/index.php\/wp-json\/wp\/v2\/media\/3171"}],"wp:attachment":[{"href":"https:\/\/atelierdessoufflants.com\/index.php\/wp-json\/wp\/v2\/media?parent=3167"}],"wp:term":[{"taxonomy":"product_brand","embeddable":true,"href":"https:\/\/atelierdessoufflants.com\/index.php\/wp-json\/wp\/v2\/product_brand?post=3167"},{"taxonomy":"product_cat","embeddable":true,"href":"https:\/\/atelierdessoufflants.com\/index.php\/wp-json\/wp\/v2\/product_cat?post=3167"},{"taxonomy":"product_tag","embeddable":true,"href":"https:\/\/atelierdessoufflants.com\/index.php\/wp-json\/wp\/v2\/product_tag?post=3167"}],"curies":[{"name":"wp","href":"https:\/\/api.w.org\/{rel}","templated":true}]}}