{"id":3109,"date":"2025-10-22T20:42:00","date_gmt":"2025-10-22T18:42:00","guid":{"rendered":"https:\/\/atelierdessoufflants.shop\/?post_type=product&#038;p=3109"},"modified":"2025-10-25T18:09:55","modified_gmt":"2025-10-25T16:09:55","slug":"clarinette-yamaha-ycl-250-tbe-tampons-mousse-bec-et-etui-dorigine","status":"publish","type":"product","link":"https:\/\/atelierdessoufflants.com\/index.php\/produit\/clarinette-yamaha-ycl-250-tbe-tampons-mousse-bec-et-etui-dorigine\/","title":{"rendered":"clarinette YAMAHA YCL-250 [ TBE ++, tampons mousse,  bec et \u00e9tui d&rsquo;origine]"},"content":{"rendered":"<p><strong>GAMME :<\/strong> <strong>\u00e9tude<\/strong><br \/>\n<strong>ANNEE : <\/strong><br \/>\n<strong>N\u00b0serie :J294XX<\/strong><\/p>\n<p>Clarinette\u00a0 Yamaha YCL 250 (fabrication indon\u00e9sie).<br \/>\nUne r\u00e9f\u00e9rence mondiale en mod\u00e8le d&rsquo;\u00e9tude en r\u00e9sine, moins fragile, n\u00e9cessitant moins d&rsquo;entretien et plus l\u00e9ger qu&rsquo;un mod\u00e8le en \u00e9b\u00e8ne, donc particuli\u00e8rement adapt\u00e9 aux enfants et \u00e0 l&rsquo;apprentissage en g\u00e9n\u00e9ral.<br \/>\nEnti\u00e8rement r\u00e9vis\u00e9.<br \/>\nJustesse et facilit\u00e9 d&rsquo;\u00e9mission et de registre<\/p>\n<p>Vendu avec \u00e9tui, bec d&rsquo;origine + \u00e9couvillon<\/p>\n<p><strong>Prix<\/strong> <strong>neuf mod\u00e8le actuel (YCL255 ) avec remise 530 euros (717 euros catalogue)<br \/>\n<\/strong><\/p>\n<p><strong>GARANTIE 1 AN<\/strong><\/p>\n","protected":false},"excerpt":{"rendered":"<p>Mod\u00e8le d&rsquo;\u00e9tude en r\u00e9sine, une r\u00e9f\u00e9rence mondiale (justesse, robustesse, fiabilit\u00e9, facilit\u00e9 de jeu)<\/p>\n","protected":false},"featured_media":3163,"template":"","meta":[],"product_brand":[71],"product_cat":[36,70,17,47],"product_tag":[],"class_list":{"0":"post-3109","1":"product","2":"type-product","3":"status-publish","4":"has-post-thumbnail","6":"product_brand-yamaha","7":"product_cat-clarinettes","8":"product_cat-clarinettes-occasion-vendu","9":"product_cat-occasions","10":"product_cat-ventes","12":"first","13":"outofstock","14":"sold-individually","15":"shipping-taxable","16":"product-type-simple"},"_links":{"self":[{"href":"https:\/\/atelierdessoufflants.com\/index.php\/wp-json\/wp\/v2\/product\/3109","targetHints":{"allow":["GET"]}}],"collection":[{"href":"https:\/\/atelierdessoufflants.com\/index.php\/wp-json\/wp\/v2\/product"}],"about":[{"href":"https:\/\/atelierdessoufflants.com\/index.php\/wp-json\/wp\/v2\/types\/product"}],"wp:featuredmedia":[{"embeddable":true,"href":"https:\/\/atelierdessoufflants.com\/index.php\/wp-json\/wp\/v2\/media\/3163"}],"wp:attachment":[{"href":"https:\/\/atelierdessoufflants.com\/index.php\/wp-json\/wp\/v2\/media?parent=3109"}],"wp:term":[{"taxonomy":"product_brand","embeddable":true,"href":"https:\/\/atelierdessoufflants.com\/index.php\/wp-json\/wp\/v2\/product_brand?post=3109"},{"taxonomy":"product_cat","embeddable":true,"href":"https:\/\/atelierdessoufflants.com\/index.php\/wp-json\/wp\/v2\/product_cat?post=3109"},{"taxonomy":"product_tag","embeddable":true,"href":"https:\/\/atelierdessoufflants.com\/index.php\/wp-json\/wp\/v2\/product_tag?post=3109"}],"curies":[{"name":"wp","href":"https:\/\/api.w.org\/{rel}","templated":true}]}}