{"id":3106,"date":"2025-10-22T20:35:06","date_gmt":"2025-10-22T18:35:06","guid":{"rendered":"https:\/\/atelierdessoufflants.shop\/?post_type=product&#038;p=3106"},"modified":"2026-04-12T12:15:40","modified_gmt":"2026-04-12T10:15:40","slug":"cornet-a-pistons-jupiter-jcr-526r-etui-dorigine-embouchure","status":"publish","type":"product","link":"https:\/\/atelierdessoufflants.com\/index.php\/produit\/cornet-a-pistons-jupiter-jcr-526r-etui-dorigine-embouchure\/","title":{"rendered":"Cornet \u00e0 pistons JUPITER JCR 526R [\u00e9tui d&rsquo;origine + embouchure]"},"content":{"rendered":"<p><strong>GAMME : \u00e9tude<\/strong><br \/>\n<strong>ANN\u00c9E : <\/strong><br \/>\n<strong>N\u00b0s\u00e9rie : L31XXX<\/strong><\/p>\n<p>&nbsp;<\/p>\n<p>mod\u00e8le d&rsquo;\u00e9tude, enti\u00e8rement contr\u00f4l\u00e9 et r\u00e9vis\u00e9 \u00e0 l&rsquo;atelier, parfait \u00e9tat de marche<\/p>\n<p><span class=\"PBLongTxt PBItemDesc\">Sp\u00e9cifications:<\/p>\n<p>Tonalit\u00e9 : Sib<\/p>\n<p>Perce : 11,68mm<\/p>\n<p>Pavillon : 120mm, cuivre rose verni<\/p>\n<p>Branche d&#8217;embouchure : cuivre rose verni<\/p>\n<p>Pistons : acier inoxydable<\/p>\n<p>Anneau 1\u00e8re coulisse<\/p>\n<p>Anneau r\u00e9glable 3\u00e8me coulisse<\/p>\n<p>Boutons de pistons aspect nacr\u00e9<\/p>\n<p>Embouchure jupiter 9E<\/p>\n<p>\u00c9tui Jupiter valise<br \/>\n<\/span><\/p>\n<p><strong>Valeur neuf environ 500 euros <\/strong><\/p>\n<p><strong>GARANTIE 1 AN<\/strong><\/p>\n","protected":false},"excerpt":{"rendered":"<p>mod\u00e8le d&rsquo;\u00e9tude, parfait pour commencer le petit cuivre<\/p>\n","protected":false},"featured_media":3137,"template":"","meta":[],"product_brand":[],"product_cat":[17,98,38,47],"product_tag":[],"class_list":{"0":"post-3106","1":"product","2":"type-product","3":"status-publish","4":"has-post-thumbnail","6":"product_cat-occasions","7":"product_cat-trompettes-occasion-vendu","8":"product_cat-trompettes-cornets-bugle","9":"product_cat-ventes","11":"first","12":"outofstock","13":"sold-individually","14":"shipping-taxable","15":"product-type-simple"},"_links":{"self":[{"href":"https:\/\/atelierdessoufflants.com\/index.php\/wp-json\/wp\/v2\/product\/3106","targetHints":{"allow":["GET"]}}],"collection":[{"href":"https:\/\/atelierdessoufflants.com\/index.php\/wp-json\/wp\/v2\/product"}],"about":[{"href":"https:\/\/atelierdessoufflants.com\/index.php\/wp-json\/wp\/v2\/types\/product"}],"wp:featuredmedia":[{"embeddable":true,"href":"https:\/\/atelierdessoufflants.com\/index.php\/wp-json\/wp\/v2\/media\/3137"}],"wp:attachment":[{"href":"https:\/\/atelierdessoufflants.com\/index.php\/wp-json\/wp\/v2\/media?parent=3106"}],"wp:term":[{"taxonomy":"product_brand","embeddable":true,"href":"https:\/\/atelierdessoufflants.com\/index.php\/wp-json\/wp\/v2\/product_brand?post=3106"},{"taxonomy":"product_cat","embeddable":true,"href":"https:\/\/atelierdessoufflants.com\/index.php\/wp-json\/wp\/v2\/product_cat?post=3106"},{"taxonomy":"product_tag","embeddable":true,"href":"https:\/\/atelierdessoufflants.com\/index.php\/wp-json\/wp\/v2\/product_tag?post=3106"}],"curies":[{"name":"wp","href":"https:\/\/api.w.org\/{rel}","templated":true}]}}