{"id":3067,"date":"2025-10-22T20:01:12","date_gmt":"2025-10-22T18:01:12","guid":{"rendered":"https:\/\/atelierdessoufflants.shop\/?post_type=product&#038;p=3067"},"modified":"2026-03-20T18:42:35","modified_gmt":"2026-03-20T17:42:35","slug":"antigua-proone-saxophone-alto-vernis-grave-garantie-2-ans-suivi-atelier-2","status":"publish","type":"product","link":"https:\/\/atelierdessoufflants.com\/index.php\/produit\/antigua-proone-saxophone-alto-vernis-grave-garantie-2-ans-suivi-atelier-2\/","title":{"rendered":"ANTIGUA \u00a0\u00bbPROONE\u00a0\u00bb SAXOPHONE ALTO vernis grav\u00e9 [GARANTIE 2 ANS + SUIVI ATELIER]"},"content":{"rendered":"<p><strong>GAMME : PRO<br \/>\nANN\u00c9E : 2025<\/strong><\/p>\n<p>&nbsp;<\/p>\n<div class=\"pa1 txtjustify mbl\"><span style=\"font-size: 14px;\">Le \u00ab\u00a0PROONE\u00a0\u00bb de chez ANTIGUA est un v\u00e9ritable petit bijoux (coup coeur de l&rsquo;atelier)\u00a0 temps sur sa sonorit\u00e9 riche et puissante que sa facilit\u00e9 de jeu. Ensuite, gros point fort sur la finition, la qualit\u00e9 des mat\u00e9riaux mais surtout avec sa conception m\u00e9canique assez unique :<\/span><\/div>\n<div class=\"pa1 txtjustify mbl\"><\/div>\n<div class=\"pa1 txtjustify mbl\"><\/div>\n<div class=\"pa1 txtjustify mbl\"><strong><span style=\"font-size: 14px;\">CARACTERISTIQUES :<br \/>\n<\/span><\/strong><br \/>\n<span style=\"font-size: 14px;\"> Tonalit\u00e9 : Mib<\/span><br \/>\n<span style=\"font-size: 14px;\"> Registre : Sib grave \u00e0 Fa # aigu<\/span><br \/>\n<span style=\"font-size: 14px;\"> Corps : laiton<\/span><br \/>\n<span style=\"font-size: 14px;\"> Culasse : Laiton<\/span><br \/>\n<span style=\"font-size: 14px;\"> Pavillon : laiton<\/span><br \/>\n<span style=\"font-size: 14px;\"> Cl\u00e9s : laiton<\/span><\/div>\n<div class=\"pa1 txtjustify mbl\"><span style=\"font-size: 14px;\">touches:nacres naturelles<\/span><br \/>\n<span style=\"font-size: 14px;\"> Finition : verni brun grav\u00e9<\/span><\/div>\n<div class=\"pa1 txtjustify mbl\"><span style=\"font-size: 14px;\">Tampons: pisoni (italie) r\u00e9sonateurs m\u00e9tal<\/span><br \/>\n<span style=\"font-size: 14px;\"> Bocal grav\u00e9: laiton P1<\/span><br \/>\n<span style=\"font-size: 14px;\"> Type de bocal : amovible<\/span><\/div>\n<div class=\"pa1 txtjustify mbl\"><span style=\"font-size: 14px;\">Syst\u00e8me SOL# incollable<\/span><\/div>\n<div class=\"pa1 txtjustify mbl\"><span style=\"font-size: 14px;\">structure renforc\u00e9 du cl\u00e9tage des graves:<\/span><\/div>\n<div class=\"pa1 txtjustify mbl\"><span style=\"font-size: 14px;\">syst\u00e8me patte d&rsquo;oie avec vis de r\u00e9glage<\/span><\/div>\n<div class=\"pa1 txtjustify mbl\"><span style=\"font-size: 14px;\">chemin\u00e9es roul\u00e9es (hybride) sur les graves dans la tradition des facture am\u00e9ricaine des ann\u00e9es 30 (stabilit\u00e9 du bouchage optimal)<\/span><br \/>\n<span style=\"font-size: 14px;\">correspondance main droite F#\/F avec vis de r\u00e9glage pour une stabilit\u00e9 de la main droite<br \/>\n<\/span><\/div>\n<div class=\"pa1 txtjustify mbl\"><span style=\"font-size: 14px;\">plateaux des graves petit doigt main gauche articul\u00e9 + articulation C#\/B<\/span><\/div>\n<div class=\"pa1 txtjustify mbl\"><span style=\"font-size: 14px;\">Nouvel \u00e9tui sac \u00e0 dos :<\/span><br \/>\n<span style=\"font-size: 14px;\">Pratique gr\u00e2ce \u00e0 son compartiment de rangement int\u00e9rieur et sa poche ext\u00e9rieure<br \/>\n<\/span><span style=\"font-size: 14px;\"><span style=\"font-size: 14px;\">Facile \u00e0 transporter gr\u00e2ce \u00e0 ses deux sangles permettant son utilisation en sac \u00e0 dos<\/span><\/span><\/p>\n<div class=\"pa1 txtjustify mbl\"><span style=\"font-size: 14px;\">Mis au point et design\u00e9 par Peter Ponzol (jazzman am\u00e9ricain et fabricant de becs)<\/span><\/div>\n<p><span style=\"font-size: 14px;\">Fabrication \u00e0 TAIWAN dans un bassin manufacturier hautement qualitatif.(advences, Cannonball, Paul Mauriat, OEM)<br \/>\n<\/span><br \/>\n<span style=\"font-size: 14px;\"><strong>GARANTIE :\u00a0 2 ANS fabricant + suivi atelier<br \/>\n<\/strong><\/span><\/p>\n<\/div>\n<p>&nbsp;<\/p>\n<div class=\"pa1 txtjustify mbl\"><span style=\"font-size: 14px;\"><a href=\"https:\/\/antiguawinds.com\/product\/proone-alto-as6200\/\" target=\"_blank\" rel=\"noopener\">INFOS FABRICANT<\/a><\/span><\/div>\n<div class=\"pa1 txtjustify mbl\"><span style=\"font-size: 14px;\"><a href=\"https:\/\/www.youtube.com\/watch?v=QnWJbhxhVMo\" target=\"_blank\" rel=\"noopener\">pr\u00e9sentation VIDEO<\/a><\/span><\/div>\n<p><span style=\"font-size: 14px;\"><a href=\"https:\/\/www.ponzolmouthpieces.com\/\">PETER PONZOL<\/a><\/span><\/p>\n","protected":false},"excerpt":{"rendered":"<p>un mod\u00e8le pro de tr\u00e8s bonne fabrication, magnifique instrument \u00e0 tous niveaux<\/p>\n","protected":false},"featured_media":4904,"template":"","meta":[],"product_brand":[79],"product_cat":[40,37],"product_tag":[],"class_list":{"0":"post-3067","1":"product","2":"type-product","3":"status-publish","4":"has-post-thumbnail","6":"product_brand-antigua","7":"product_cat-neufs","8":"product_cat-saxophones","10":"first","11":"onbackorder","12":"sold-individually","13":"shipping-taxable","14":"product-type-simple"},"_links":{"self":[{"href":"https:\/\/atelierdessoufflants.com\/index.php\/wp-json\/wp\/v2\/product\/3067","targetHints":{"allow":["GET"]}}],"collection":[{"href":"https:\/\/atelierdessoufflants.com\/index.php\/wp-json\/wp\/v2\/product"}],"about":[{"href":"https:\/\/atelierdessoufflants.com\/index.php\/wp-json\/wp\/v2\/types\/product"}],"wp:featuredmedia":[{"embeddable":true,"href":"https:\/\/atelierdessoufflants.com\/index.php\/wp-json\/wp\/v2\/media\/4904"}],"wp:attachment":[{"href":"https:\/\/atelierdessoufflants.com\/index.php\/wp-json\/wp\/v2\/media?parent=3067"}],"wp:term":[{"taxonomy":"product_brand","embeddable":true,"href":"https:\/\/atelierdessoufflants.com\/index.php\/wp-json\/wp\/v2\/product_brand?post=3067"},{"taxonomy":"product_cat","embeddable":true,"href":"https:\/\/atelierdessoufflants.com\/index.php\/wp-json\/wp\/v2\/product_cat?post=3067"},{"taxonomy":"product_tag","embeddable":true,"href":"https:\/\/atelierdessoufflants.com\/index.php\/wp-json\/wp\/v2\/product_tag?post=3067"}],"curies":[{"name":"wp","href":"https:\/\/api.w.org\/{rel}","templated":true}]}}