{"id":3037,"date":"2025-10-22T19:49:59","date_gmt":"2025-10-22T17:49:59","guid":{"rendered":"https:\/\/atelierdessoufflants.shop\/?post_type=product&#038;p=3037"},"modified":"2025-10-22T19:50:00","modified_gmt":"2025-10-22T17:50:00","slug":"flute-traversiere-tete-courbe-jupiter-jfl313s-petites-mains","status":"publish","type":"product","link":"https:\/\/atelierdessoufflants.com\/index.php\/produit\/flute-traversiere-tete-courbe-jupiter-jfl313s-petites-mains\/","title":{"rendered":"Fl\u00fbte traversi\u00e8re t\u00eate courbe Jupiter JFL313S \u00a0\u00bbpetites mains&rsquo;"},"content":{"rendered":"<p>GAMME : \u00e9tude<br \/>\nANN\u00c9E :<br \/>\nN\u00b0s\u00e9rie :<\/p>\n<p>Fl\u00fbte traversi\u00e8re\u00a0 JUPITER JFL313 S (fabrication TAIWAN).<br \/>\nUne r\u00e9f\u00e9rence en mod\u00e8le d&rsquo;\u00e9tude pour les plus jeunes, facilit\u00e9 d&rsquo;\u00e9mission, fiabilit\u00e9 et une ergonomie adapt\u00e9e avec son cl\u00e9tage et sa conception simplifi\u00e9e, enti\u00e8rement r\u00e9vis\u00e9e.<br \/>\npetites traces de d\u00e9bosselage sur la t\u00eate<\/p>\n<p><strong>CARACT\u00c9RISTIQUES:<\/strong><br \/>\n-t\u00eate courbe<br \/>\n-plateaux pleins avec pastille ergonomique<br \/>\n-poids all\u00e9g\u00e9<br \/>\n-corps en maillechort argent\u00e9<br \/>\n-sans patte d&rsquo;Ut (non indispensable pour un d\u00e9butant)<br \/>\n-descendant au R\u00e9 grave<br \/>\n-\u00e9tui forme semi-rigide<\/p>\n<p><strong>Valeur neuf mod\u00e8le \u00e9quivalent actuel environ 520 euros<\/p>\n<p>GARANTIE 1 AN<\/strong><\/p>\n","protected":false},"excerpt":{"rendered":"<p>ergonomie sp\u00e9ciale enfant \u00a0\u00bbpetites mains\u00a0\u00bb, plusieurs mod\u00e8les en stock<\/p>\n","protected":false},"featured_media":3059,"template":"","meta":[],"product_brand":[],"product_cat":[35,17,47],"product_tag":[],"class_list":{"0":"post-3037","1":"product","2":"type-product","3":"status-publish","4":"has-post-thumbnail","6":"product_cat-flutes-traversieres","7":"product_cat-occasions","8":"product_cat-ventes","10":"first","11":"outofstock","12":"sold-individually","13":"shipping-taxable","14":"product-type-simple"},"_links":{"self":[{"href":"https:\/\/atelierdessoufflants.com\/index.php\/wp-json\/wp\/v2\/product\/3037","targetHints":{"allow":["GET"]}}],"collection":[{"href":"https:\/\/atelierdessoufflants.com\/index.php\/wp-json\/wp\/v2\/product"}],"about":[{"href":"https:\/\/atelierdessoufflants.com\/index.php\/wp-json\/wp\/v2\/types\/product"}],"wp:featuredmedia":[{"embeddable":true,"href":"https:\/\/atelierdessoufflants.com\/index.php\/wp-json\/wp\/v2\/media\/3059"}],"wp:attachment":[{"href":"https:\/\/atelierdessoufflants.com\/index.php\/wp-json\/wp\/v2\/media?parent=3037"}],"wp:term":[{"taxonomy":"product_brand","embeddable":true,"href":"https:\/\/atelierdessoufflants.com\/index.php\/wp-json\/wp\/v2\/product_brand?post=3037"},{"taxonomy":"product_cat","embeddable":true,"href":"https:\/\/atelierdessoufflants.com\/index.php\/wp-json\/wp\/v2\/product_cat?post=3037"},{"taxonomy":"product_tag","embeddable":true,"href":"https:\/\/atelierdessoufflants.com\/index.php\/wp-json\/wp\/v2\/product_tag?post=3037"}],"curies":[{"name":"wp","href":"https:\/\/api.w.org\/{rel}","templated":true}]}}