{"id":3014,"date":"2025-10-22T19:43:58","date_gmt":"2025-10-22T17:43:58","guid":{"rendered":"https:\/\/atelierdessoufflants.shop\/?post_type=product&#038;p=3014"},"modified":"2025-10-22T19:43:58","modified_gmt":"2025-10-22T17:43:58","slug":"flute-piccolo-jupiter-jpc-305-tete-resine","status":"publish","type":"product","link":"https:\/\/atelierdessoufflants.com\/index.php\/produit\/flute-piccolo-jupiter-jpc-305-tete-resine\/","title":{"rendered":"Fl\u00fbte Piccolo Jupiter JPC 305 (t\u00eate r\u00e9sine)"},"content":{"rendered":"<p><strong>GAMME :<\/strong> \u00e9tude<br \/>\n<strong>N\u00b0s\u00e9rie :<\/strong><\/p>\n<p>Fl\u00fbte traversi\u00e8re JUPITER JPC305\u00a0 (fabrication TAIWAN), mod\u00e8le actuel \u00e9quivalent JPC1010<br \/>\nPiccolo d&rsquo;\u00e9tude\u00a0 en r\u00e9sine<\/p>\n<p><strong>CARACT\u00c9RISTIQUES :<br \/>\n<\/strong>-perce conique<br \/>\n-cl\u00e9tage argent\u00e9 en maillechort<br \/>\n-t\u00eate et corps en r\u00e9sine<br \/>\n-\u00e9tui rigide<br \/>\n-valeur avec remises neuf \u00e9quivalent\u00a0 700 euros environ<\/p>\n<p><strong>GARANTI 1 AN<\/strong><\/p>\n","protected":false},"excerpt":{"rendered":"<p>piccolo d&rsquo;\u00e9tude en r\u00e9sine en TBE<\/p>\n","protected":false},"featured_media":3036,"template":"","meta":[],"product_brand":[],"product_cat":[35,17,47],"product_tag":[],"class_list":{"0":"post-3014","1":"product","2":"type-product","3":"status-publish","4":"has-post-thumbnail","6":"product_cat-flutes-traversieres","7":"product_cat-occasions","8":"product_cat-ventes","10":"first","11":"outofstock","12":"sold-individually","13":"shipping-taxable","14":"product-type-simple"},"_links":{"self":[{"href":"https:\/\/atelierdessoufflants.com\/index.php\/wp-json\/wp\/v2\/product\/3014","targetHints":{"allow":["GET"]}}],"collection":[{"href":"https:\/\/atelierdessoufflants.com\/index.php\/wp-json\/wp\/v2\/product"}],"about":[{"href":"https:\/\/atelierdessoufflants.com\/index.php\/wp-json\/wp\/v2\/types\/product"}],"wp:featuredmedia":[{"embeddable":true,"href":"https:\/\/atelierdessoufflants.com\/index.php\/wp-json\/wp\/v2\/media\/3036"}],"wp:attachment":[{"href":"https:\/\/atelierdessoufflants.com\/index.php\/wp-json\/wp\/v2\/media?parent=3014"}],"wp:term":[{"taxonomy":"product_brand","embeddable":true,"href":"https:\/\/atelierdessoufflants.com\/index.php\/wp-json\/wp\/v2\/product_brand?post=3014"},{"taxonomy":"product_cat","embeddable":true,"href":"https:\/\/atelierdessoufflants.com\/index.php\/wp-json\/wp\/v2\/product_cat?post=3014"},{"taxonomy":"product_tag","embeddable":true,"href":"https:\/\/atelierdessoufflants.com\/index.php\/wp-json\/wp\/v2\/product_tag?post=3014"}],"curies":[{"name":"wp","href":"https:\/\/api.w.org\/{rel}","templated":true}]}}