{"id":2903,"date":"2025-10-22T17:57:53","date_gmt":"2025-10-22T15:57:53","guid":{"rendered":"https:\/\/atelierdessoufflants.shop\/?post_type=product&#038;p=2903"},"modified":"2026-03-20T18:18:23","modified_gmt":"2026-03-20T17:18:23","slug":"saxophone-soprano-selmer-sa80-serie-3","status":"publish","type":"product","link":"https:\/\/atelierdessoufflants.com\/index.php\/produit\/saxophone-soprano-selmer-sa80-serie-3\/","title":{"rendered":"saxophone soprano SELMER SA80 s\u00e9rie 3"},"content":{"rendered":"<p><strong>GAMME : Pro<\/strong><br \/>\n<strong>ANN\u00c9E : 1995-1996<\/strong><br \/>\n<strong>N\u00b0s\u00e9rie :53XXX<\/strong><\/p>\n<p>&nbsp;<\/p>\n<p>saxophone soprano Selmer super action 80 s\u00e9rie III<br \/>\nCorps enti\u00e8rement d\u00e9-vernis et patin\u00e9, cl\u00e9tage vernis, r\u00e9vis\u00e9 et r\u00e9gl\u00e9, parfait \u00e9tat de fonctionnement<br \/>\nm\u00e9canique en TBE, tampons en tr\u00e8s bon \u00e9tat avec r\u00e9sonateurs m\u00e9tal.<br \/>\nUne belle r\u00e9f\u00e9rence en mod\u00e8le soprano Professionnel de chez SELMER France<\/p>\n<p>&#8211; 2 bocaux<br \/>\n&#8211; cl\u00e9 de correction C# \u00e0 l&rsquo;octave<br \/>\n&#8211; sol aigu<br \/>\n&#8211; support de pouce r\u00e9glable et orientable<br \/>\n&#8211; m\u00e9canique modernis\u00e9e (vis de reglage)<br \/>\n&#8211; infos fabricant <a href=\"https:\/\/www.selmer.fr\/fiche.php?code=2312030076\">https:\/\/www.selmer.fr\/fiche.php?code=2312030076<\/a><br \/>\n-avec bec s90<br \/>\n-\u00e9tui sac \u00e0 dos<\/p>\n<p><strong>GARANTIE 1 AN<\/strong><\/p>\n<p><strong>Prix neuf <\/strong><strong>catalogue <\/strong><strong>mod\u00e8le soprano SIII JUBILE GG\u00a0 (vernis gold grav\u00e9) 5759 euros<\/strong><\/p>\n<p>mod\u00e8le de la marque jou\u00e9 \u00ab\u00a0entre autre\u00a0\u00bb par\u00a0<strong> \u00c9mile Parisien<br \/>\n<iframe loading=\"lazy\" src=\"https:\/\/www.youtube.com\/embed\/omCGUc0EsHQ?start=991\" width=\"560\" height=\"315\" frameborder=\"0\" allowfullscreen=\"allowfullscreen\"><\/iframe><\/strong><\/p>\n","protected":false},"excerpt":{"rendered":"<p>mod\u00e8le pro de chez Selmer, 2 bocaux, sol aigu, une r\u00e9f\u00e9rence dans le domaine<\/p>\n","protected":false},"featured_media":2957,"template":"","meta":[],"product_brand":[66],"product_cat":[17,37,47],"product_tag":[],"class_list":{"0":"post-2903","1":"product","2":"type-product","3":"status-publish","4":"has-post-thumbnail","6":"product_brand-henri-selmer-paris","7":"product_cat-occasions","8":"product_cat-saxophones","9":"product_cat-ventes","11":"first","12":"outofstock","13":"sold-individually","14":"shipping-taxable","15":"product-type-simple"},"_links":{"self":[{"href":"https:\/\/atelierdessoufflants.com\/index.php\/wp-json\/wp\/v2\/product\/2903","targetHints":{"allow":["GET"]}}],"collection":[{"href":"https:\/\/atelierdessoufflants.com\/index.php\/wp-json\/wp\/v2\/product"}],"about":[{"href":"https:\/\/atelierdessoufflants.com\/index.php\/wp-json\/wp\/v2\/types\/product"}],"wp:featuredmedia":[{"embeddable":true,"href":"https:\/\/atelierdessoufflants.com\/index.php\/wp-json\/wp\/v2\/media\/2957"}],"wp:attachment":[{"href":"https:\/\/atelierdessoufflants.com\/index.php\/wp-json\/wp\/v2\/media?parent=2903"}],"wp:term":[{"taxonomy":"product_brand","embeddable":true,"href":"https:\/\/atelierdessoufflants.com\/index.php\/wp-json\/wp\/v2\/product_brand?post=2903"},{"taxonomy":"product_cat","embeddable":true,"href":"https:\/\/atelierdessoufflants.com\/index.php\/wp-json\/wp\/v2\/product_cat?post=2903"},{"taxonomy":"product_tag","embeddable":true,"href":"https:\/\/atelierdessoufflants.com\/index.php\/wp-json\/wp\/v2\/product_tag?post=2903"}],"curies":[{"name":"wp","href":"https:\/\/api.w.org\/{rel}","templated":true}]}}