{"id":2868,"date":"2025-10-22T17:50:05","date_gmt":"2025-10-22T15:50:05","guid":{"rendered":"https:\/\/atelierdessoufflants.shop\/?post_type=product&#038;p=2868"},"modified":"2025-10-25T18:10:09","modified_gmt":"2025-10-25T16:10:09","slug":"clarinette-sonata-1020n-leblanc-sib-tampons-neuf-etui-bam","status":"publish","type":"product","link":"https:\/\/atelierdessoufflants.com\/index.php\/produit\/clarinette-sonata-1020n-leblanc-sib-tampons-neuf-etui-bam\/","title":{"rendered":"Clarinette \u00a0\u00bb SONATA \u00a0\u00bb  1020N LEBLANC Sib [tampons neuf + \u00e9tui BAM)"},"content":{"rendered":"<p><strong>GAMME : Semi-Pro<\/strong><br \/>\n<strong>ANN\u00c9E :\u00a0 2000-2004<\/strong><br \/>\n<strong>N\u00b0s\u00e9rie : D63XXX<\/strong><\/p>\n<p>Clarinette Leblanc \u00ab\u00a0SONATA\u00a0\u00bb tout \u00e9b\u00e8ne, cl\u00e9tage nickel\u00e9 (gamme \u00e9quivalente \u00e0 E13,\u00a0 Yamaha YCL650, Selmer\u00a0 prologue&#8230;)<br \/>\nEnti\u00e8rement r\u00e9vis\u00e9e\u00a0 \u00e0 l&rsquo;atelier, tampons cuir et li\u00e8ge en TBE (mont\u00e9 en Chedeville Lelandais France) re-tamponn\u00e9e il y a quelques ann\u00e9es.<br \/>\nGarnitures de cl\u00e9tage, ressorts et m\u00e9canique en tr\u00e8s bon \u00e9tat.<br \/>\nParfait \u00e9tat de marche, traces de rayures sur l&rsquo;\u00e9b\u00e8ne \u00e0 l&rsquo;arri\u00e8re du corps du bas (au niveau du num\u00e9ros de s\u00e9rie voiur photo) et petite rayure sur la cl\u00e9 de DO#\/SOL#.<\/p>\n<p>Dans les derniers mod\u00e8les fabriqu\u00e9 dans la manufacture LEBLANC bas\u00e9e \u00e0 la Couture Boussey (27)<br \/>\nDe perce polyc\u00f4nique comme les mod\u00e8les Esprit, Concerto et Opus, elle est facile \u00e0 jouerr tout en restant tr\u00e8s centr\u00e9e et homog\u00e8ne<\/p>\n<p><strong>LIVR\u00c9E AVEC:<\/strong><\/p>\n<p>-\u00e9tui haut de gamme sac \u00e0 doc BAM<br \/>\n-bec M30 occasion<br \/>\n-\u00e9couvillon vandoren<br \/>\n-ligature vandoren CUIR+ couvre bec plastique (\u00e9tat neuf )<br \/>\n-stand Hercules compact (rangement pavillon )<br \/>\n-anche vandoren classique force 2<\/p>\n<p><strong>GARANTIE 1 AN<\/strong><\/p>\n<p><strong>Valeur neuf mod\u00e8le \u00e9quivalent environ 1300-1500 euros<\/strong><\/p>\n","protected":false},"excerpt":{"rendered":"<p>clarinette Sib tout \u00e9b\u00e8ne, robustesse, facture fran\u00e7aise, tr\u00e8s bon instrument<\/p>\n","protected":false},"featured_media":2872,"template":"","meta":[],"product_brand":[76],"product_cat":[36,70,17,47],"product_tag":[],"class_list":{"0":"post-2868","1":"product","2":"type-product","3":"status-publish","4":"has-post-thumbnail","6":"product_brand-leblanc-noblet","7":"product_cat-clarinettes","8":"product_cat-clarinettes-occasion-vendu","9":"product_cat-occasions","10":"product_cat-ventes","12":"first","13":"outofstock","14":"sold-individually","15":"shipping-taxable","16":"product-type-simple"},"_links":{"self":[{"href":"https:\/\/atelierdessoufflants.com\/index.php\/wp-json\/wp\/v2\/product\/2868","targetHints":{"allow":["GET"]}}],"collection":[{"href":"https:\/\/atelierdessoufflants.com\/index.php\/wp-json\/wp\/v2\/product"}],"about":[{"href":"https:\/\/atelierdessoufflants.com\/index.php\/wp-json\/wp\/v2\/types\/product"}],"wp:featuredmedia":[{"embeddable":true,"href":"https:\/\/atelierdessoufflants.com\/index.php\/wp-json\/wp\/v2\/media\/2872"}],"wp:attachment":[{"href":"https:\/\/atelierdessoufflants.com\/index.php\/wp-json\/wp\/v2\/media?parent=2868"}],"wp:term":[{"taxonomy":"product_brand","embeddable":true,"href":"https:\/\/atelierdessoufflants.com\/index.php\/wp-json\/wp\/v2\/product_brand?post=2868"},{"taxonomy":"product_cat","embeddable":true,"href":"https:\/\/atelierdessoufflants.com\/index.php\/wp-json\/wp\/v2\/product_cat?post=2868"},{"taxonomy":"product_tag","embeddable":true,"href":"https:\/\/atelierdessoufflants.com\/index.php\/wp-json\/wp\/v2\/product_tag?post=2868"}],"curies":[{"name":"wp","href":"https:\/\/api.w.org\/{rel}","templated":true}]}}