{"id":2835,"date":"2025-10-22T17:56:06","date_gmt":"2025-10-22T15:56:06","guid":{"rendered":"https:\/\/atelierdessoufflants.shop\/?post_type=product&#038;p=2835"},"modified":"2026-03-20T18:43:33","modified_gmt":"2026-03-20T17:43:33","slug":"saxophone-alto-ida-maria-grassi-professional-finition-patine-maison-tampons-black-neuf-etui-neuf","status":"publish","type":"product","link":"https:\/\/atelierdessoufflants.com\/index.php\/produit\/saxophone-alto-ida-maria-grassi-professional-finition-patine-maison-tampons-black-neuf-etui-neuf\/","title":{"rendered":"saxophone alto  IDA MARIA GRASSI professional [finition \u00a0\u00bbpatine maison\u00a0\u00bb+ Tampons black NEUF+ \u00e9tui NEUF]"},"content":{"rendered":"<p><strong>GAMME : PRO<\/strong><br \/>\n<strong>ANN\u00c9E :1981<\/strong><br \/>\n<strong>N\u00b0s\u00e9rie : 43XXX<\/strong><\/p>\n<p>Saxophone alto Grassi IDA MARIA mod\u00e8le \u00ab\u00a0Profesional\u00a0\u00bb finition brut patin\u00e9, pavillon grav\u00e9, cl\u00e9tage nickel\u00e9, enti\u00e8rement retamponn\u00e9e et r\u00e9vis\u00e9 \u00e0 l&rsquo;atelier: montage en tampons haut de gamme noir r\u00e9sonateur inox (Chedeville Lelandais France), toutes garnitures chang\u00e9es, m\u00e9canique r\u00e9vis\u00e9e.<br \/>\nUn tr\u00e8s bon saxophone alto au timbre doux et chaud,\u00a0 bien homog\u00e8ne&#8230;. \u00e0 essayer!<br \/>\nUne ergonomie moderne avec FA# aigu, FA frontal, vis de r\u00e9glage sur FA#, la m\u00e9canique des graves\u00a0 et certe un plus lourde qu&rsquo;un saxophone pro actuel mais cela reste tout \u00e0 fait honorable.<br \/>\nLa cl\u00e9 de bocal arbore un logo imitant le \u00ab\u00a0S\u00a0\u00bb des bocaux Selmer qui n&rsquo;est pas de tr\u00e8s bon go\u00fbt mais tout de m\u00eame finement grav\u00e9, de jolies motifs floraux sont \u00e9galement pr\u00e9sent sur les viroles et des gravures sur le pavillon et la culasse.<\/p>\n<p>Un saxophone de tr\u00e8s belle facture dans la tradition Italienne, sortie de la manufacture IDA MARIA GRASSI au d\u00e9but des ann\u00e9es 80. Entreprise aujourd&rsquo;hui ferm\u00e9e qui \u00e0 produit de 1960\u00a0 jusqu&rsquo;au ann\u00e9e 90\u00a0 dans un atelier situ\u00e9 \u00e0 100 km de Milan dans le village de <span class=\"postbody\">Quarna Sotto (Pi\u00e9mont) la <\/span>soci\u00e9t\u00e9 a d\u00e9finitivement ferm\u00e9e en 2000. Le nom de marque \u00e0 aujourd&rsquo;hui \u00e9tait rachet\u00e9 par la soci\u00e9t\u00e9 PROEL qui a relanc\u00e9e une production d&rsquo;instrument d&rsquo;\u00e9tude ( tr\u00e8s bas de gamme, j&rsquo;en ai eu entre les mains) en Chine.<\/p>\n<p><strong>VENDU avec BEC yamaha 4C + \u00e9tui light\u00a0 noir compact sac \u00e0 dos<\/strong><\/p>\n<p><strong>GARANTIE 1 AN<\/strong><\/p>\n","protected":false},"excerpt":{"rendered":"<p>tr\u00e8s belle facture italienne, finition laiton brut d\u00e9vernis + patine, cl\u00e9tage nickel\u00e9, avec fa# aigu, + \u00e9tui l\u00e9ger neuf + tampons neuf<\/p>\n","protected":false},"featured_media":2955,"template":"","meta":[],"product_brand":[92],"product_cat":[17,37,47],"product_tag":[],"class_list":{"0":"post-2835","1":"product","2":"type-product","3":"status-publish","4":"has-post-thumbnail","6":"product_brand-grassi","7":"product_cat-occasions","8":"product_cat-saxophones","9":"product_cat-ventes","11":"first","12":"outofstock","13":"sold-individually","14":"shipping-taxable","15":"product-type-simple"},"_links":{"self":[{"href":"https:\/\/atelierdessoufflants.com\/index.php\/wp-json\/wp\/v2\/product\/2835","targetHints":{"allow":["GET"]}}],"collection":[{"href":"https:\/\/atelierdessoufflants.com\/index.php\/wp-json\/wp\/v2\/product"}],"about":[{"href":"https:\/\/atelierdessoufflants.com\/index.php\/wp-json\/wp\/v2\/types\/product"}],"wp:featuredmedia":[{"embeddable":true,"href":"https:\/\/atelierdessoufflants.com\/index.php\/wp-json\/wp\/v2\/media\/2955"}],"wp:attachment":[{"href":"https:\/\/atelierdessoufflants.com\/index.php\/wp-json\/wp\/v2\/media?parent=2835"}],"wp:term":[{"taxonomy":"product_brand","embeddable":true,"href":"https:\/\/atelierdessoufflants.com\/index.php\/wp-json\/wp\/v2\/product_brand?post=2835"},{"taxonomy":"product_cat","embeddable":true,"href":"https:\/\/atelierdessoufflants.com\/index.php\/wp-json\/wp\/v2\/product_cat?post=2835"},{"taxonomy":"product_tag","embeddable":true,"href":"https:\/\/atelierdessoufflants.com\/index.php\/wp-json\/wp\/v2\/product_tag?post=2835"}],"curies":[{"name":"wp","href":"https:\/\/api.w.org\/{rel}","templated":true}]}}