{"id":2803,"date":"2025-10-22T17:33:08","date_gmt":"2025-10-22T15:33:08","guid":{"rendered":"https:\/\/atelierdessoufflants.shop\/?post_type=product&#038;p=2803"},"modified":"2025-10-22T17:33:08","modified_gmt":"2025-10-22T15:33:08","slug":"euphonium-besson-3-pistons-compenses-fabrication-angleterre-2","status":"publish","type":"product","link":"https:\/\/atelierdessoufflants.com\/index.php\/produit\/euphonium-besson-3-pistons-compenses-fabrication-angleterre-2\/","title":{"rendered":"euphonium BESSON 3 pistons compens\u00e9s (fabrication Angleterre)"},"content":{"rendered":"<p><strong>GAMME : PRO<\/strong><br \/>\n<strong>ANN\u00c9E : <\/strong><br \/>\n<strong>N\u00b0s\u00e9rie :<\/strong><\/p>\n<p>Euphonium Sib 3 Pistons (syst\u00e8me compens\u00e9) Marque BESSON, fabrication Anglaise Mod\u00e8le \u00ab\u00a0New Standard\u00a0\u00bb des ann\u00e9es 70-80, finition argent\u00e9 et argent\u00e9 satin\u00e9, pavillon 285 mm , perce 14,50 mm,\u00a0 boisseau d&#8217;embouchure large.<br \/>\nTr\u00e8s bel \u00e9tat g\u00e9n\u00e9ral,\u00a0 parfait \u00e9tat de marche, Tr\u00e8s bon \u00e9tat m\u00e9canique (coulisse, pistons, cl\u00e9 d&rsquo;eau), enti\u00e8rement r\u00e9vis\u00e9.<br \/>\nvendu avec embouchure DENIS WICK en TBE et fly caisse BESSON.<\/p>\n<p><span style=\"font-size: 18px;\">\u00a0<\/span><\/p>\n<p><strong>\u00a0GARANTIE 1 AN<\/strong><\/p>\n<p><strong>Dave Bergeron \u00e0 l&rsquo;euphonium Besson 4 pistons<\/strong><\/p>\n<p><iframe loading=\"lazy\" src=\"https:\/\/www.youtube.com\/embed\/brmo8LtwNOU\" width=\"560\" height=\"315\" frameborder=\"0\" allowfullscreen=\"allowfullscreen\"><\/iframe><\/p>\n","protected":false},"excerpt":{"rendered":"<p>Euphonium Besson (Anglais) 3 pistons compens\u00e9s TBE finition argent\u00e9 satin\u00e9, justesse et qualit\u00e9 de fabrication ultra robuste.<\/p>\n","protected":false},"featured_media":2819,"template":"","meta":[],"product_brand":[],"product_cat":[17,19,47],"product_tag":[],"class_list":{"0":"post-2803","1":"product","2":"type-product","3":"status-publish","4":"has-post-thumbnail","6":"product_cat-occasions","7":"product_cat-tubas-euphoniuns-saxhorns","8":"product_cat-ventes","10":"first","11":"outofstock","12":"sold-individually","13":"shipping-taxable","14":"product-type-simple"},"_links":{"self":[{"href":"https:\/\/atelierdessoufflants.com\/index.php\/wp-json\/wp\/v2\/product\/2803","targetHints":{"allow":["GET"]}}],"collection":[{"href":"https:\/\/atelierdessoufflants.com\/index.php\/wp-json\/wp\/v2\/product"}],"about":[{"href":"https:\/\/atelierdessoufflants.com\/index.php\/wp-json\/wp\/v2\/types\/product"}],"wp:featuredmedia":[{"embeddable":true,"href":"https:\/\/atelierdessoufflants.com\/index.php\/wp-json\/wp\/v2\/media\/2819"}],"wp:attachment":[{"href":"https:\/\/atelierdessoufflants.com\/index.php\/wp-json\/wp\/v2\/media?parent=2803"}],"wp:term":[{"taxonomy":"product_brand","embeddable":true,"href":"https:\/\/atelierdessoufflants.com\/index.php\/wp-json\/wp\/v2\/product_brand?post=2803"},{"taxonomy":"product_cat","embeddable":true,"href":"https:\/\/atelierdessoufflants.com\/index.php\/wp-json\/wp\/v2\/product_cat?post=2803"},{"taxonomy":"product_tag","embeddable":true,"href":"https:\/\/atelierdessoufflants.com\/index.php\/wp-json\/wp\/v2\/product_tag?post=2803"}],"curies":[{"name":"wp","href":"https:\/\/api.w.org\/{rel}","templated":true}]}}