{"id":2756,"date":"2025-10-22T17:24:20","date_gmt":"2025-10-22T15:24:20","guid":{"rendered":"https:\/\/atelierdessoufflants.shop\/?post_type=product&#038;p=2756"},"modified":"2025-10-25T18:10:22","modified_gmt":"2025-10-25T16:10:22","slug":"clarinette-sib-noblet-plateaux-pleins-tout-ebene","status":"publish","type":"product","link":"https:\/\/atelierdessoufflants.com\/index.php\/produit\/clarinette-sib-noblet-plateaux-pleins-tout-ebene\/","title":{"rendered":"clarinette Sib Noblet \u00a0\u00bbPlateaux pleins\u00a0\u00bb tout \u00e9b\u00e8ne"},"content":{"rendered":"<p style=\"text-align: left;\"><strong>GAMME : semi-pro<\/strong><br \/>\n<strong>ANN\u00c9E : <\/strong><br \/>\n<strong>N\u00b0s\u00e9rie :<\/strong><\/p>\n<p style=\"text-align: center;\">\n<p>Clarinette Sib tout \u00e9b\u00e8ne Noblet fabrication France dans les usines Leblanc, mod\u00e8le \u00ab\u00a0plateaux pleins\u00a0\u00bb, cl\u00e9tage nickel\u00e9, d&rsquo;une conception identique \u00e0 une clarinette basse, sans anneaux creux.<br \/>\nEnti\u00e8rement restaur\u00e9e, tampons cuir blanc neuf (chedeville Lelandais France), li\u00e8ge tenons et garnitures neuves.<br \/>\nmod\u00e8le en tr\u00e8s bon \u00e9tat \u00e9b\u00e8ne et m\u00e9canique, quelques manque de nickelage sur les plateaux main droite et main gauche.<br \/>\nparfait \u00e9tat de marche.<\/p>\n<p>Mod\u00e8le parfait pour de jeunes \u00e9l\u00e8ves ou personne ayant des difficult\u00e9s \u00e0 boucher les anneaux.<\/p>\n<p>vendu avec \u00e9tui Leblanc, sans bec<\/p>\n<p><strong>\u00a0GARANTIE 1 AN<\/strong><\/p>\n","protected":false},"excerpt":{"rendered":"<p>mod\u00e8le tout \u00e9b\u00e8ne NOBLET France \u00e0 plateaux pleins, mod\u00e8le assez rare, tampons neuf<\/p>\n","protected":false},"featured_media":2760,"template":"","meta":[],"product_brand":[76],"product_cat":[36,70,17,47],"product_tag":[],"class_list":{"0":"post-2756","1":"product","2":"type-product","3":"status-publish","4":"has-post-thumbnail","6":"product_brand-leblanc-noblet","7":"product_cat-clarinettes","8":"product_cat-clarinettes-occasion-vendu","9":"product_cat-occasions","10":"product_cat-ventes","12":"first","13":"outofstock","14":"sold-individually","15":"shipping-taxable","16":"product-type-simple"},"_links":{"self":[{"href":"https:\/\/atelierdessoufflants.com\/index.php\/wp-json\/wp\/v2\/product\/2756","targetHints":{"allow":["GET"]}}],"collection":[{"href":"https:\/\/atelierdessoufflants.com\/index.php\/wp-json\/wp\/v2\/product"}],"about":[{"href":"https:\/\/atelierdessoufflants.com\/index.php\/wp-json\/wp\/v2\/types\/product"}],"wp:featuredmedia":[{"embeddable":true,"href":"https:\/\/atelierdessoufflants.com\/index.php\/wp-json\/wp\/v2\/media\/2760"}],"wp:attachment":[{"href":"https:\/\/atelierdessoufflants.com\/index.php\/wp-json\/wp\/v2\/media?parent=2756"}],"wp:term":[{"taxonomy":"product_brand","embeddable":true,"href":"https:\/\/atelierdessoufflants.com\/index.php\/wp-json\/wp\/v2\/product_brand?post=2756"},{"taxonomy":"product_cat","embeddable":true,"href":"https:\/\/atelierdessoufflants.com\/index.php\/wp-json\/wp\/v2\/product_cat?post=2756"},{"taxonomy":"product_tag","embeddable":true,"href":"https:\/\/atelierdessoufflants.com\/index.php\/wp-json\/wp\/v2\/product_tag?post=2756"}],"curies":[{"name":"wp","href":"https:\/\/api.w.org\/{rel}","templated":true}]}}