{"id":2689,"date":"2025-10-22T17:12:24","date_gmt":"2025-10-22T15:12:24","guid":{"rendered":"https:\/\/atelierdessoufflants.shop\/?post_type=product&#038;p=2689"},"modified":"2026-03-20T18:44:01","modified_gmt":"2026-03-20T17:44:01","slug":"saxophone-alto-yamaha-yas32-tampons-neuf-etui-protec-neuf","status":"publish","type":"product","link":"https:\/\/atelierdessoufflants.com\/index.php\/produit\/saxophone-alto-yamaha-yas32-tampons-neuf-etui-protec-neuf\/","title":{"rendered":"saxophone alto  YAMAHA YAS32 TAMPONS NEUF + \u00c9TUI PROTEC NEUF"},"content":{"rendered":"<p><strong>GAMME : semi-pro<\/strong><br \/>\n<strong>ANN\u00c9E : 2000 environs<\/strong><br \/>\n<strong>N\u00b0s\u00e9rie :114xxx<\/strong><\/p>\n<p>saxophone alto YAMAHA YAS32,\u00a0 dans les derniers de la s\u00e9rie avant le 475 car pi\u00e8ces similaire au YAS475 et YAS62, mod\u00e8le semi-pro en parfait \u00e9tat de fonctionnement, enti\u00e8rement re-tamponn\u00e9 (tampons r\u00e9sonateurs plastiques Chedeville Lelandais france) m\u00e9canique r\u00e9vis\u00e9e.<br \/>\nfinition vernis, fabrication Japon<br \/>\nm\u00e9canique en bon \u00e9tat robuste et fiable, avec fa# aigu<br \/>\nvernis ray\u00e9 \u00e0 de nombreux endroits (voir photos), sans aucune incidence sur le son.<br \/>\navec PROTEC \u00ab\u00a0MAX\u00a0\u00bb sac \u00e0 dos neuf + poche partitions, bec d&rsquo;origine TBE, couvre BEC neuf, cordon, anche&#8230;<\/p>\n<p><strong>Valeur neuf \u00e9quivalent (YAS 480) environs 2100 euros<\/strong><\/p>\n<p><strong><br \/>\nGARANTIE 1 AN<\/strong><\/p>\n","protected":false},"excerpt":{"rendered":"<p>GAMME : semi-pro ANN\u00c9E : 2000 environs N\u00b0s\u00e9rie :114xxx saxophone alto YAMAHA YAS32,\u00a0 dans les derniers de la s\u00e9rie avant le 475 car pi\u00e8ces similaire au YAS475 et YAS62, mod\u00e8le semi-pro en parfait \u00e9tat de fonctionnement, enti\u00e8rement re-tamponn\u00e9 (tampons r\u00e9sonateurs plastiques Chedeville Lelandais france) m\u00e9canique r\u00e9vis\u00e9e. finition vernis, fabrication Japon m\u00e9canique en bon \u00e9tat robuste [&hellip;]<\/p>\n","protected":false},"featured_media":2748,"template":"","meta":[],"product_brand":[71],"product_cat":[17,37,47],"product_tag":[],"class_list":{"0":"post-2689","1":"product","2":"type-product","3":"status-publish","4":"has-post-thumbnail","6":"product_brand-yamaha","7":"product_cat-occasions","8":"product_cat-saxophones","9":"product_cat-ventes","11":"first","12":"outofstock","13":"sold-individually","14":"shipping-taxable","15":"product-type-simple"},"_links":{"self":[{"href":"https:\/\/atelierdessoufflants.com\/index.php\/wp-json\/wp\/v2\/product\/2689","targetHints":{"allow":["GET"]}}],"collection":[{"href":"https:\/\/atelierdessoufflants.com\/index.php\/wp-json\/wp\/v2\/product"}],"about":[{"href":"https:\/\/atelierdessoufflants.com\/index.php\/wp-json\/wp\/v2\/types\/product"}],"wp:featuredmedia":[{"embeddable":true,"href":"https:\/\/atelierdessoufflants.com\/index.php\/wp-json\/wp\/v2\/media\/2748"}],"wp:attachment":[{"href":"https:\/\/atelierdessoufflants.com\/index.php\/wp-json\/wp\/v2\/media?parent=2689"}],"wp:term":[{"taxonomy":"product_brand","embeddable":true,"href":"https:\/\/atelierdessoufflants.com\/index.php\/wp-json\/wp\/v2\/product_brand?post=2689"},{"taxonomy":"product_cat","embeddable":true,"href":"https:\/\/atelierdessoufflants.com\/index.php\/wp-json\/wp\/v2\/product_cat?post=2689"},{"taxonomy":"product_tag","embeddable":true,"href":"https:\/\/atelierdessoufflants.com\/index.php\/wp-json\/wp\/v2\/product_tag?post=2689"}],"curies":[{"name":"wp","href":"https:\/\/api.w.org\/{rel}","templated":true}]}}