{"id":2643,"date":"2025-10-22T17:08:30","date_gmt":"2025-10-22T15:08:30","guid":{"rendered":"https:\/\/atelierdessoufflants.shop\/?post_type=product&#038;p=2643"},"modified":"2025-10-25T10:14:46","modified_gmt":"2025-10-25T08:14:46","slug":"saxophone-tenor-yanagisawa-t901-vernis-grave-modele-tbe-qualite-japonaise","status":"publish","type":"product","link":"https:\/\/atelierdessoufflants.com\/index.php\/produit\/saxophone-tenor-yanagisawa-t901-vernis-grave-modele-tbe-qualite-japonaise\/","title":{"rendered":"T\u00c9NOR SAXOPHONE [INCLUS bec, \u00e9couvillon + cordon]"},"content":{"rendered":"<p>GAMME : \u00c9TUDE<br \/>\nANN\u00c9E :<br \/>\nN\u00b0s\u00e9rie :<\/p>\n<p>Saxophone t\u00e9nor d&rsquo;\u00e9tude<\/p>\n<p>-tonalit\u00e9: Bb<br \/>\n-corps laiton verni<br \/>\n-tampons neuf<br \/>\n-ressorts aiguilles acier bleui<br \/>\n-fa# aigu<br \/>\n-verni grav\u00e9 couleur black<\/p>\n<p><strong>TYPE DE LOCATION:<\/strong> location trimestrielle<br \/>\n<strong>PAIEMENT:<\/strong> Mensuel par ch\u00e8que, esp\u00e8ces ou virement bancaire<br \/>\n<strong>PI\u00c8CES A FOURNIR:<\/strong><br \/>\n-pi\u00e8ce nationale d&rsquo;identit\u00e9<br \/>\n-relev\u00e9 d&rsquo;identit\u00e9 bancaire<br \/>\n-ch\u00e8que de caution (non encaiss\u00e9)<br \/>\nconsultez les <a href=\"https:\/\/atelierdessoufflants.shop\/index.php\/cgl\/\">CONDITIONS G\u00c9N\u00c9RALES DE LOCATION<\/a><\/p>\n<p>&nbsp;<\/p>\n","protected":false},"excerpt":{"rendered":"<p>saxophone d&rsquo;\u00e9tude parfait pour d\u00e9couvrit le t\u00e9nor, bec fourni<\/p>\n","protected":false},"featured_media":0,"template":"","meta":[],"product_brand":[],"product_cat":[39,37,47],"product_tag":[],"class_list":{"0":"post-2643","1":"product","2":"type-product","3":"status-publish","5":"product_cat-locations","6":"product_cat-saxophones","7":"product_cat-ventes","9":"first","10":"instock","11":"sold-individually","12":"shipping-taxable","13":"purchasable","14":"product-type-simple"},"_links":{"self":[{"href":"https:\/\/atelierdessoufflants.com\/index.php\/wp-json\/wp\/v2\/product\/2643","targetHints":{"allow":["GET"]}}],"collection":[{"href":"https:\/\/atelierdessoufflants.com\/index.php\/wp-json\/wp\/v2\/product"}],"about":[{"href":"https:\/\/atelierdessoufflants.com\/index.php\/wp-json\/wp\/v2\/types\/product"}],"wp:attachment":[{"href":"https:\/\/atelierdessoufflants.com\/index.php\/wp-json\/wp\/v2\/media?parent=2643"}],"wp:term":[{"taxonomy":"product_brand","embeddable":true,"href":"https:\/\/atelierdessoufflants.com\/index.php\/wp-json\/wp\/v2\/product_brand?post=2643"},{"taxonomy":"product_cat","embeddable":true,"href":"https:\/\/atelierdessoufflants.com\/index.php\/wp-json\/wp\/v2\/product_cat?post=2643"},{"taxonomy":"product_tag","embeddable":true,"href":"https:\/\/atelierdessoufflants.com\/index.php\/wp-json\/wp\/v2\/product_tag?post=2643"}],"curies":[{"name":"wp","href":"https:\/\/api.w.org\/{rel}","templated":true}]}}