{"id":2588,"date":"2025-10-22T16:48:02","date_gmt":"2025-10-22T14:48:02","guid":{"rendered":"https:\/\/atelierdessoufflants.shop\/?post_type=product&#038;p=2588"},"modified":"2025-10-22T16:48:02","modified_gmt":"2025-10-22T14:48:02","slug":"trombone-yamaha-ysl354-tbe-embouchure-etui-fly-forme","status":"publish","type":"product","link":"https:\/\/atelierdessoufflants.com\/index.php\/produit\/trombone-yamaha-ysl354-tbe-embouchure-etui-fly-forme\/","title":{"rendered":"Trombone YAMAHA YSL354 [TBE +embouchure+ \u00e9tui fly forme]"},"content":{"rendered":"<p><strong>GAMME : interm\u00e9diaire<\/strong><br \/>\n<strong>N\u00b0s\u00e9rie :237XXX<\/strong><br \/>\n<strong>ANN\u00c9E: autour de ann\u00e9es 2000<\/strong><\/p>\n<p>Trombone\u00a0 \u00e0 coulisse t\u00e9nor simple mod\u00e8le YAMAHA YSL354 (fabrication Japon)<br \/>\nUne r\u00e9f\u00e9rence en mod\u00e8le d&rsquo;\u00e9tude, robuste et fiable, bon \u00e9tat g\u00e9n\u00e9ral, quelques l\u00e9g\u00e8res traces d&rsquo;usure normale, m\u00e9canique et coulisse en tr\u00e8s bon \u00e9tat de fonctionnement.<\/p>\n<p>enti\u00e8rement r\u00e9vis\u00e9, but\u00e9e coulisse, cl\u00e9 d&rsquo;eau neuve, nettoyage graissage ok<\/p>\n<p><strong>caract\u00e9ristiques:<br \/>\n<\/strong>-Pavillon 204mm<strong><br \/>\n<\/strong>-perce 12.7mm (ML)<strong><br \/>\n<\/strong>-coulisse int\u00e9rieure chrom\u00e9<br \/>\n-coulisses ext\u00e9rieures maillechort<br \/>\n-tonalit\u00e9 sib<br \/>\n-valeur neuf avec remises 900 euros environs<br \/>\n-avec embouchure d&rsquo;origine<br \/>\n-\u00e9tui d&rsquo;origine flight ABS<br \/>\n-slide cream fournie<br \/>\n-embouchure yamaha<\/p>\n<p><strong>\u00a0GARANTIE 1 AN<\/strong><\/p>\n<p><strong>valeur neuf avec remises autour des 900 euros (prix catalogue 1038 euros)<\/strong><\/p>\n","protected":false},"excerpt":{"rendered":"<p>Un mod\u00e8le d&rsquo;\u00e9tude s\u00e9rieux, fabrication Japan, TBE g\u00e9n\u00e9ral<\/p>\n","protected":false},"featured_media":2636,"template":"","meta":[],"product_brand":[],"product_cat":[17,31,47],"product_tag":[],"class_list":{"0":"post-2588","1":"product","2":"type-product","3":"status-publish","4":"has-post-thumbnail","6":"product_cat-occasions","7":"product_cat-trombones","8":"product_cat-ventes","10":"first","11":"outofstock","12":"sold-individually","13":"shipping-taxable","14":"product-type-simple"},"_links":{"self":[{"href":"https:\/\/atelierdessoufflants.com\/index.php\/wp-json\/wp\/v2\/product\/2588","targetHints":{"allow":["GET"]}}],"collection":[{"href":"https:\/\/atelierdessoufflants.com\/index.php\/wp-json\/wp\/v2\/product"}],"about":[{"href":"https:\/\/atelierdessoufflants.com\/index.php\/wp-json\/wp\/v2\/types\/product"}],"wp:featuredmedia":[{"embeddable":true,"href":"https:\/\/atelierdessoufflants.com\/index.php\/wp-json\/wp\/v2\/media\/2636"}],"wp:attachment":[{"href":"https:\/\/atelierdessoufflants.com\/index.php\/wp-json\/wp\/v2\/media?parent=2588"}],"wp:term":[{"taxonomy":"product_brand","embeddable":true,"href":"https:\/\/atelierdessoufflants.com\/index.php\/wp-json\/wp\/v2\/product_brand?post=2588"},{"taxonomy":"product_cat","embeddable":true,"href":"https:\/\/atelierdessoufflants.com\/index.php\/wp-json\/wp\/v2\/product_cat?post=2588"},{"taxonomy":"product_tag","embeddable":true,"href":"https:\/\/atelierdessoufflants.com\/index.php\/wp-json\/wp\/v2\/product_tag?post=2588"}],"curies":[{"name":"wp","href":"https:\/\/api.w.org\/{rel}","templated":true}]}}