{"id":2586,"date":"2025-10-22T16:47:21","date_gmt":"2025-10-22T14:47:21","guid":{"rendered":"https:\/\/atelierdessoufflants.shop\/?post_type=product&#038;p=2586"},"modified":"2025-10-22T16:47:21","modified_gmt":"2025-10-22T14:47:21","slug":"trombone-simple-king-606-vernis-flight-embouchure-bach-tbe","status":"publish","type":"product","link":"https:\/\/atelierdessoufflants.com\/index.php\/produit\/trombone-simple-king-606-vernis-flight-embouchure-bach-tbe\/","title":{"rendered":"Trombone simple KING 606 vernis [+FLIGHT + EMBOUCHURE BACH, TBE+++]"},"content":{"rendered":"<p><strong>GAMME : interm\u00e9diaire<\/strong><br \/>\n<strong>ANN\u00c9E : autour 1980<\/strong><br \/>\n<strong>N\u00b0s\u00e9rie : corps 5-631XXX coulisse F-82XX<\/strong><\/p>\n<p>Trombone t\u00e9nor Simple King 606, un grand standard mondial fabriqu\u00e9 \u00e0 eastlake (Ohio) par la firme am\u00e9ricaine pour les trombonistes \u00e9tudiants et beaucoup plus si affinit\u00e9s , une gamme interm\u00e9diaire robuste et fiable qui \u00e0 tr\u00e8s largement fait ses preuves depuis plus de 50 ans.<br \/>\nUn Instrument dans un \u00e9tat remarquable, la m\u00e9canique et vierge de toutes bosses, impact ou usure.<br \/>\nchrome coulisse aucune usure.<br \/>\nUn l\u00e9ger manque de vernis sur la coulisse et de l\u00e9g\u00e8res traces (normales) par endroit sur le vernis (voir photos)<\/p>\n<p>&nbsp;<\/p>\n<p><strong>Caract\u00e9ristiques :<\/strong><br \/>\nperce 12.77 mm (standard)<br \/>\npavillon 203 mm pavillon laiton<br \/>\ncoulisse ext\u00e9rieure laiton<br \/>\npoids interchangeable<br \/>\nembouchure Vincent Bach 12C<br \/>\n\u00e9tui rigide coque d&rsquo;origine<br \/>\nfinition verni<br \/>\nhuile Slide O Mix \u00ab\u00a0rapid confort\u00a0\u00bb fournie<\/p>\n<p><a href=\"https:\/\/www.conn-selmer.com\/en-us\/instruments\/band-instruments\/trombones\/606\" target=\"_blank\" rel=\"noopener\">INFOS FABRICANT<\/a><\/p>\n<p>&nbsp;<\/p>\n<p><strong>GARANTIE 1 AN<\/strong><\/p>\n<p><strong>Valeur neuf environ 1028 euros <\/strong><\/p>\n","protected":false},"excerpt":{"rendered":"<p>une r\u00e9f\u00e9rence en trombone d&rsquo;\u00e9tude ++ et amateur exigeant, fabrication USA, \u00e9tat irr\u00e9prochable pour une occasion<\/p>\n","protected":false},"featured_media":2593,"template":"","meta":[],"product_brand":[],"product_cat":[17,31,47],"product_tag":[],"class_list":{"0":"post-2586","1":"product","2":"type-product","3":"status-publish","4":"has-post-thumbnail","6":"product_cat-occasions","7":"product_cat-trombones","8":"product_cat-ventes","10":"first","11":"outofstock","12":"sold-individually","13":"shipping-taxable","14":"product-type-simple"},"_links":{"self":[{"href":"https:\/\/atelierdessoufflants.com\/index.php\/wp-json\/wp\/v2\/product\/2586","targetHints":{"allow":["GET"]}}],"collection":[{"href":"https:\/\/atelierdessoufflants.com\/index.php\/wp-json\/wp\/v2\/product"}],"about":[{"href":"https:\/\/atelierdessoufflants.com\/index.php\/wp-json\/wp\/v2\/types\/product"}],"wp:featuredmedia":[{"embeddable":true,"href":"https:\/\/atelierdessoufflants.com\/index.php\/wp-json\/wp\/v2\/media\/2593"}],"wp:attachment":[{"href":"https:\/\/atelierdessoufflants.com\/index.php\/wp-json\/wp\/v2\/media?parent=2586"}],"wp:term":[{"taxonomy":"product_brand","embeddable":true,"href":"https:\/\/atelierdessoufflants.com\/index.php\/wp-json\/wp\/v2\/product_brand?post=2586"},{"taxonomy":"product_cat","embeddable":true,"href":"https:\/\/atelierdessoufflants.com\/index.php\/wp-json\/wp\/v2\/product_cat?post=2586"},{"taxonomy":"product_tag","embeddable":true,"href":"https:\/\/atelierdessoufflants.com\/index.php\/wp-json\/wp\/v2\/product_tag?post=2586"}],"curies":[{"name":"wp","href":"https:\/\/api.w.org\/{rel}","templated":true}]}}