{"id":2512,"date":"2025-10-22T16:40:38","date_gmt":"2025-10-22T14:40:38","guid":{"rendered":"https:\/\/atelierdessoufflants.shop\/?post_type=product&#038;p=2512"},"modified":"2026-01-17T20:01:20","modified_gmt":"2026-01-17T19:01:20","slug":"clarinette-buffet-crampon-evette-schaeffer-france-tout-ebenetampons-cuir-neufbec-etui","status":"publish","type":"product","link":"https:\/\/atelierdessoufflants.com\/index.php\/produit\/clarinette-buffet-crampon-evette-schaeffer-france-tout-ebenetampons-cuir-neufbec-etui\/","title":{"rendered":"Clarinette Buffet Crampon \u00a0\u00bbEvette &#038; Schaeffer\u00a0\u00bb  France  [TOUT \u00c9B\u00c8NE,TAMPONS CUIR NEUF+BEC+  \u00c9TUI]"},"content":{"rendered":"<p><strong>GAMME : semi-pro<\/strong><br \/>\n<strong>ANN\u00c9E :\u00a0<\/strong><br \/>\n<strong>N\u00b0s\u00e9rie : K238XXX<\/strong><\/p>\n<p>Une clarinette issue de la c\u00e9l\u00e8bre manufacture de clarinette\u00a0 Buffet Crampon (\u00e0 Mantes la Jolie).<br \/>\nMod\u00e8le \u00ab\u00a0\u00e9vette &amp; Schaeffer\u00a0\u00bb tout \u00e9b\u00e8ne fabriqu\u00e9 dans les ateliers de la marque Fran\u00e7aise, elle a toutes les caract\u00e9ristiques techniques d&rsquo;une gamme semi-professionnelle, mod\u00e8le \u00e9quivalente \u00e0 la E13 : finition cl\u00e9s nickel\u00e9es, ressorts plats et aiguilles bleuies, vis \u00e0 pointe et tenons en li\u00e8ges naturels, grande qualit\u00e9 de fabrication.<\/p>\n<p>Enti\u00e8rement refaite \u00e0 l&rsquo;atelier, instrument mont\u00e9 avec tampons cuir et li\u00e8ge (tampons cuir blanc Chedeville Lelandais France), garnitures neuves.<\/p>\n<p>vendu avec \u00e9tui valise en TBE et bec Buffet Crampon d&rsquo;origine<\/p>\n<p><strong>Valeur neuf mod\u00e8le actuel environ 1500 euros <\/strong><\/p>\n<p><strong>GARANTIE 1 AN<\/strong><\/p>\n","protected":false},"excerpt":{"rendered":"<p>Mod\u00e8le semi-pro, Buffet Crampon (France), tampons cuir et li\u00e8ge TBE<\/p>\n","protected":false},"featured_media":2550,"template":"","meta":[],"product_brand":[72],"product_cat":[36,70,17,47],"product_tag":[],"class_list":{"0":"post-2512","1":"product","2":"type-product","3":"status-publish","4":"has-post-thumbnail","6":"product_brand-buffet-crampon","7":"product_cat-clarinettes","8":"product_cat-clarinettes-occasion-vendu","9":"product_cat-occasions","10":"product_cat-ventes","12":"first","13":"outofstock","14":"sold-individually","15":"shipping-taxable","16":"product-type-simple"},"_links":{"self":[{"href":"https:\/\/atelierdessoufflants.com\/index.php\/wp-json\/wp\/v2\/product\/2512","targetHints":{"allow":["GET"]}}],"collection":[{"href":"https:\/\/atelierdessoufflants.com\/index.php\/wp-json\/wp\/v2\/product"}],"about":[{"href":"https:\/\/atelierdessoufflants.com\/index.php\/wp-json\/wp\/v2\/types\/product"}],"wp:featuredmedia":[{"embeddable":true,"href":"https:\/\/atelierdessoufflants.com\/index.php\/wp-json\/wp\/v2\/media\/2550"}],"wp:attachment":[{"href":"https:\/\/atelierdessoufflants.com\/index.php\/wp-json\/wp\/v2\/media?parent=2512"}],"wp:term":[{"taxonomy":"product_brand","embeddable":true,"href":"https:\/\/atelierdessoufflants.com\/index.php\/wp-json\/wp\/v2\/product_brand?post=2512"},{"taxonomy":"product_cat","embeddable":true,"href":"https:\/\/atelierdessoufflants.com\/index.php\/wp-json\/wp\/v2\/product_cat?post=2512"},{"taxonomy":"product_tag","embeddable":true,"href":"https:\/\/atelierdessoufflants.com\/index.php\/wp-json\/wp\/v2\/product_tag?post=2512"}],"curies":[{"name":"wp","href":"https:\/\/api.w.org\/{rel}","templated":true}]}}