{"id":2504,"date":"2025-10-22T16:37:56","date_gmt":"2025-10-22T14:37:56","guid":{"rendered":"https:\/\/atelierdessoufflants.shop\/?post_type=product&#038;p=2504"},"modified":"2025-10-22T16:41:45","modified_gmt":"2025-10-22T14:41:45","slug":"trombone-king-3b-concert-mecanique-tbe-pavillon-entierement-de-vernis","status":"publish","type":"product","link":"https:\/\/atelierdessoufflants.com\/index.php\/produit\/trombone-king-3b-concert-mecanique-tbe-pavillon-entierement-de-vernis\/","title":{"rendered":"TROMBONE KING 3B CONCERT [M\u00c9CANIQUE TBE, pavillon enti\u00e8rement d\u00e9-vernis ]"},"content":{"rendered":"<p><strong>GAMME : PRO<\/strong><br \/>\n<strong>ANN\u00c9E : 1965-1970<\/strong><br \/>\n<strong>N\u00b0s\u00e9rie : 422XXX<\/strong><\/p>\n<p>&nbsp;<\/p>\n<p>trombone simple KING 3B \u00ab\u00a0CONCERT\u00a0\u00bb fabrication am\u00e9ricaine CLEVELAND (OHIO) corp d\u00e9-vernis<\/p>\n<p>Tr\u00e8s bel aspect g\u00e9n\u00e9ral, m\u00e9canique et chrome coulisse en TBE<\/p>\n<p>avec \u00e9tui fly d&rsquo;origine + embouchure Benge 12C<\/p>\n<p>manque de vernis sur la coulisse \u00e0 ne nombreux endroit mais sans aucune incidence sur le son (possibilit\u00e9 custom brossage ou re-vernissage sur demande en sus)<\/p>\n<p>&nbsp;<\/p>\n<ul>\n<li>Trombone T\u00e9nor en Sib<\/li>\n<li>Pavillon rapport\u00e9 2 pi\u00e8ces en laiton<\/li>\n<li>Pavillon : 203 mm<\/li>\n<li>Perce ML : 12.9 mm<\/li>\n<li>contre poids tout m\u00e9tal \u00e0 l\u2019ancienne serrage par une unique vis molet\u00e9<\/li>\n<li>Coulisse ext\u00e9rieure en maillechort, int\u00e9rieure chrom\u00e9e.<\/li>\n<li>Finition coulisse : vernie pavillon, d\u00e9-vernis<\/li>\n<\/ul>\n<p>&nbsp;<\/p>\n<p><strong>GARANTIE 1 AN<\/strong><\/p>\n<p><strong>Valeur neuf environ 3350 euros<\/strong><\/p>\n","protected":false},"excerpt":{"rendered":"<p>parfait pour soliste, jazz, petite formation, une r\u00e9f\u00e9rence mondiale en trombone, perce medium<\/p>\n","protected":false},"featured_media":2530,"template":"","meta":[],"product_brand":[],"product_cat":[17,31,47],"product_tag":[],"class_list":{"0":"post-2504","1":"product","2":"type-product","3":"status-publish","4":"has-post-thumbnail","6":"product_cat-occasions","7":"product_cat-trombones","8":"product_cat-ventes","10":"first","11":"outofstock","12":"sold-individually","13":"shipping-taxable","14":"product-type-simple"},"_links":{"self":[{"href":"https:\/\/atelierdessoufflants.com\/index.php\/wp-json\/wp\/v2\/product\/2504","targetHints":{"allow":["GET"]}}],"collection":[{"href":"https:\/\/atelierdessoufflants.com\/index.php\/wp-json\/wp\/v2\/product"}],"about":[{"href":"https:\/\/atelierdessoufflants.com\/index.php\/wp-json\/wp\/v2\/types\/product"}],"wp:featuredmedia":[{"embeddable":true,"href":"https:\/\/atelierdessoufflants.com\/index.php\/wp-json\/wp\/v2\/media\/2530"}],"wp:attachment":[{"href":"https:\/\/atelierdessoufflants.com\/index.php\/wp-json\/wp\/v2\/media?parent=2504"}],"wp:term":[{"taxonomy":"product_brand","embeddable":true,"href":"https:\/\/atelierdessoufflants.com\/index.php\/wp-json\/wp\/v2\/product_brand?post=2504"},{"taxonomy":"product_cat","embeddable":true,"href":"https:\/\/atelierdessoufflants.com\/index.php\/wp-json\/wp\/v2\/product_cat?post=2504"},{"taxonomy":"product_tag","embeddable":true,"href":"https:\/\/atelierdessoufflants.com\/index.php\/wp-json\/wp\/v2\/product_tag?post=2504"}],"curies":[{"name":"wp","href":"https:\/\/api.w.org\/{rel}","templated":true}]}}