{"id":2446,"date":"2025-10-22T14:03:24","date_gmt":"2025-10-22T12:03:24","guid":{"rendered":"https:\/\/atelierdessoufflants.shop\/?post_type=product&#038;p=2446"},"modified":"2026-04-12T12:16:10","modified_gmt":"2026-04-12T10:16:10","slug":"trompette-getzen-400-series-finition-vernis-etui-semi-rigide-ortola-neuf-embouchure-neuve","status":"publish","type":"product","link":"https:\/\/atelierdessoufflants.com\/index.php\/produit\/trompette-getzen-400-series-finition-vernis-etui-semi-rigide-ortola-neuf-embouchure-neuve\/","title":{"rendered":"trompette GETZEN 400 s\u00e9ries finition vernis [\u00c9TUI semi rigide ORTOLA neuf + embouchure neuve]"},"content":{"rendered":"<p><strong>GAMME : \u00e9tude ++<\/strong><br \/>\n<strong>ANN\u00c9E : <\/strong><br \/>\n<strong>N\u00b0s\u00e9rie :R39XXX<\/strong><\/p>\n<p>La marque am\u00e9ricaine GETZEN est largement connue pour ses qualit\u00e9s g\u00e9n\u00e9rales sans faille. La s\u00e9rie 400 est d\u00e9vellopp\u00e9e pour les trompettistes amateurs et \u00e9l\u00e8ves exigeants. Les choix de facture (branche, pavillon cuivre rose, int\u00e9rieurs de coulisses maillechort etc) classe l&rsquo;instrument dans la cat\u00e9gorie sup\u00e9rieure des instruments d&rsquo;\u00e9tude.<\/p>\n<p>Pavillon cuivre rose deux pi\u00e8ces, jonc renforc\u00e9.<br \/>\npistonnage GETZEN professionnel<br \/>\ncoulisse 1 et 3 mobile<br \/>\nBranche d&#8217;embouchure cuivre rose<br \/>\n2 cl\u00e9s d&rsquo;eau \u00ab\u00a0Amado\u00a0\u00bb<br \/>\nanneau sur le 1er et le 3\u00e8me piston,<br \/>\nPerce ML: 11.68 mm<br \/>\nvendu avec \u00e9tui ortola + embouchure<\/p>\n<p>instrument enti\u00e8rement r\u00e9vis\u00e9 et contr\u00f4l\u00e9 \u00e0 l&rsquo;atelier, tr\u00e8s bon \u00e9tat m\u00e9canique, Le vernis comporte des rayures et traces d&rsquo;imperfections mais n\u2019influence en rien la sonorit\u00e9 de l&rsquo;instrument.<\/p>\n<p><strong>GARANTIE 1 AN<\/strong><\/p>\n<p>prix neuf mod\u00e8le 490 s\u00e9ries actuel 1600 euros environ<\/p>\n","protected":false},"excerpt":{"rendered":"<p>facture US tr\u00e8s robuste, fiabilit\u00e9, pistonnage extra<\/p>\n","protected":false},"featured_media":2499,"template":"","meta":[],"product_brand":[],"product_cat":[17,98,38,47],"product_tag":[],"class_list":{"0":"post-2446","1":"product","2":"type-product","3":"status-publish","4":"has-post-thumbnail","6":"product_cat-occasions","7":"product_cat-trompettes-occasion-vendu","8":"product_cat-trompettes-cornets-bugle","9":"product_cat-ventes","11":"first","12":"outofstock","13":"sold-individually","14":"shipping-taxable","15":"product-type-simple"},"_links":{"self":[{"href":"https:\/\/atelierdessoufflants.com\/index.php\/wp-json\/wp\/v2\/product\/2446","targetHints":{"allow":["GET"]}}],"collection":[{"href":"https:\/\/atelierdessoufflants.com\/index.php\/wp-json\/wp\/v2\/product"}],"about":[{"href":"https:\/\/atelierdessoufflants.com\/index.php\/wp-json\/wp\/v2\/types\/product"}],"wp:featuredmedia":[{"embeddable":true,"href":"https:\/\/atelierdessoufflants.com\/index.php\/wp-json\/wp\/v2\/media\/2499"}],"wp:attachment":[{"href":"https:\/\/atelierdessoufflants.com\/index.php\/wp-json\/wp\/v2\/media?parent=2446"}],"wp:term":[{"taxonomy":"product_brand","embeddable":true,"href":"https:\/\/atelierdessoufflants.com\/index.php\/wp-json\/wp\/v2\/product_brand?post=2446"},{"taxonomy":"product_cat","embeddable":true,"href":"https:\/\/atelierdessoufflants.com\/index.php\/wp-json\/wp\/v2\/product_cat?post=2446"},{"taxonomy":"product_tag","embeddable":true,"href":"https:\/\/atelierdessoufflants.com\/index.php\/wp-json\/wp\/v2\/product_tag?post=2446"}],"curies":[{"name":"wp","href":"https:\/\/api.w.org\/{rel}","templated":true}]}}