{"id":2394,"date":"2025-10-22T13:57:34","date_gmt":"2025-10-22T11:57:34","guid":{"rendered":"https:\/\/atelierdessoufflants.shop\/?post_type=product&#038;p=2394"},"modified":"2025-10-22T13:57:34","modified_gmt":"2025-10-22T11:57:34","slug":"saxhorn-tuba-pichotte-alto-mib-besson-new-standard-class-a-made-in-england-etui-neuf-tom-will-embouchure-denis-wick","status":"publish","type":"product","link":"https:\/\/atelierdessoufflants.com\/index.php\/produit\/saxhorn-tuba-pichotte-alto-mib-besson-new-standard-class-a-made-in-england-etui-neuf-tom-will-embouchure-denis-wick\/","title":{"rendered":"Saxhorn \/ Tuba \/ Pichotte ALTO MIB BESSON \u00a0\u00bbNEW STANDARD\u00a0\u00bb CLASS A [MADE IN ENGLAND] + \u00e9tui neuf TOM &#038; WILL + embouchure Denis Wick"},"content":{"rendered":"<p><strong>GAMME : interm\u00e9diaire<\/strong><br \/>\n<strong>ANN\u00c9E : ann\u00e9es 70&rsquo;s \/ 80&rsquo;s<\/strong><br \/>\n<strong>N\u00b0s\u00e9rie : 383XXX<\/strong><\/p>\n<p>Alto Mib Argent\u00e9 (Pichotte)<\/p>\n<p>BESSON England<br \/>\npavillon 177mm<br \/>\nperce 10,75 mm<br \/>\nTr\u00e8s bel \u00e9tat \u00e9tat g\u00e9n\u00e9ral, enti\u00e8rement r\u00e9vis\u00e9, tr\u00e8s bonne m\u00e9canique robuste, pistonnage tr\u00e8s peu servi.<\/p>\n<p>Ces mod\u00e8les sont de perce plus petite (10,75mm) que les mod\u00e8les actuels PRESTIGE, SOVEREIGN ou 152 de chez BESSON (aujourd&rsquo;hui 11,84 mm), le pavillon \u00e9galement plus petit 177mm (actuellement 203 mm)<\/p>\n<p>Avec \u00e9tuis TOM &amp; Will sac \u00e0 dos<br \/>\nembouchure Denis Wick N\u00b03<\/p>\n<p>super sonorit\u00e9 centr\u00e9e, bonne justesse, \u00e0 essayer !!<\/p>\n<p><strong>GARANTIE 1 AN<\/strong><\/p>\n","protected":false},"excerpt":{"rendered":"<p>fabrication anglaise + \u00e9tui + embouchure<\/p>\n","protected":false},"featured_media":2399,"template":"","meta":[],"product_brand":[],"product_cat":[17,19,47],"product_tag":[],"class_list":{"0":"post-2394","1":"product","2":"type-product","3":"status-publish","4":"has-post-thumbnail","6":"product_cat-occasions","7":"product_cat-tubas-euphoniuns-saxhorns","8":"product_cat-ventes","10":"first","11":"outofstock","12":"sold-individually","13":"shipping-taxable","14":"product-type-simple"},"_links":{"self":[{"href":"https:\/\/atelierdessoufflants.com\/index.php\/wp-json\/wp\/v2\/product\/2394","targetHints":{"allow":["GET"]}}],"collection":[{"href":"https:\/\/atelierdessoufflants.com\/index.php\/wp-json\/wp\/v2\/product"}],"about":[{"href":"https:\/\/atelierdessoufflants.com\/index.php\/wp-json\/wp\/v2\/types\/product"}],"wp:featuredmedia":[{"embeddable":true,"href":"https:\/\/atelierdessoufflants.com\/index.php\/wp-json\/wp\/v2\/media\/2399"}],"wp:attachment":[{"href":"https:\/\/atelierdessoufflants.com\/index.php\/wp-json\/wp\/v2\/media?parent=2394"}],"wp:term":[{"taxonomy":"product_brand","embeddable":true,"href":"https:\/\/atelierdessoufflants.com\/index.php\/wp-json\/wp\/v2\/product_brand?post=2394"},{"taxonomy":"product_cat","embeddable":true,"href":"https:\/\/atelierdessoufflants.com\/index.php\/wp-json\/wp\/v2\/product_cat?post=2394"},{"taxonomy":"product_tag","embeddable":true,"href":"https:\/\/atelierdessoufflants.com\/index.php\/wp-json\/wp\/v2\/product_tag?post=2394"}],"curies":[{"name":"wp","href":"https:\/\/api.w.org\/{rel}","templated":true}]}}