{"id":2299,"date":"2025-10-22T13:14:33","date_gmt":"2025-10-22T11:14:33","guid":{"rendered":"https:\/\/atelierdessoufflants.shop\/?post_type=product&#038;p=2299"},"modified":"2025-10-25T18:10:57","modified_gmt":"2025-10-25T16:10:57","slug":"clarinette-sonata-1020-leblanc-sib-tampons-cuir-neuf-bec-vandoren-top-rapport-qualite-prix","status":"publish","type":"product","link":"https:\/\/atelierdessoufflants.com\/index.php\/produit\/clarinette-sonata-1020-leblanc-sib-tampons-cuir-neuf-bec-vandoren-top-rapport-qualite-prix\/","title":{"rendered":"Clarinette \u00a0\u00bb SONATA \u00a0\u00bb  1020 LEBLANC Sib [tampons cuir NEUF + BEC VANDOREN +TOP rapport qualit\u00e9 prix]"},"content":{"rendered":"<p><strong>GAMME : Semi-Pro<\/strong><br \/>\n<strong>ANN\u00c9E :\u00a0 <\/strong><br \/>\n<strong>N\u00b0s\u00e9rie :<\/strong><\/p>\n<p>Clarinette Leblanc \u00ab\u00a0SONATA\u00a0\u00bb tout \u00e9b\u00e8ne, cl\u00e9tage argent\u00e9 (gamme \u00e9quivalente \u00e0 E13,\u00a0 Yamaha YCL650, Selmer\u00a0 prologue&#8230;)<br \/>\nEnti\u00e8rement r\u00e9vis\u00e9e\u00a0 \u00e0 l&rsquo;atelier, tampons cuir et li\u00e8ge en TBE (mont\u00e9e en Chedeville Lelandais France) .<br \/>\nGarnitures de cl\u00e9tage chang\u00e9, ressorts et m\u00e9canique en tr\u00e8s bon \u00e9tat.<br \/>\nParfait \u00e9tat de marche, une tr\u00e8s bonne clarinette fiable et robuste.<\/p>\n<p>Fabriqu\u00e9e dans la manufacture LEBLANC bas\u00e9e \u00e0 la Couture Boussey (27)<br \/>\nDe perce polyc\u00f4nique comme les mod\u00e8les Esprit, Concerto et Opus, elle est facile \u00e0 jouer tout en restant tr\u00e8s centr\u00e9e et homog\u00e8ne<\/p>\n<p><strong>LIVREE AVEC:<\/strong><\/p>\n<p>-\u00e9tui<br \/>\n-bec<br \/>\n&#8211; 1 anche vandoren classique force 2<\/p>\n<p><strong>GARANTIE 1 AN<\/strong><\/p>\n<p><strong>Valeur neuf mod\u00e8le \u00e9quivalent environ 1300-1500 euros<\/strong><\/p>\n","protected":false},"excerpt":{"rendered":"<p>GAMME : Semi-Pro ANN\u00c9E :\u00a0 N\u00b0s\u00e9rie : Clarinette Leblanc \u00ab\u00a0SONATA\u00a0\u00bb tout \u00e9b\u00e8ne, cl\u00e9tage argent\u00e9 (gamme \u00e9quivalente \u00e0 E13,\u00a0 Yamaha YCL650, Selmer\u00a0 prologue&#8230;) Enti\u00e8rement r\u00e9vis\u00e9e\u00a0 \u00e0 l&rsquo;atelier, tampons cuir et li\u00e8ge en TBE (mont\u00e9e en Chedeville Lelandais France) . Garnitures de cl\u00e9tage chang\u00e9, ressorts et m\u00e9canique en tr\u00e8s bon \u00e9tat. Parfait \u00e9tat de marche, une tr\u00e8s [&hellip;]<\/p>\n","protected":false},"featured_media":2350,"template":"","meta":[],"product_brand":[76],"product_cat":[36,70,17,47],"product_tag":[],"class_list":{"0":"post-2299","1":"product","2":"type-product","3":"status-publish","4":"has-post-thumbnail","6":"product_brand-leblanc-noblet","7":"product_cat-clarinettes","8":"product_cat-clarinettes-occasion-vendu","9":"product_cat-occasions","10":"product_cat-ventes","12":"first","13":"outofstock","14":"sold-individually","15":"shipping-taxable","16":"product-type-simple"},"_links":{"self":[{"href":"https:\/\/atelierdessoufflants.com\/index.php\/wp-json\/wp\/v2\/product\/2299","targetHints":{"allow":["GET"]}}],"collection":[{"href":"https:\/\/atelierdessoufflants.com\/index.php\/wp-json\/wp\/v2\/product"}],"about":[{"href":"https:\/\/atelierdessoufflants.com\/index.php\/wp-json\/wp\/v2\/types\/product"}],"wp:featuredmedia":[{"embeddable":true,"href":"https:\/\/atelierdessoufflants.com\/index.php\/wp-json\/wp\/v2\/media\/2350"}],"wp:attachment":[{"href":"https:\/\/atelierdessoufflants.com\/index.php\/wp-json\/wp\/v2\/media?parent=2299"}],"wp:term":[{"taxonomy":"product_brand","embeddable":true,"href":"https:\/\/atelierdessoufflants.com\/index.php\/wp-json\/wp\/v2\/product_brand?post=2299"},{"taxonomy":"product_cat","embeddable":true,"href":"https:\/\/atelierdessoufflants.com\/index.php\/wp-json\/wp\/v2\/product_cat?post=2299"},{"taxonomy":"product_tag","embeddable":true,"href":"https:\/\/atelierdessoufflants.com\/index.php\/wp-json\/wp\/v2\/product_tag?post=2299"}],"curies":[{"name":"wp","href":"https:\/\/api.w.org\/{rel}","templated":true}]}}