{"id":2262,"date":"2025-10-22T13:10:55","date_gmt":"2025-10-22T11:10:55","guid":{"rendered":"https:\/\/atelierdessoufflants.shop\/?post_type=product&#038;p=2262"},"modified":"2025-10-25T18:11:14","modified_gmt":"2025-10-25T16:11:14","slug":"clarinette-buffet-crampon-rc-prestige-green-line-bc1108gl-2-etui-bec-vandoren-b45","status":"publish","type":"product","link":"https:\/\/atelierdessoufflants.com\/index.php\/produit\/clarinette-buffet-crampon-rc-prestige-green-line-bc1108gl-2-etui-bec-vandoren-b45\/","title":{"rendered":"clarinette BUFFET CRAMPON RC PRESTIGE \u00a0\u00bbGREEN LINE\u00a0\u00bb BC1108GL-2 [+ ETUI + BEC VANDOREN B45]"},"content":{"rendered":"<p><strong>GAMME : PRO<\/strong><br \/>\n<strong>ANN\u00c9E :2004<\/strong><br \/>\n<strong>N\u00b0s\u00e9rie :F53XXX<\/strong><\/p>\n<p>Clarinette Bb Buffet Crampon RC prestige Green Line ref:<span class=\"key\">BC1108GL-2<\/span><\/p>\n<p>Mod\u00e8le embl\u00e9matique de la manufacture de clarinette Buffet Crampon \u00e0 Mantes la ville (78)<br \/>\nune grande r\u00e9f\u00e9rence dans tous les orchestres du monde.<br \/>\n<span class=\"PBLongTxt PBItemShortDesc\">Puissante et tr\u00e8s flexible dans tous les registres, la RC Prestige convient \u00e0 tous les jeux et tous les styles.<br \/>\n<\/span><\/p>\n<p><span class=\"PBLongTxt PBItemShortDesc\">-Tonalit\u00e9 442Hz\u00a0 (baril 440Hz sur demande)<br \/>\n-perce baril-corp du haut multi-cylindrique, corps du bas pavillon conique<br \/>\n-18 cl\u00e9s, 6 anneaux, levier de Mib forg\u00e9 de s\u00e9rie<br \/>\n-mat\u00e9riaux \u00ab\u00a0Green Line\u00a0\u00bb (\u00e9b\u00e8ne reconstitu\u00e9e)<br \/>\n-tampons cuir haut de gamme (Chedeville Lelandais France)<br \/>\n-viroles maillechort de renfort sur les emboiture<br \/>\n-\u00e9tui valise traditionnel<br \/>\n-avec bec \u00e9bonite vandoren B45 (en tbe) + ligature invers\u00e9 et couvre bec m\u00e9tal<\/p>\n<p>La m\u00e9canique est pr\u00e9par\u00e9e et finie avec une grande pr\u00e9cision : fraisage int\u00e9rieur des trous selon les sp\u00e9cifications propres au savoir-faire Buffet Crampon. Les tenons des corps sont sertis, c\u2019est-\u00e0-dire prot\u00e9g\u00e9s par des bagues m\u00e9talliques, afin de limiter le risque de fentes. Les cl\u00e9s en maillechort (alliage de cuivre, zinc et nickel) sont forg\u00e9es \u00e0 froid, cuivr\u00e9es puis argent\u00e9es.<\/span><\/p>\n<p><span class=\"PBLongTxt PBItemShortDesc\">Instrument enti\u00e8rement r\u00e9vis\u00e9, contr\u00f4l\u00e9 \u00e0 l&rsquo;atelier et essay\u00e9 par professionnel. tampons cuir neuf peau blanche (chedeville Lelandais)<br \/>\nM\u00e9canique en tr\u00e8s bon \u00e9tat, l\u00e9ger b\u00e9mol d&rsquo;aspect: le logo dor\u00e9 buffet crampon est partiellement partie par endroits.<\/span><\/p>\n<p><span class=\"PBLongTxt PBItemShortDesc\">fid\u00e8le au son buffet crampon, bonne justesse et \u00e9mission<br \/>\nun mod\u00e8le en super \u00e9tat \u00e0 moiti\u00e9 prix du neuf<\/span><\/p>\n<p><span class=\"PBLongTxt PBItemShortDesc\">\u00e0 venir essayer !!<\/span><\/p>\n<p><span class=\"PBLongTxt PBItemShortDesc\"><a href=\"https:\/\/www.buffet-crampon.com\/fr\/instruments\/clarinettes\/rc-prestige\/\" target=\"_blank\" rel=\"noopener\">LIENS VERS LA PAGE DU FABRICANT<\/a><br \/>\n<\/span><br \/>\n<strong> GARANTIE 1 AN<\/strong><\/p>\n<p><strong>Valeur neuf 4260 euros<\/strong><\/p>\n","protected":false},"excerpt":{"rendered":"<p>mod\u00e8le professionnel, en \u00e9b\u00e8ne composite Green Line, levier de MIB<\/p>\n","protected":false},"featured_media":2284,"template":"","meta":[],"product_brand":[72],"product_cat":[36,70,17,47],"product_tag":[],"class_list":{"0":"post-2262","1":"product","2":"type-product","3":"status-publish","4":"has-post-thumbnail","6":"product_brand-buffet-crampon","7":"product_cat-clarinettes","8":"product_cat-clarinettes-occasion-vendu","9":"product_cat-occasions","10":"product_cat-ventes","12":"first","13":"outofstock","14":"sold-individually","15":"shipping-taxable","16":"product-type-simple"},"_links":{"self":[{"href":"https:\/\/atelierdessoufflants.com\/index.php\/wp-json\/wp\/v2\/product\/2262","targetHints":{"allow":["GET"]}}],"collection":[{"href":"https:\/\/atelierdessoufflants.com\/index.php\/wp-json\/wp\/v2\/product"}],"about":[{"href":"https:\/\/atelierdessoufflants.com\/index.php\/wp-json\/wp\/v2\/types\/product"}],"wp:featuredmedia":[{"embeddable":true,"href":"https:\/\/atelierdessoufflants.com\/index.php\/wp-json\/wp\/v2\/media\/2284"}],"wp:attachment":[{"href":"https:\/\/atelierdessoufflants.com\/index.php\/wp-json\/wp\/v2\/media?parent=2262"}],"wp:term":[{"taxonomy":"product_brand","embeddable":true,"href":"https:\/\/atelierdessoufflants.com\/index.php\/wp-json\/wp\/v2\/product_brand?post=2262"},{"taxonomy":"product_cat","embeddable":true,"href":"https:\/\/atelierdessoufflants.com\/index.php\/wp-json\/wp\/v2\/product_cat?post=2262"},{"taxonomy":"product_tag","embeddable":true,"href":"https:\/\/atelierdessoufflants.com\/index.php\/wp-json\/wp\/v2\/product_tag?post=2262"}],"curies":[{"name":"wp","href":"https:\/\/api.w.org\/{rel}","templated":true}]}}