{"id":2211,"date":"2025-10-22T13:08:10","date_gmt":"2025-10-22T11:08:10","guid":{"rendered":"https:\/\/atelierdessoufflants.shop\/?post_type=product&#038;p=2211"},"modified":"2026-03-20T18:33:33","modified_gmt":"2026-03-20T17:33:33","slug":"saxophone-tenor-selmer-super-action-80-serie-2-verni-tampons-neuf-2022-etuis-flight-dorigine-bec","status":"publish","type":"product","link":"https:\/\/atelierdessoufflants.com\/index.php\/produit\/saxophone-tenor-selmer-super-action-80-serie-2-verni-tampons-neuf-2022-etuis-flight-dorigine-bec\/","title":{"rendered":"saxophone t\u00e9nor Selmer Super action 80 s\u00e9rie 2 Verni [TAMPONS NEUF 2022, \u00e9tuis flight d&rsquo;origine + bec]"},"content":{"rendered":"<p><strong>GAMME : PRO<\/strong><br \/>\n<strong>ANN\u00c9E : 1989<\/strong><br \/>\n<strong>N\u00b0s\u00e9rie : 43XXX<\/strong><\/p>\n<p>&nbsp;<\/p>\n<p>t\u00e9nor selmer \u00ab\u00a0super action 80 s\u00e9rie II (ann\u00e9e 1989)<br \/>\nsera enti\u00e8rement remise en \u00e9tat avant la vente (tampons, garnitures, feutres, li\u00e8ges)<br \/>\n\u00e9tuis flight selmer d&rsquo;origine<br \/>\n1er main<br \/>\n+ bec<\/p>\n<p>&nbsp;<\/p>\n<p><strong>GARANTIE 1 AN<\/strong><\/p>\n","protected":false},"excerpt":{"rendered":"<p>une r\u00e9f\u00e9rence dans sa cat\u00e9gorie<\/p>\n","protected":false},"featured_media":2239,"template":"","meta":[],"product_brand":[66],"product_cat":[17,37,47],"product_tag":[],"class_list":{"0":"post-2211","1":"product","2":"type-product","3":"status-publish","4":"has-post-thumbnail","6":"product_brand-henri-selmer-paris","7":"product_cat-occasions","8":"product_cat-saxophones","9":"product_cat-ventes","11":"first","12":"outofstock","13":"sold-individually","14":"shipping-taxable","15":"product-type-simple"},"_links":{"self":[{"href":"https:\/\/atelierdessoufflants.com\/index.php\/wp-json\/wp\/v2\/product\/2211","targetHints":{"allow":["GET"]}}],"collection":[{"href":"https:\/\/atelierdessoufflants.com\/index.php\/wp-json\/wp\/v2\/product"}],"about":[{"href":"https:\/\/atelierdessoufflants.com\/index.php\/wp-json\/wp\/v2\/types\/product"}],"wp:featuredmedia":[{"embeddable":true,"href":"https:\/\/atelierdessoufflants.com\/index.php\/wp-json\/wp\/v2\/media\/2239"}],"wp:attachment":[{"href":"https:\/\/atelierdessoufflants.com\/index.php\/wp-json\/wp\/v2\/media?parent=2211"}],"wp:term":[{"taxonomy":"product_brand","embeddable":true,"href":"https:\/\/atelierdessoufflants.com\/index.php\/wp-json\/wp\/v2\/product_brand?post=2211"},{"taxonomy":"product_cat","embeddable":true,"href":"https:\/\/atelierdessoufflants.com\/index.php\/wp-json\/wp\/v2\/product_cat?post=2211"},{"taxonomy":"product_tag","embeddable":true,"href":"https:\/\/atelierdessoufflants.com\/index.php\/wp-json\/wp\/v2\/product_tag?post=2211"}],"curies":[{"name":"wp","href":"https:\/\/api.w.org\/{rel}","templated":true}]}}