{"id":2184,"date":"2025-10-22T13:04:00","date_gmt":"2025-10-22T11:04:00","guid":{"rendered":"https:\/\/atelierdessoufflants.shop\/?post_type=product&#038;p=2184"},"modified":"2026-03-20T18:34:09","modified_gmt":"2026-03-20T17:34:09","slug":"saxophone-alto-selmer-super-action-serie-2-verni-tbe-1er-main-etuis-protec-pb304","status":"publish","type":"product","link":"https:\/\/atelierdessoufflants.com\/index.php\/produit\/saxophone-alto-selmer-super-action-serie-2-verni-tbe-1er-main-etuis-protec-pb304\/","title":{"rendered":"saxophone alto Selmer Super Action S\u00e9rie 2 VERNI [TBE 1er main + \u00e9tuis PROTEC PB304]"},"content":{"rendered":"<p><strong><span style=\"font-size: 12px;\">GAMME : PRO<\/span><\/strong><br \/>\n<strong><span style=\"font-size: 12px;\">ANN\u00c9E : 1987<\/span><\/strong><br \/>\n<strong><span style=\"font-size: 12px;\">N\u00b0s\u00e9rie : 3878XX<\/span><\/strong><\/p>\n<p>&nbsp;<\/p>\n<p><span style=\"font-size: 12px;\">Saxophone Selmer Super Action 80 s\u00e9rie 2 verni.<\/span><\/p>\n<p><span style=\"font-size: 12px;\">Une premi\u00e8re main en TBE, pas une seule traces de choc ou impact, m\u00eame minime.<br \/>\nQuelques imperfections sur le vernis + petites rayures d&rsquo;utilisation normales (voir photos)<\/span><\/p>\n<p><span style=\"font-size: 12px;\">Le saxophone \u00e0 \u00e9tait enti\u00e8rement d\u00e9mont\u00e9: r\u00e9vision\/r\u00e9glage, changement + contr\u00f4le des tampons existants,\u00a0 garnitures, r\u00e9glage, lubrification compl\u00e8te.<br \/>\nlivr\u00e9 avec \u00e9tui PROTEC PB304 (black) + BP strap<\/span><\/p>\n<p><span style=\"font-size: 12px;\"><strong>GARANTIE 1 AN<\/strong><\/span><\/p>\n<p><strong><span style=\"font-size: 12px;\">Valeur neuf environ 5590 euros <\/span><\/strong><\/p>\n","protected":false},"excerpt":{"rendered":"<p>un grand standard du saxophone haut de gamme: sonorit\u00e9, justesse, m\u00e9canique<\/p>\n","protected":false},"featured_media":2197,"template":"","meta":[],"product_brand":[66],"product_cat":[17,37,47],"product_tag":[],"class_list":{"0":"post-2184","1":"product","2":"type-product","3":"status-publish","4":"has-post-thumbnail","6":"product_brand-henri-selmer-paris","7":"product_cat-occasions","8":"product_cat-saxophones","9":"product_cat-ventes","11":"first","12":"outofstock","13":"sold-individually","14":"shipping-taxable","15":"product-type-simple"},"_links":{"self":[{"href":"https:\/\/atelierdessoufflants.com\/index.php\/wp-json\/wp\/v2\/product\/2184","targetHints":{"allow":["GET"]}}],"collection":[{"href":"https:\/\/atelierdessoufflants.com\/index.php\/wp-json\/wp\/v2\/product"}],"about":[{"href":"https:\/\/atelierdessoufflants.com\/index.php\/wp-json\/wp\/v2\/types\/product"}],"wp:featuredmedia":[{"embeddable":true,"href":"https:\/\/atelierdessoufflants.com\/index.php\/wp-json\/wp\/v2\/media\/2197"}],"wp:attachment":[{"href":"https:\/\/atelierdessoufflants.com\/index.php\/wp-json\/wp\/v2\/media?parent=2184"}],"wp:term":[{"taxonomy":"product_brand","embeddable":true,"href":"https:\/\/atelierdessoufflants.com\/index.php\/wp-json\/wp\/v2\/product_brand?post=2184"},{"taxonomy":"product_cat","embeddable":true,"href":"https:\/\/atelierdessoufflants.com\/index.php\/wp-json\/wp\/v2\/product_cat?post=2184"},{"taxonomy":"product_tag","embeddable":true,"href":"https:\/\/atelierdessoufflants.com\/index.php\/wp-json\/wp\/v2\/product_tag?post=2184"}],"curies":[{"name":"wp","href":"https:\/\/api.w.org\/{rel}","templated":true}]}}