{"id":2061,"date":"2025-10-22T12:36:05","date_gmt":"2025-10-22T10:36:05","guid":{"rendered":"https:\/\/atelierdessoufflants.shop\/?post_type=product&#038;p=2061"},"modified":"2025-10-22T12:36:06","modified_gmt":"2025-10-22T10:36:06","slug":"saxhorn-antoine-courtois-ac162-argente-3-pistons-mecanique-top-etuis-souple-protec-embouchure","status":"publish","type":"product","link":"https:\/\/atelierdessoufflants.com\/index.php\/produit\/saxhorn-antoine-courtois-ac162-argente-3-pistons-mecanique-top-etuis-souple-protec-embouchure\/","title":{"rendered":"saxhorn Antoine Courtois AC162 Argent\u00e9 3 pistons [M\u00c9CANIQUE TOP + \u00e9tuis souple protec + embouchure ]"},"content":{"rendered":"<p><strong>GAMME : PRO<\/strong><br \/>\n<strong>ANN\u00c9E : <\/strong><br \/>\n<strong>N\u00b0s\u00e9rie :<\/strong><\/p>\n<p>&nbsp;<\/p>\n<p>Saxhorn Antoine Courtois AC-162 (3 pistons) finition argent\u00e9.<\/p>\n<p>Bel \u00e9tat g\u00e9n\u00e9ral, m\u00e9canique tr\u00e8s peu servi (compression quasiment neuve) confortable et r\u00e9active.<\/p>\n<p>mod\u00e8le avec branche, bloc piston et pavillon d\u00e9montable (un vrai + pour la maintenance)<\/p>\n<p>Les touches de pistons de sont pas d&rsquo;origine, elles sont mont\u00e9es avec des boutons de trompette courtois (petite taille)<\/p>\n<p>guides piston plastique<\/p>\n<p>feutres et li\u00e8ge cl\u00e9 d&rsquo;eau neuf<\/p>\n<p>Un instrument en parfait \u00e9tat de fonctionnent puissant et avec une bonne justesse et une bonne souplesse de jeu.<\/p>\n<p>pavillon : 278 mm (avec ancienne estampille)<\/p>\n<p>perce : 15mm<\/p>\n<p>avec \u00e9tui PROTEC C-242 sac a dos en bon \u00e9tat<\/p>\n<p>+ embouchure<\/p>\n<p>remarque: trace de r\u00e9paration sur la coulisse d&rsquo;accord (arri\u00e8re) avec pi\u00e8ce en laiton brut (voir photos) , trace r\u00e9paration \u00e9galemnt sur support fixation de la branche et trace usure argenture a quelques endroits (voir photos)<\/p>\n<p>&nbsp;<\/p>\n<p><strong>\u00a0GARANTIE 1 AN<\/strong><\/p>\n","protected":false},"excerpt":{"rendered":"<p>saxhorn fabrication Amboise (France)<\/p>\n","protected":false},"featured_media":2102,"template":"","meta":[],"product_brand":[],"product_cat":[17,19,47],"product_tag":[],"class_list":{"0":"post-2061","1":"product","2":"type-product","3":"status-publish","4":"has-post-thumbnail","6":"product_cat-occasions","7":"product_cat-tubas-euphoniuns-saxhorns","8":"product_cat-ventes","10":"first","11":"outofstock","12":"sold-individually","13":"shipping-taxable","14":"product-type-simple"},"_links":{"self":[{"href":"https:\/\/atelierdessoufflants.com\/index.php\/wp-json\/wp\/v2\/product\/2061","targetHints":{"allow":["GET"]}}],"collection":[{"href":"https:\/\/atelierdessoufflants.com\/index.php\/wp-json\/wp\/v2\/product"}],"about":[{"href":"https:\/\/atelierdessoufflants.com\/index.php\/wp-json\/wp\/v2\/types\/product"}],"wp:featuredmedia":[{"embeddable":true,"href":"https:\/\/atelierdessoufflants.com\/index.php\/wp-json\/wp\/v2\/media\/2102"}],"wp:attachment":[{"href":"https:\/\/atelierdessoufflants.com\/index.php\/wp-json\/wp\/v2\/media?parent=2061"}],"wp:term":[{"taxonomy":"product_brand","embeddable":true,"href":"https:\/\/atelierdessoufflants.com\/index.php\/wp-json\/wp\/v2\/product_brand?post=2061"},{"taxonomy":"product_cat","embeddable":true,"href":"https:\/\/atelierdessoufflants.com\/index.php\/wp-json\/wp\/v2\/product_cat?post=2061"},{"taxonomy":"product_tag","embeddable":true,"href":"https:\/\/atelierdessoufflants.com\/index.php\/wp-json\/wp\/v2\/product_tag?post=2061"}],"curies":[{"name":"wp","href":"https:\/\/api.w.org\/{rel}","templated":true}]}}