{"id":2049,"date":"2025-10-22T12:34:14","date_gmt":"2025-10-22T10:34:14","guid":{"rendered":"https:\/\/atelierdessoufflants.shop\/?post_type=product&#038;p=2049"},"modified":"2025-10-22T12:37:02","modified_gmt":"2025-10-22T10:37:02","slug":"trombone-king-2b-liberty-pavillon-de-vernis-patine-coulisse-etat-neuf-tbe-embouchure-sac-a-dos","status":"publish","type":"product","link":"https:\/\/atelierdessoufflants.com\/index.php\/produit\/trombone-king-2b-liberty-pavillon-de-vernis-patine-coulisse-etat-neuf-tbe-embouchure-sac-a-dos\/","title":{"rendered":"trombone KING 2B \u00a0\u00bbLIBERTY\u00a0\u00bb Pavillon d\u00e9-vernis + PATINE [+coulisse \u00e9tat neuf TBE + embouchure + sac a dos]"},"content":{"rendered":"<p><strong>GAMME : PRO<\/strong><br \/>\n<strong>ANN\u00c9E : corps pavillon 50&rsquo;S-60&rsquo;s &amp; coulisse de jeu ann\u00e9e 2020-2021<br \/>\nN\u00b0S\u00c9RIE:<br \/>\n<\/strong><\/p>\n<p>Trombone King 2B \u00ab\u00a0LIBERTY\u00a0\u00bb, mod\u00e8le pro fabriqu\u00e9 au USA \u00e0 (Ohio) site Cleveland<br \/>\nenti\u00e8rement r\u00e9vis\u00e9\/contr\u00f4l\u00e9 et customis\u00e9 (patine non d\u00e9finitive) dans \u00e0 l&rsquo;atelier (nettoyage, graissage, cl\u00e9 d&rsquo;eau ok)<br \/>\ncoulisse moderne (neuve avec une l\u00e9g\u00e8re trace de griffure a l\u2019ext\u00e9rieur) mais en TBE g\u00e9n\u00e9ral et fonctionne parfaitement.<br \/>\nking 2B simple perce 12.47 mm<br \/>\nFourni avec embouchure \u00e9tat neuf 6.5 AL-S et huile Slide O MIx<br \/>\nLe trombone t\u00e9nor simple King 2102 Legend (2B), mod\u00e8le pro petite perce, utilis\u00e9 par de nombreux musiciens de vari\u00e9t\u00e9 et jazz \u00e0 travers le monde, un classique de chez King (USA)<\/p>\n<p>vendu avec embouchure gewa cup 6.5AL-S et \u00e9tui sac a dos Fusion en TBE<\/p>\n<p><strong>Caract\u00e9ristiques :<\/strong><br \/>\nperce :12,47 mm (S small)<br \/>\npavillon 187 mm pavillon laiton (petit)<br \/>\ncoulisse ext\u00e9rieure en maillechort<br \/>\ncoulisse int\u00e9rieure chrom\u00e9 dur<br \/>\nfinition Brut oxyd\u00e9 + patine maison<br \/>\nfabriqu\u00e9 dans Ohio (USA)<\/p>\n<p>&nbsp;<\/p>\n<p><strong>REMARQUES :<br \/>\nperce 2B : <\/strong>double ou simple perce 12.22\/ 12,47 mm (S small), pavillon 187mm<br \/>\n<strong>Perce 2B+ : <\/strong>12,77mm<strong>, <\/strong>pavillon 187mm<strong><br \/>\nperce 3B : <\/strong>12,90mm, pavillon 203 mm<strong><br \/>\nperce 3B+ : <\/strong>13,34mm, pavillon 203 mm<strong><br \/>\nperce 4B : <\/strong>13,89mm, pavillon 219mm<\/p>\n<p>&nbsp;<\/p>\n<p>Prix neuf: plus de 3000 euros<\/p>\n","protected":false},"excerpt":{"rendered":"<p>mod\u00e8le pro, mod\u00e8le toujours au catalogue King depuis les ann\u00e9es 50&rsquo;s, coulisse \u00e9tat neuve, le top pour le new ou petite formation, soliste<\/p>\n","protected":false},"featured_media":2078,"template":"","meta":[],"product_brand":[],"product_cat":[17,31,47],"product_tag":[],"class_list":{"0":"post-2049","1":"product","2":"type-product","3":"status-publish","4":"has-post-thumbnail","6":"product_cat-occasions","7":"product_cat-trombones","8":"product_cat-ventes","10":"first","11":"outofstock","12":"sold-individually","13":"shipping-taxable","14":"product-type-simple"},"_links":{"self":[{"href":"https:\/\/atelierdessoufflants.com\/index.php\/wp-json\/wp\/v2\/product\/2049","targetHints":{"allow":["GET"]}}],"collection":[{"href":"https:\/\/atelierdessoufflants.com\/index.php\/wp-json\/wp\/v2\/product"}],"about":[{"href":"https:\/\/atelierdessoufflants.com\/index.php\/wp-json\/wp\/v2\/types\/product"}],"wp:featuredmedia":[{"embeddable":true,"href":"https:\/\/atelierdessoufflants.com\/index.php\/wp-json\/wp\/v2\/media\/2078"}],"wp:attachment":[{"href":"https:\/\/atelierdessoufflants.com\/index.php\/wp-json\/wp\/v2\/media?parent=2049"}],"wp:term":[{"taxonomy":"product_brand","embeddable":true,"href":"https:\/\/atelierdessoufflants.com\/index.php\/wp-json\/wp\/v2\/product_brand?post=2049"},{"taxonomy":"product_cat","embeddable":true,"href":"https:\/\/atelierdessoufflants.com\/index.php\/wp-json\/wp\/v2\/product_cat?post=2049"},{"taxonomy":"product_tag","embeddable":true,"href":"https:\/\/atelierdessoufflants.com\/index.php\/wp-json\/wp\/v2\/product_tag?post=2049"}],"curies":[{"name":"wp","href":"https:\/\/api.w.org\/{rel}","templated":true}]}}