{"id":2030,"date":"2025-10-22T12:26:42","date_gmt":"2025-10-22T10:26:42","guid":{"rendered":"https:\/\/atelierdessoufflants.shop\/?post_type=product&#038;p=2030"},"modified":"2026-04-12T12:16:28","modified_gmt":"2026-04-12T10:16:28","slug":"trompette-basse-henri-selmer-paris-tonalite-ut-ultra-rare-bel-etat-embouchure-dorigine","status":"publish","type":"product","link":"https:\/\/atelierdessoufflants.com\/index.php\/produit\/trompette-basse-henri-selmer-paris-tonalite-ut-ultra-rare-bel-etat-embouchure-dorigine\/","title":{"rendered":"trompette BASSE HENRI SELMER PARIS tonalit\u00e9 UT [ULTRA RARE !!  BEL \u00c9TAT + EMBOUCHURE D&rsquo;ORIGINE]"},"content":{"rendered":"<p>GAMME : PRO<br \/>\nANNEE : XXXX<br \/>\nN\u00b0serie : XXXX<\/p>\n<p><strong>Valeur neuf environ XXX euros<br \/>\nGARANTIE 1 AN<\/strong><\/p>\n","protected":false},"excerpt":{"rendered":"<p>mod\u00e8le ultra rare, fabrication fran\u00e7aise ann\u00e9e 70, Wagneriste et amateurs de gros joujoux bienvenue !<\/p>\n","protected":false},"featured_media":2048,"template":"","meta":[],"product_brand":[],"product_cat":[17,98,38,47],"product_tag":[],"class_list":{"0":"post-2030","1":"product","2":"type-product","3":"status-publish","4":"has-post-thumbnail","6":"product_cat-occasions","7":"product_cat-trompettes-occasion-vendu","8":"product_cat-trompettes-cornets-bugle","9":"product_cat-ventes","11":"first","12":"outofstock","13":"sold-individually","14":"shipping-taxable","15":"product-type-simple"},"_links":{"self":[{"href":"https:\/\/atelierdessoufflants.com\/index.php\/wp-json\/wp\/v2\/product\/2030","targetHints":{"allow":["GET"]}}],"collection":[{"href":"https:\/\/atelierdessoufflants.com\/index.php\/wp-json\/wp\/v2\/product"}],"about":[{"href":"https:\/\/atelierdessoufflants.com\/index.php\/wp-json\/wp\/v2\/types\/product"}],"wp:featuredmedia":[{"embeddable":true,"href":"https:\/\/atelierdessoufflants.com\/index.php\/wp-json\/wp\/v2\/media\/2048"}],"wp:attachment":[{"href":"https:\/\/atelierdessoufflants.com\/index.php\/wp-json\/wp\/v2\/media?parent=2030"}],"wp:term":[{"taxonomy":"product_brand","embeddable":true,"href":"https:\/\/atelierdessoufflants.com\/index.php\/wp-json\/wp\/v2\/product_brand?post=2030"},{"taxonomy":"product_cat","embeddable":true,"href":"https:\/\/atelierdessoufflants.com\/index.php\/wp-json\/wp\/v2\/product_cat?post=2030"},{"taxonomy":"product_tag","embeddable":true,"href":"https:\/\/atelierdessoufflants.com\/index.php\/wp-json\/wp\/v2\/product_tag?post=2030"}],"curies":[{"name":"wp","href":"https:\/\/api.w.org\/{rel}","templated":true}]}}