{"id":1979,"date":"2026-04-09T12:05:53","date_gmt":"2026-04-09T10:05:53","guid":{"rendered":"https:\/\/atelierdessoufflants.shop\/?post_type=product&#038;p=1979"},"modified":"2026-04-09T22:37:41","modified_gmt":"2026-04-09T20:37:41","slug":"carol-brass-trompette-sib-ctr-pjl7l-jazz-lead-perce-ml-branche-inversee","status":"publish","type":"product","link":"https:\/\/atelierdessoufflants.com\/index.php\/produit\/carol-brass-trompette-sib-ctr-pjl7l-jazz-lead-perce-ml-branche-inversee\/","title":{"rendered":"CAROL BRASS  CTR-PJL7L TROMPETTE SIB [ PRO JAZZ LEAD perce ML, branche invers\u00e9e, pavillon laiton]\/\/\/EN COMMANDE\/\/\/"},"content":{"rendered":"<p><strong>GAMME : PRO<\/strong><br \/>\n<strong>ANN\u00c9E : 2025<\/strong><br \/>\n<strong>N\u00b0s\u00e9rie :<br \/>\n<\/strong><\/p>\n<p>trompette Sib CAROL BRASS mod\u00e8le <span class=\"product-fiche__reference\">CTR-PJL7L JAZZ LEAD<br \/>\ninstrument professionnel<\/span>, facilit\u00e9 et tr\u00e8s bonne projection, m\u00e9canique fiable et pr\u00e9cise.<\/p>\n<p><strong>CARACT\u00c9RISTIQUES :<\/strong><\/p>\n<p>Tonalit\u00e9: Bb<br \/>\nPerce: ML (0.460\u201d; 11.7mm)<br \/>\nbranche coulisse d&rsquo;accord: invers\u00e9e<br \/>\nPavillon laiton, bordure pavillon avec jonc<br \/>\nType pavillon: standard 37<br \/>\nDiam\u00e8tre pavillon: 5&Prime;, 127 mm<br \/>\nFinition : vernis<br \/>\nbranche embouchure:invers\u00e9 en laiton<br \/>\ncoulisses d&rsquo;accord: carr\u00e9e et\/ou arrondie<br \/>\nVis de blocage coulisse 3 \u00e8me<br \/>\nFourreau coulisse maillechort<\/p>\n<p><strong>LIVRE AVEC :<br \/>\n<\/strong><br \/>\n-\u00e9tui sac \u00e0 doc avec poches partitions grand format<br \/>\n-embouchure 3C<br \/>\n-2 coulisses d&rsquo;accord une arrondie et une carr\u00e9e<br \/>\n-3 boutons pistons suppl\u00e9mentaire<br \/>\n-chapeaux lourd suppl\u00e9mentaires sur demande<\/p>\n<p><a href=\"https:\/\/www.carolbrass.com\/show_products.aspx?getId=9A464C339A24D76A&amp;getId1=59C956552B3C38AE&amp;getId2=E5808218B9AEC4E2&amp;getId3=B5F4A698F5436B4E&amp;getId4=B80A6EB8261382B3\" target=\"_blank\" rel=\"noopener\">INFOS FABRICANT<\/a><\/p>\n<p><strong>\u00a0GARANTIE 1 AN<\/strong><\/p>\n","protected":false},"excerpt":{"rendered":"<p>mod\u00e8le pro, m\u00e9canique fiable et efficace,branche invers\u00e9e, perce ML<\/p>\n","protected":false},"featured_media":4919,"template":"","meta":[],"product_brand":[78],"product_cat":[40,29,86],"product_tag":[],"class_list":{"0":"post-1979","1":"product","2":"type-product","3":"status-publish","4":"has-post-thumbnail","6":"product_brand-carolbrass","7":"product_cat-neufs","8":"product_cat-trompettes","9":"product_cat-trompettes-neuf","11":"first","12":"onbackorder","13":"sale","14":"sold-individually","15":"shipping-taxable","16":"purchasable","17":"product-type-simple"},"_links":{"self":[{"href":"https:\/\/atelierdessoufflants.com\/index.php\/wp-json\/wp\/v2\/product\/1979","targetHints":{"allow":["GET"]}}],"collection":[{"href":"https:\/\/atelierdessoufflants.com\/index.php\/wp-json\/wp\/v2\/product"}],"about":[{"href":"https:\/\/atelierdessoufflants.com\/index.php\/wp-json\/wp\/v2\/types\/product"}],"wp:featuredmedia":[{"embeddable":true,"href":"https:\/\/atelierdessoufflants.com\/index.php\/wp-json\/wp\/v2\/media\/4919"}],"wp:attachment":[{"href":"https:\/\/atelierdessoufflants.com\/index.php\/wp-json\/wp\/v2\/media?parent=1979"}],"wp:term":[{"taxonomy":"product_brand","embeddable":true,"href":"https:\/\/atelierdessoufflants.com\/index.php\/wp-json\/wp\/v2\/product_brand?post=1979"},{"taxonomy":"product_cat","embeddable":true,"href":"https:\/\/atelierdessoufflants.com\/index.php\/wp-json\/wp\/v2\/product_cat?post=1979"},{"taxonomy":"product_tag","embeddable":true,"href":"https:\/\/atelierdessoufflants.com\/index.php\/wp-json\/wp\/v2\/product_tag?post=1979"}],"curies":[{"name":"wp","href":"https:\/\/api.w.org\/{rel}","templated":true}]}}